{"id":8709,"date":"2017-08-12T15:41:10","date_gmt":"2017-08-12T15:41:10","guid":{"rendered":"https:\/\/duracelllights.com\/startseite\/"},"modified":"2022-08-31T20:41:46","modified_gmt":"2022-08-31T20:41:46","slug":"startseite","status":"publish","type":"page","link":"https:\/\/duracelllights.com\/de\/","title":{"rendered":"Home"},"content":{"rendered":"<div class=\"wpb-content-wrapper\"><p>[vc_row full_height=&#8220;yes&#8220; font_color=&#8220;#000000&#8243; css=&#8220;.vc_custom_1626804523708{background-color: #232324 !important;background-position: center !important;background-repeat: no-repeat !important;background-size: cover !important;}&#8220;][vc_column]<style>.shortcode_getbowtied_slider .shortcode-slider-pagination .swiper-pagination-bullet.swiper-pagination-bullet-active:after{background-color: #000000;}<\/style>\r\n\r\n\t\t<div class=\"shortcode_getbowtied_slider swiper-container swiper-69e607ef42c91 full_height\" style=\" width: 100%\" data-autoplay=\"10\" data-id=\"69e607ef42c91\">\r\n\t\t\t<div class=\"swiper-wrapper\">\r\n\t\t\t\r\n\t\t\t<div class=\"swiper-slide center-align\"\r\n\t\t\tstyle=\t\"background: #CCCCCC url(https:\/\/duracelllights.com\/wp-content\/uploads\/2020\/09\/2S9A2010-2-1.jpg) center center no-repeat ;\r\n\t\t\t\t\t-webkit-background-size: cover;\r\n\t\t\t\t\t-moz-background-size: cover;\r\n\t\t\t\t\t-o-background-size: cover;\r\n\t\t\t\t\tbackground-size: cover;\r\n\t\t\t\t\tcolor: #ffffff\">\r\n\t\t\t\t\r\n\t\t\t\t<div class=\"slider-content\" data-swiper-parallax=\"-50%\">\r\n\t\t\t\t\t<div class=\"slider-content-wrapper\">\r\n\t\t\t\t\t\t<h2 class=\"primary_font\" style=\"color:#ffffff;font-size:64px;line-height: 64px\">F\u00fcr die h\u00e4rtesten Jobs...<\/h2>\r\n\t\t\t\t\t\t<p class=\"primary_font\" style=\"color:#ffffff;font-size:21px;line-height: 21px\">Duracell Lights unterst\u00fctzt Gewerbetreibende mit unseren Rabatten f\u00fcr Gro\u00dfbesteller.<\/p>\r\n\t\t\t\t\t\t<a class=\"button\" style=\"color:#ffffff !important;background: #c08b61 !important\" href=\"\/de\/rabatte-bei-grossbestellungen\/\">MENGENRABATT<\/a>\r\n\t\t\t\t\t<\/div>\r\n\t\t\t\t<\/div>\r\n\t\t\t<\/div>\r\n\t\t\t<div class=\"swiper-slide center-align\"\r\n\t\t\tstyle=\t\"background: #CCCCCC url(https:\/\/duracelllights.com\/wp-content\/uploads\/2021\/09\/Duracell.jpg) center center no-repeat ;\r\n\t\t\t\t\t-webkit-background-size: cover;\r\n\t\t\t\t\t-moz-background-size: cover;\r\n\t\t\t\t\t-o-background-size: cover;\r\n\t\t\t\t\tbackground-size: cover;\r\n\t\t\t\t\tcolor: #ffffff\">\r\n\t\t\t\t\r\n\t\t\t\t<div class=\"slider-content\" data-swiper-parallax=\"-50%\">\r\n\t\t\t\t\t<div class=\"slider-content-wrapper\">\r\n\t\t\t\t\t\t<h2 class=\"primary_font\" style=\"color:#ffffff;font-size:64px;line-height: 64px\">Sicherheit auch in schwierigen Zeiten<\/h2>\r\n\t\t\t\t\t\t<p class=\"primary_font\" style=\"color:#ffffff;font-size:21px;line-height: 21px\">Notf\u00e4lle bedeuten oft Dunkelheit. Von Stromausf\u00e4llen bis hin zu Autopannen - auf Duracell Lighting ist in jedem Notfall Verlass.<\/p>\r\n\t\t\t\t\t\t<a class=\"button\" style=\"color:#ffffff !important;background: #c08b61 !important\" href=\"\/de\/sammlungen-notfall\/\">ANSICHT NOTBELEUCHTUNG<\/a>\r\n\t\t\t\t\t<\/div>\r\n\t\t\t\t<\/div>\r\n\t\t\t<\/div>\r\n\t\t\t<\/div>\r\n\t\t\t\t<div style=\"color: #000000\" class=\"swiper-button-prev\"><i class=\"spk-icon spk-icon-left-arrow-thin-large\"><\/i><\/div>\r\n    \t\t\t<div style=\"color: #000000\" class=\"swiper-button-next\"><i class=\"spk-icon spk-icon-right-arrow-thin-large\"><\/i><\/div><\/div>[\/vc_column][\/vc_row][vc_row css=&#8220;.vc_custom_1623191183645{background-image: url(https:\/\/duracelllights.com\/wp-content\/uploads\/2020\/05\/Rectangle-17.png?id=2975) !important;}&#8220;][vc_column width=&#8220;1\/6&#8243;][\/vc_column][vc_column width=&#8220;2\/3&#8243;][vc_column_text el_class=&#8220;light-text&#8220;]<\/p>\n<h2 style=\"text-align: center;\">Eine Zusammenstellung von Kraft und Vertrauen<\/h2>\n<p style=\"text-align: center;\">Die Beleuchtungsartikel der Duracell-Familie sind f\u00fcr jede T\u00e4tigkeit auf Leistung, Effizienz und Benutzerfreundlichkeit ausgerichtet.<\/p>\n<p>[\/vc_column_text]<div class=\"row\"><div class=\"categories_grid\">\r\n\t\t\t<div class=\"category_five_cat_1\">\r\n\t\t\t\t<div class=\"category_grid_box\">\r\n\t\t\t\t\t<span class=\"category_item_bkg\" style=\"background-image:url(https:\/\/duracelllights.com\/wp-content\/uploads\/2020\/08\/camping2.jpg)\"><\/span>\r\n\t\t\t\t\t<a href=\"https:\/\/duracelllights.com\/de\/produkt-kategorie\/taschenlampen\/\" class=\"category_item\" >\r\n\t\t\t\t\t\t<span class=\"category_name\">Taschenlampen\t\t\t\t\t\t\t\t\t\t\t\t\t<\/span>\r\n\t\t\t\t\t<\/a>\r\n\t\t\t\t<\/div>\r\n\t\t\t<\/div>\r\n\r\n\t\t\t\r\n\t\t\t<div class=\"category_five_cat_2\">\r\n\t\t\t\t<div class=\"category_grid_box\">\r\n\t\t\t\t\t<span class=\"category_item_bkg\" style=\"background-image:url(https:\/\/duracelllights.com\/wp-content\/uploads\/2022\/08\/lantern-banner-1-1.jpeg)\"><\/span>\r\n\t\t\t\t\t<a href=\"https:\/\/duracelllights.com\/de\/produkt-kategorie\/laternen\/\" class=\"category_item\" >\r\n\t\t\t\t\t\t<span class=\"category_name\">Laternen\t\t\t\t\t\t\t\t\t\t\t\t\t<\/span>\r\n\t\t\t\t\t<\/a>\r\n\t\t\t\t<\/div>\r\n\t\t\t<\/div>\r\n\r\n\t\t\t\r\n\t\t\t<div class=\"category_five_cat_3\">\r\n\t\t\t\t<div class=\"category_grid_box\">\r\n\t\t\t\t\t<span class=\"category_item_bkg\" style=\"background-image:url(https:\/\/duracelllights.com\/wp-content\/uploads\/2020\/08\/headlamp-girl.jpg)\"><\/span>\r\n\t\t\t\t\t<a href=\"https:\/\/duracelllights.com\/de\/produkt-kategorie\/kopflampen\/\" class=\"category_item\" >\r\n\t\t\t\t\t\t<span class=\"category_name\">Kopflampen\t\t\t\t\t\t\t\t\t\t\t\t\t<\/span>\r\n\t\t\t\t\t<\/a>\r\n\t\t\t\t<\/div>\r\n\t\t\t<\/div>\r\n\r\n\t\t\t\r\n\t\t\t<div class=\"category_five_cat_4\">\r\n\t\t\t\t<div class=\"category_grid_box\">\r\n\t\t\t\t\t<span class=\"category_item_bkg\" style=\"background-image:url(https:\/\/duracelllights.com\/wp-content\/uploads\/2021\/02\/utility-lights-thumb.jpg)\"><\/span>\r\n\t\t\t\t\t<a href=\"https:\/\/duracelllights.com\/de\/produkt-kategorie\/nutzleuchte\/\" class=\"category_item\" >\r\n\t\t\t\t\t\t<span class=\"category_name\">Nutzleuchte\t\t\t\t\t\t\t\t\t\t\t\t\t<\/span>\r\n\t\t\t\t\t<\/a>\r\n\t\t\t\t<\/div>\r\n\t\t\t<\/div>\r\n\r\n\t\t\t\r\n\t\t\t<div class=\"category_five_cat_5\">\r\n\t\t\t\t<div class=\"category_grid_box\">\r\n\t\t\t\t\t<span class=\"category_item_bkg\" style=\"background-image:url(https:\/\/duracelllights.com\/wp-content\/uploads\/2021\/07\/7227-DF200-7210-DL500-6744-1.jpg)\"><\/span>\r\n\t\t\t\t\t<a href=\"https:\/\/duracelllights.com\/de\/produkt-kategorie\/h2o-beleuchtung\/\" class=\"category_item\" >\r\n\t\t\t\t\t\t<span class=\"category_name\">H20-Beleuchtung\t\t\t\t\t\t\t\t\t\t\t\t\t<\/span>\r\n\t\t\t\t\t<\/a>\r\n\t\t\t\t<\/div>\r\n\t\t\t<\/div>\r\n\r\n\t\t\t\r\n\t\t\t<div class=\"clearfix\"><\/div>\r\n\r\n\t\t<\/div><\/div>[\/vc_column][vc_column width=&#8220;1\/6&#8243;][\/vc_column][\/vc_row][vc_row css=&#8220;.vc_custom_1626804306393{padding-top: 50px !important;padding-bottom: 50px !important;}&#8220;][vc_column width=&#8220;1\/4&#8243; offset=&#8220;vc_hidden-xs&#8220;][\/vc_column][vc_column width=&#8220;1\/2&#8243;][vc_column_text]<\/p>\n<h2 style=\"text-align: center;\">Abenteuer zu jeder Zeit<\/h2>\n<p>[\/vc_column_text][vc_video link=&#8220;https:\/\/player.vimeo.com\/video\/579552417?h=81c896b97f&#8220; align=&#8220;center&#8220; css=&#8220;.vc_custom_1661891867775{padding-right: 20px !important;padding-left: 20px !important;}&#8220;][\/vc_column][vc_column width=&#8220;1\/4&#8243; offset=&#8220;vc_hidden-xs&#8220;][\/vc_column][\/vc_row][vc_row][vc_column offset=&#8220;vc_hidden-xs&#8220;][vc_row_inner][vc_column_inner width=&#8220;1\/3&#8243;][vc_column_text]<\/p>\n<h2 style=\"text-align: center;\">Haltbarkeit<\/h2>\n<p>[\/vc_column_text][\/vc_column_inner][vc_column_inner width=&#8220;1\/3&#8243;][vc_column_text]<\/p>\n<h2 style=\"text-align: center;\">Innovation<\/h2>\n<p>[\/vc_column_text][\/vc_column_inner][vc_column_inner width=&#8220;1\/3&#8243;][vc_column_text]<\/p>\n<h2 style=\"text-align: center;\">Leistung<\/h2>\n<p>[\/vc_column_text][\/vc_column_inner][\/vc_row_inner][vc_row_inner][vc_column_inner width=&#8220;1\/3&#8243; css=&#8220;.vc_custom_1629219264087{background-image: url(https:\/\/duracelllights.com\/wp-content\/uploads\/2020\/07\/duracell-inventory-2.jpg?id=4525) !important;background-position: center !important;background-repeat: no-repeat !important;background-size: cover !important;}&#8220;][vc_empty_space height=&#8220;400px&#8220;][\/vc_column_inner][vc_column_inner width=&#8220;1\/3&#8243; css=&#8220;.vc_custom_1629226778739{background-image: url(https:\/\/duracelllights.com\/wp-content\/uploads\/2020\/08\/large-image-e1601410664826.jpg?id=3790) !important;}&#8220;][vc_empty_space height=&#8220;400px&#8220;][\/vc_column_inner][vc_column_inner width=&#8220;1\/3&#8243; css=&#8220;.vc_custom_1629226803210{background-image: url(https:\/\/duracelllights.com\/wp-content\/uploads\/2021\/07\/7227-DF200-7210-DL500-6780-2.jpg?id=4615) !important;}&#8220;][vc_empty_space height=&#8220;400px&#8220;][\/vc_column_inner][\/vc_row_inner][vc_row_inner][vc_column_inner width=&#8220;1\/3&#8243;][vc_column_text css=&#8220;.vc_custom_1634231667147{padding-top: 20px !important;}&#8220;]<\/p>\n<h5 style=\"text-align: center;\">Duracell-Taschenlampen werden aus Flugzeugaluminium hergestellt, das unsere Lampen leicht und langlebig macht.<\/h5>\n<p>[\/vc_column_text][\/vc_column_inner][vc_column_inner width=&#8220;1\/3&#8243; css=&#8220;.vc_custom_1629223193917{padding-top: 20px !important;}&#8220;][vc_column_text]<\/p>\n<h5 style=\"text-align: center;\">Die Duracell-Lichtserie nutzt die Infinity X1-Technologie zur Maximierung der Gesamtlichtleistung bei zugleich geringstm\u00f6glicher Leistungsabgabe.<\/h5>\n<p>[\/vc_column_text][\/vc_column_inner][vc_column_inner width=&#8220;1\/3&#8243; css=&#8220;.vc_custom_1629223199850{padding-top: 20px !important;}&#8220;][vc_column_text]<\/p>\n<h5 style=\"text-align: center;\">Beleuchtung bis zu: 2500 Lumen, 22 Stunden Betriebsdauer und 150 m Leuchtweite.<\/h5>\n<p>[\/vc_column_text][\/vc_column_inner][\/vc_row_inner][\/vc_column][\/vc_row][vc_row][vc_column offset=&#8220;vc_hidden-lg vc_hidden-md vc_hidden-sm&#8220;][vc_row_inner][vc_column_inner][vc_column_text]<\/p>\n<h2 style=\"text-align: center;\">Haltbarkeit<\/h2>\n<p>[\/vc_column_text][vc_single_image image=&#8220;9378&#8243; img_size=&#8220;full&#8220; alignment=&#8220;center&#8220; css=&#8220;.vc_custom_1629226770918{padding-right: 20px !important;padding-left: 20px !important;}&#8220;][vc_column_text css=&#8220;.vc_custom_1634141801343{padding-top: 20px !important;}&#8220;]<\/p>\n<h5 style=\"text-align: center;\">Duracell-Taschenlampen werden aus Flugzeugaluminium hergestellt, das unsere Lampen leicht und langlebig macht.<\/h5>\n<p>[\/vc_column_text][vc_column_text]<\/p>\n<h2 style=\"text-align: center;\">Innovation<\/h2>\n<p>[\/vc_column_text][vc_single_image image=&#8220;8719&#8243; img_size=&#8220;full&#8220; alignment=&#8220;center&#8220; css=&#8220;.vc_custom_1629226794678{padding-right: 20px !important;padding-left: 20px !important;}&#8220;][vc_column_text]<\/p>\n<h5 style=\"text-align: center;\">Die Duracell-Lichtserie nutzt die Infinity X1-Technologie zur Maximierung der Gesamtlichtleistung bei zugleich geringstm\u00f6glicher Leistungsabgabe.<\/h5>\n<p>[\/vc_column_text][vc_column_text]<\/p>\n<h2 style=\"text-align: center;\">Leistung<\/h2>\n<p>[\/vc_column_text][vc_single_image image=&#8220;11498&#8243; img_size=&#8220;full&#8220; alignment=&#8220;center&#8220; css=&#8220;.vc_custom_1629226822039{padding-right: 20px !important;padding-left: 20px !important;}&#8220;][vc_column_text]<\/p>\n<h5 style=\"text-align: center;\">Beleuchtung bis zu: 2500 Lumen, 22 Stunden Betriebsdauer und 150 m Leuchtweite.<\/h5>\n<p>[\/vc_column_text][\/vc_column_inner][\/vc_row_inner][\/vc_column][\/vc_row][vc_row css=&#8220;.vc_custom_1629223226459{padding-top: 50px !important;padding-bottom: 50px !important;}&#8220;][vc_column][vc_row_inner][vc_column_inner css=&#8220;.vc_custom_1629226200297{padding-right: 20px !important;padding-left: 20px !important;}&#8220;][vc_custom_heading text=&#8220;Unsere Qualit\u00e4t spricht f\u00fcr sich selbst&#8220; font_container=&#8220;tag:h2|text_align:center&#8220; use_theme_fonts=&#8220;yes&#8220; css=&#8220;.vc_custom_1626361566874{padding-bottom: 20px !important;}&#8220;][\/vc_column_inner][\/vc_row_inner][vc_row_inner gap=&#8220;25&#8243; css=&#8220;.vc_custom_1626361598912{padding-right: 4% !important;padding-left: 4% !important;}&#8220;][vc_column_inner width=&#8220;1\/4&#8243;][vc_single_image image=&#8220;11468&#8243; img_size=&#8220;full&#8220; alignment=&#8220;center&#8220;][vc_column_text]<\/p>\n<h5 style=\"text-align: center;\">\u201eDas ist die beste Taschenlampe, die ich in meinen 79 Jahren je hatte. Ich kann sie jedem, der eine neue Taschenlampe sucht, absolut empfehlen. Sie ist klein, leicht und enorm stark.\u201c<\/h5>\n<p style=\"text-align: center;\">Dorothy G.<\/p>\n<p>[\/vc_column_text][\/vc_column_inner][vc_column_inner width=&#8220;1\/4&#8243;][vc_single_image image=&#8220;11468&#8243; img_size=&#8220;full&#8220; alignment=&#8220;center&#8220;][vc_column_text]<\/p>\n<h5 style=\"text-align: center;\">\u201eIch war sehr beeindruckt von der Qualit\u00e4t der Stirnlampe und vom Band. Wirklich wie zwei Leuchten und egal mit welcher Hand einfach zu bedienen. Ich war \u00fcberrascht, wie sehr ich die Kippfunktion mochte. Strahlt wirklich starkes Licht ab, vor allem wenn es drumherum stockdunkel ist.\u201c<\/h5>\n<p style=\"text-align: center;\">Andrew B.<\/p>\n<p>[\/vc_column_text][\/vc_column_inner][vc_column_inner width=&#8220;1\/4&#8243;][vc_single_image image=&#8220;11468&#8243; img_size=&#8220;full&#8220; alignment=&#8220;center&#8220;][vc_column_text]<\/p>\n<h5 style=\"text-align: center;\">\u201eDies ist ein sehr effektives Kopfband, guter Riemen, ausgezeichnete Beleuchtung, einfach zuverl\u00e4ssig und noch dazu sehr bequem am Kopf. Von mir gibt es zwei Daumen hoch.&#8220;<\/h5>\n<p style=\"text-align: center;\">Dennis P.<\/p>\n<p>[\/vc_column_text][\/vc_column_inner][vc_column_inner width=&#8220;1\/4&#8243;][vc_single_image image=&#8220;11468&#8243; img_size=&#8220;full&#8220; alignment=&#8220;center&#8220;][vc_column_text]<\/p>\n<h5 style=\"text-align: center;\">\u201eMit einem Wort: Wow! Dies ist die beste Taschenlampe in meinem ganzen Leben. Ich habe ein 3-Zellen-Mag-Light und die Duracell bl\u00e4st es weg. Stabil gebaut, genau wie ich es erwartet habe. Ich werde mir noch eine zulegen.\u201c<\/h5>\n<p style=\"text-align: center;\">Troy F.<\/p>\n<p>[\/vc_column_text][\/vc_column_inner][\/vc_row_inner][\/vc_column][\/vc_row][vc_row][vc_column][vc_row_inner css=&#8220;.vc_custom_1601407869486{background-image: url(https:\/\/duracelllights.com\/wp-content\/uploads\/2020\/08\/Find-Your-Path.jpg?id=3781) !important;background-position: center !important;background-repeat: no-repeat !important;background-size: cover !important;}&#8220;][vc_column_inner css=&#8220;.vc_custom_1628792481299{margin-bottom: 10% !important;}&#8220;][vc_column_text css=&#8220;.vc_custom_1601485148180{padding-top: 15% !important;padding-right: 15% !important;padding-bottom: 5% !important;padding-left: 15% !important;}&#8220; el_class=&#8220;light-text&#8220;]<\/p>\n<h2 style=\"text-align: center;\"><span style=\"font-size: calc(2.25rem + ((1vw - 3.75px) * 4.1315)); line-height: 120%; text-transform: uppercase;\">Wo gehen Sie als n\u00e4chstes auf Entdeckertour?<\/span><\/h2>\n<p>[\/vc_column_text][vc_btn title=&#8220;Gesch\u00e4ft&#8220; style=&#8220;custom&#8220; custom_background=&#8220;#c08b61&#8243; custom_text=&#8220;#ffffff&#8220; shape=&#8220;square&#8220; size=&#8220;lg&#8220; align=&#8220;center&#8220; css=&#8220;.vc_custom_1661978498484{padding-top: 18px !important;padding-right: 1em !important;padding-bottom: 18px !important;padding-left: 1em !important;}&#8220; link=&#8220;url:%2Fde%2Falle-produkte-einkaufen%2F|title:Alle%20Produkte%20einkaufen&#8220; el_class=&#8220;duracell-shop-btn&#8220;][\/vc_column_inner][\/vc_row_inner][\/vc_column][\/vc_row]<\/p>\n<\/div>","protected":false},"excerpt":{"rendered":"<p>[vc_row full_height=&#8220;yes&#8220; font_color=&#8220;#000000&#8243; css=&#8220;.vc_custom_1626804523708{background-color: #232324 !important;background-position: center !important;background-repeat: no-repeat !important;background-size: cover !important;}&#8220;][vc_column][\/vc_column][\/vc_row][vc_row css=&#8220;.vc_custom_1623191183645{background-image: url(https:\/\/duracelllights.com\/wp-content\/uploads\/2020\/05\/Rectangle-17.png?id=2975) !important;}&#8220;][vc_column width=&#8220;1\/6&#8243;][\/vc_column][vc_column width=&#8220;2\/3&#8243;][vc_column_text el_class=&#8220;light-text&#8220;] Eine Zusammenstellung von Kraft und Vertrauen Die Beleuchtungsartikel der Duracell-Familie sind f\u00fcr jede T\u00e4tigkeit auf Leistung, Effizienz und Benutzerfreundlichkeit ausgerichtet. [\/vc_column_text][\/vc_column][vc_column width=&#8220;1\/6&#8243;][\/vc_column][\/vc_row][vc_row css=&#8220;.vc_custom_1626804306393{padding-top: 50px !important;padding-bottom: 50px !important;}&#8220;][vc_column width=&#8220;1\/4&#8243; offset=&#8220;vc_hidden-xs&#8220;][\/vc_column][vc_column width=&#8220;1\/2&#8243;][vc_column_text] Abenteuer zu jeder Zeit [\/vc_column_text][vc_video link=&#8220;https:\/\/player.vimeo.com\/video\/579552417?h=81c896b97f&#8220; align=&#8220;center&#8220; [&hellip;]<\/p>\n","protected":false},"author":4,"featured_media":0,"parent":0,"menu_order":0,"comment_status":"closed","ping_status":"closed","template":"page-full-width.php","meta":{"_acf_changed":false,"footnotes":""},"class_list":["post-8709","page","type-page","status-publish","hentry"],"acf":[],"_links":{"self":[{"href":"https:\/\/duracelllights.com\/de\/wp-json\/wp\/v2\/pages\/8709","targetHints":{"allow":["GET"]}}],"collection":[{"href":"https:\/\/duracelllights.com\/de\/wp-json\/wp\/v2\/pages"}],"about":[{"href":"https:\/\/duracelllights.com\/de\/wp-json\/wp\/v2\/types\/page"}],"author":[{"embeddable":true,"href":"https:\/\/duracelllights.com\/de\/wp-json\/wp\/v2\/users\/4"}],"replies":[{"embeddable":true,"href":"https:\/\/duracelllights.com\/de\/wp-json\/wp\/v2\/comments?post=8709"}],"version-history":[{"count":0,"href":"https:\/\/duracelllights.com\/de\/wp-json\/wp\/v2\/pages\/8709\/revisions"}],"wp:attachment":[{"href":"https:\/\/duracelllights.com\/de\/wp-json\/wp\/v2\/media?parent=8709"}],"curies":[{"name":"wp","href":"https:\/\/api.w.org\/{rel}","templated":true}]}}