{"id":9358,"date":"2021-11-12T20:23:36","date_gmt":"2021-11-12T20:23:36","guid":{"rendered":"https:\/\/duracelllights.com\/werden-sie-ein-partner\/"},"modified":"2022-08-30T19:25:32","modified_gmt":"2022-08-30T19:25:32","slug":"partner-werden","status":"publish","type":"page","link":"https:\/\/duracelllights.com\/de\/partner-werden\/","title":{"rendered":"Partner werden"},"content":{"rendered":"<div class=\"wpb-content-wrapper\"><p>[vc_row][vc_column width=&#8220;1\/2&#8243;][vc_empty_space][vc_column_text]<\/p>\n<h4>Verdienen Sie 14% Kommission f\u00fcr jede Empfehlung<\/h4>\n<p>[\/vc_column_text][vc_column_text]Falls Sie zu unserem Partnerprogramm zugelassen werden, erhalten Sie Zugang zu unserem Partnerzentrum, wo Sie Partnerlinks erstellen und Provisionen f\u00fcr alle auf duracelllights.com aufgef\u00fchrten Produkte verdienen k\u00f6nnen[\/vc_column_text][vc_empty_space][\/vc_column][vc_column width=&#8220;1\/2&#8243;][vc_empty_space][vc_empty_space][vc_icon icon_fontawesome=&#8220;fas fa-hand-holding-usd&#8220; color=&#8220;orange&#8220; size=&#8220;xl&#8220; align=&#8220;center&#8220;][\/vc_column][\/vc_row][vc_row][vc_column width=&#8220;1\/2&#8243;][vc_icon icon_fontawesome=&#8220;fas fa-bullhorn&#8220; color=&#8220;black&#8220; size=&#8220;xl&#8220; align=&#8220;center&#8220;][\/vc_column][vc_column width=&#8220;1\/2&#8243;][vc_column_text]<\/p>\n<h4>Zugang zu exklusiven Promos<\/h4>\n<p>[\/vc_column_text][vc_column_text]Ihr Publikum wird es lieben, Zugang zu exklusiven Werbeaktionen zu erhalten, die wir jeden Monat an unser Partnernetzwerk senden. Preisnachl\u00e4sse auf Produkte, Muster und mehr.[\/vc_column_text][vc_empty_space][\/vc_column][\/vc_row][vc_row][vc_column width=&#8220;1\/2&#8243;][vc_column_text]<\/p>\n<h4>W\u00f6chentliche Auszahlung<\/h4>\n<p>[\/vc_column_text][vc_column_text]Wir zahlen alle unsere Partner, die mehr als $10 an Provisionen verdient haben, jeden Donnerstag um 16 Uhr CT aus. Auszahlung \u00fcber Paypal.<\/p>\n<p>&nbsp;<\/p>\n<p>60 Tage Cookie. $70 durchschnittlicher Bestellwert[\/vc_column_text][\/vc_column][vc_column width=&#8220;1\/2&#8243;][vc_icon icon_fontawesome=&#8220;fas fa-money-bill-wave&#8220; color=&#8220;orange&#8220; size=&#8220;xl&#8220; align=&#8220;center&#8220;][\/vc_column][\/vc_row][vc_row][vc_column][vc_empty_space][vc_column_text]<\/p>\n<h4 style=\"text-align: center;\">Heute bewerben<\/h4>\n<p>[\/vc_column_text][vc_btn title=&#8220;Affiliate Bewerbung&#8220; color=&#8220;orange&#8220; align=&#8220;center&#8220; link=&#8220;url:https%3A%2F%2Fduracelllights.com%2Faffiliate-area%2F|title:Partnerbereich|&#8220;][\/vc_column][\/vc_row][vc_row][vc_column][vc_empty_space][vc_empty_space][vc_empty_space][\/vc_column][\/vc_row]<\/p>\n<\/div>","protected":false},"excerpt":{"rendered":"<p>[vc_row][vc_column width=&#8220;1\/2&#8243;][vc_empty_space][vc_column_text] Verdienen Sie 14% Kommission f\u00fcr jede Empfehlung [\/vc_column_text][vc_column_text]Falls Sie zu unserem Partnerprogramm zugelassen werden, erhalten Sie Zugang zu unserem Partnerzentrum, wo Sie Partnerlinks erstellen und Provisionen f\u00fcr alle auf duracelllights.com aufgef\u00fchrten Produkte verdienen k\u00f6nnen[\/vc_column_text][vc_empty_space][\/vc_column][vc_column width=&#8220;1\/2&#8243;][vc_empty_space][vc_empty_space][vc_icon icon_fontawesome=&#8220;fas fa-hand-holding-usd&#8220; color=&#8220;orange&#8220; size=&#8220;xl&#8220; align=&#8220;center&#8220;][\/vc_column][\/vc_row][vc_row][vc_column width=&#8220;1\/2&#8243;][vc_icon icon_fontawesome=&#8220;fas fa-bullhorn&#8220; color=&#8220;black&#8220; size=&#8220;xl&#8220; align=&#8220;center&#8220;][\/vc_column][vc_column width=&#8220;1\/2&#8243;][vc_column_text] Zugang zu exklusiven Promos [\/vc_column_text][vc_column_text]Ihr Publikum [&hellip;]<\/p>\n","protected":false},"author":42,"featured_media":0,"parent":0,"menu_order":0,"comment_status":"closed","ping_status":"closed","template":"","meta":{"_acf_changed":false,"footnotes":""},"class_list":["post-9358","page","type-page","status-publish","hentry"],"acf":[],"_links":{"self":[{"href":"https:\/\/duracelllights.com\/de\/wp-json\/wp\/v2\/pages\/9358","targetHints":{"allow":["GET"]}}],"collection":[{"href":"https:\/\/duracelllights.com\/de\/wp-json\/wp\/v2\/pages"}],"about":[{"href":"https:\/\/duracelllights.com\/de\/wp-json\/wp\/v2\/types\/page"}],"author":[{"embeddable":true,"href":"https:\/\/duracelllights.com\/de\/wp-json\/wp\/v2\/users\/42"}],"replies":[{"embeddable":true,"href":"https:\/\/duracelllights.com\/de\/wp-json\/wp\/v2\/comments?post=9358"}],"version-history":[{"count":0,"href":"https:\/\/duracelllights.com\/de\/wp-json\/wp\/v2\/pages\/9358\/revisions"}],"wp:attachment":[{"href":"https:\/\/duracelllights.com\/de\/wp-json\/wp\/v2\/media?parent=9358"}],"curies":[{"name":"wp","href":"https:\/\/api.w.org\/{rel}","templated":true}]}}