{"id":9368,"date":"2020-05-14T15:03:44","date_gmt":"2020-05-14T15:03:44","guid":{"rendered":"https:\/\/duracelllights.com\/datenschutzrichtlinie\/"},"modified":"2022-08-25T19:03:49","modified_gmt":"2022-08-25T19:03:49","slug":"datenschutzrichtlinie","status":"publish","type":"page","link":"https:\/\/duracelllights.com\/de\/datenschutzrichtlinie\/","title":{"rendered":"Datenschutzrichtlinie"},"content":{"rendered":"<div class=\"wpb-content-wrapper\"><p>[vc_row][vc_column][vc_empty_space height=&#8220;100px&#8220;][vc_column_text]<\/p>\n<h2>Datenschutzrichtlinie + Allgemeine Gesch\u00e4ftsbedingungen<\/h2>\n<p>Duracell Lights Datenschutzrichtlinie<\/p>\n<p>Aktualisiert am: 6-18-2021<\/p>\n<p>Diese Datenschutzrichtlinie (&#8222;Richtlinie&#8220;) soll Ihnen helfen zu verstehen, wie [INIFINITY X1 LEGAL ENTITY NAME d\/b\/a DURACELL LIGHTS] (&#8222;wir&#8220;, &#8222;wir&#8220;, &#8222;unser&#8220;) die Daten, die Sie uns beim Besuch und der Nutzung von https:\/\/www.duracelllights.com (&#8222;Website&#8220;, &#8222;Service&#8220;) zur Verf\u00fcgung stellen, verwendet und sch\u00fctzt. Die \u00fcber die Website gesammelten Informationen werden von INIFINITY X1 LEGAL ENTITY NAME d\/b\/a DURACELL LIGHTS] (&#8222;und hat seinen Hauptsitz in den Vereinigten Staaten, und die Postanschrift lautet [3525 Del Mar Heights Road, Suite 867, San Diego, CA 92130].<\/p>\n<p>Wir behalten uns das Recht vor, diese Richtlinie jederzeit zu \u00e4ndern, wor\u00fcber Sie umgehend informiert werden. Wenn Sie sicherstellen wollen, dass Sie \u00fcber die neuesten \u00c4nderungen auf dem Laufenden sind, empfehlen wir Ihnen, diese Seite regelm\u00e4\u00dfig zu besuchen. Bitte lesen Sie diese Richtlinie sorgf\u00e4ltig durch. Wenn Sie mit dieser Richtlinie nicht einverstanden sind, nutzen Sie die Website bitte nicht.<\/p>\n<p><strong>Welche Benutzerdaten Wir Sammeln<\/strong><\/p>\n<p>Wenn Sie die Website besuchen, k\u00f6nnen wir die folgenden Daten erfassen:<\/p>\n<ul>\n<li>Ihre IP-Adresse, Browser-Eigenschaften, Ger\u00e4te-IDs, Betriebssysteme, das Bundesland und das Land, von dem aus Sie auf die Website zugegriffen haben, verweisende und verlassende Seiten und URLs, Plattformtyp, Anzahl Ihrer Klicks, Dom\u00e4nennamen, Zielseiten, aufgerufene Seiten, die auf diesen Seiten verbrachte Zeit, das Datum und die Uhrzeit, zu der Sie die Website genutzt haben, Spracheinstellungen und \u00e4hnliche Informationen.<\/li>\n<li>Standortinformationen: Wenn Sie die Website nutzen, erfassen wir und unsere Dienstanbieter allgemeine Standortinformationen von Ihrem Computer oder Mobilger\u00e4t. \u201eAllgemeine\u201c Standortinformationen sind Informationen \u00fcber die Stadt und das Bundesland, in dem sich Ihr Ger\u00e4t befindet, basierend auf der IP-Adresse.<\/li>\n<li>Ihre Kontaktinformationen und Ihre E-Mail-Adresse, wenn Sie diese per Kontaktformular auf der Website, bei Gewinnspielen oder Wettbewerben angegeben haben. Falls Sie uns auf Facebook, Instagram oder anderen Social-Media-Seiten \u201eliken\u201c oder \u201efolgen\u201c, k\u00f6nnen wir einige Informationen von Ihnen erfassen, darunter Ihren Namen, Ihre E-Mail-Adresse und alle Kommentare oder Inhalte, die Sie f\u00fcr uns ver\u00f6ffentlichen. Au\u00dferdem erfassen wir Ihre Daten, wenn Sie sich f\u00fcr eine unserer Werbeaktionen anmelden oder uns Informationen \u00fcber soziale Medien \u00fcbermitteln.<\/li>\n<li>Andere Informationen wie Interessen und Vorlieben.<\/li>\n<li>Datenprofil \u00fcber Ihr Online-Verhalten auf unserer Website, einschlie\u00dflich des Transaktionsverlaufs.<\/li>\n<\/ul>\n<p><strong>Wie wir Ihre Daten Verwenden<\/strong><\/p>\n<p>Wir sammeln Ihre Daten aus mehreren Gr\u00fcnden:<\/p>\n<ul>\n<li>Um Ihre Bed\u00fcrfnisse besser zu verstehen.<\/li>\n<li>Um unsere Dienstleistungen und Produkte zu verbessern.<\/li>\n<li>Zur Anpassung unserer Website an Ihr Online-Verhalten und Ihre pers\u00f6nlichen Pr\u00e4ferenzen.<\/li>\n<li>Um Ihre Informationsanfragen zu beantworten und Ihnen einen effizienteren Kundenservice zu bieten.<\/li>\n<li>Zur Durchf\u00fchrung interner Gesch\u00e4ftsvorg\u00e4nge zur Unterst\u00fctzung unserer Website, wie z. B. Vertrieb und Marketing, Analyse sowie Forschung und Entwicklung.<\/li>\n<li>Anpassung von Inhalten, Einstellungen und Werbung auf der Website und anderen Diensten<\/li>\n<li>Wir k\u00f6nnen auch alle \u00fcber die Website gesammelten Informationen zusammenfassen, de-identifizieren und\/oder anonymisieren, so dass wir die Informationen nicht mit Ihnen oder Ihrem Ger\u00e4t in Verbindung bringen k\u00f6nnen. Wir k\u00f6nnen solche zusammengefassten, de-identifizierten oder anonymen Informationen f\u00fcr jeden Zweck verwenden, einschlie\u00dflich und ohne Einschr\u00e4nkung f\u00fcr Forschungs- und Marketingzwecke.<\/li>\n<\/ul>\n<p><strong>Schutz und Sicherung der Daten<\/strong><\/p>\n<p>Wir haben alles in unserer Macht Stehende getan, um Datendiebstahl, unbefugten Zugriff und Offenlegung zu verhindern, indem wir die neuesten Technologien und Software implementiert haben, die uns helfen, alle von uns online erfassten Informationen zu sch\u00fctzen.<\/p>\n<p><strong>Links zu anderen Websites<\/strong><\/p>\n<p>Unsere Website enth\u00e4lt Links, die zu anderen Websites f\u00fchren. Wenn Sie auf diese Links klicken, ist Duracell Lights nicht f\u00fcr den Schutz Ihrer Daten und Ihrer Privatsph\u00e4re verantwortlich. Der Besuch dieser Websites unterliegt nicht dieser Datenschutzrichtlinie. Lesen Sie unbedingt die Datenschutzrichtlinien der Website, auf die Sie von unserer Website aus gehen.<\/p>\n<p><strong>Wie wir Ihre pers\u00f6nlichen Daten weitergeben und offenlegen<\/strong><\/p>\n<p>Duracell Lights wird die Informationen, die wir von Ihnen sammeln, weder vermieten noch verkaufen. Duracell Lights kann die Informationen f\u00fcr die folgenden gesch\u00e4ftlichen und betrieblichen Zwecke an unsere Dienstleister weitergeben:<\/p>\n<ul>\n<li><em>Anbieter von Dienstleistungen<\/em>: Wir gew\u00e4hren ausgew\u00e4hlten Dritten, die in unserem Auftrag Dienstleistungen erbringen, wie z. B. Vertrieb, Marketing, Produktinhalte und -funktionen, Werbung, Analysen, Forschung, Kundendienst und juristische Dienstleistungen, Zugang zu Ihren Daten oder geben diese an sie weiter.<\/li>\n<li><em>Gesch\u00e4ftszwecke<\/em>: Wir k\u00f6nnen die in dieser Datenschutzrichtlinie genannten Kategorien personenbezogener Daten \u00fcber unsere kalifornischen Kunden f\u00fcr unsere betrieblichen Zwecke offenlegen, wenn die Verwendung dieser personenbezogenen Daten vern\u00fcnftigerweise notwendig und verh\u00e4ltnism\u00e4\u00dfig ist, um den betrieblichen Zweck zu erreichen, f\u00fcr den die personenbezogenen Daten erhoben oder verarbeitet wurden, oder f\u00fcr einen anderen betrieblichen Zweck, der mit dem Kontext, in dem die personenbezogenen Daten erhoben wurden, vereinbar ist.<\/li>\n<\/ul>\n<p><strong>Aufbewahrung Ihrer pers\u00f6nlichen Daten<\/strong><\/p>\n<p>Wir bewahren Ihre Daten nicht l\u00e4nger auf, als es f\u00fcr die Zwecke, f\u00fcr die sie verarbeitet werden, erforderlich ist. Die Dauer der Aufbewahrung von Daten h\u00e4ngt von den Zwecken ab, f\u00fcr die sie gesammelt und verwendet werden, und\/oder von der Einhaltung der geltenden Gesetze.<\/p>\n<p><strong>Marketing<\/strong><\/p>\n<p>Wenn es uns rechtlich erlaubt ist, Ihnen in Ihrer Gerichtsbarkeit (aufgrund unserer Beziehung zu Ihnen, Ihrer Zustimmung oder geltendem Recht) Marketing-Mitteilungen zu senden, k\u00f6nnen Sie uns untersagen, Ihre Kontaktdaten zu verwenden, um Sie per E-Mail, Post oder Telefon \u00fcber Produkte, Dienstleistungen, Werbeaktionen und besondere Veranstaltungen zu informieren, die Ihren Interessen entsprechen k\u00f6nnten, indem Sie uns unter den unten angegebenen Informationen kontaktieren. Bitte beachten Sie, dass wir unabh\u00e4ngig von Ihrer Anfrage bestimmte Informationen verwenden und weitergeben k\u00f6nnen, wie es diese Datenschutzrichtlinie erlaubt oder wie es das geltende Recht verlangt. So k\u00f6nnen Sie beispielsweise bestimmte betriebliche E-Mails nicht abbestellen, z. B. solche, die unsere Beziehung zu Ihnen widerspiegeln.<\/p>\n<p><strong>Kinderrichtlinie<\/strong><\/p>\n<p>Die Dienstleistungen sind f\u00fcr ein allgemeines Publikum und nicht f\u00fcr Kinder bestimmt. Falls wir Kenntnis davon erlangen, dass wir ohne elterliche Zustimmung \u201epersonenbezogene Daten\u201c (gem\u00e4\u00df der Definition des United States Children&#8217;s Online Privacy Protection Act) von Kindern unter 13 Jahren oder von Kindern unter 16 Jahren mit Wohnsitz in der EU erfasst haben, werden wir angemessene Ma\u00dfnahmen ergreifen, um diese so schnell wie m\u00f6glich zu l\u00f6schen.<\/p>\n<p><strong>Wie Wir Ihre Pers\u00f6nlichen Daten Sch\u00fctzen<\/strong><\/p>\n<p>Duracell Lights verpflichtet sich, Ihre Daten zu sch\u00fctzen und sie vertraulich zu behandeln. Wir ergreifen Ma\u00dfnahmen, um Ihre Daten vor versehentlicher oder unrechtm\u00e4\u00dfiger Zerst\u00f6rung oder versehentlichem Verlust, \u00c4nderung, unbefugter Weitergabe oder Zugriff zu sch\u00fctzen. Allerdings ist keine Methode der \u00dcbertragung \u00fcber das Internet und kein Mittel der elektronischen oder physischen Speicherung absolut sicher. Durch die Nutzung unserer Website erkennen Sie an und akzeptieren, dass wir die Sicherheit Ihrer Informationen, die an, durch oder auf unserer Website \u00fcbertragen werden, nicht garantieren k\u00f6nnen und dass eine solche \u00dcbertragung auf Ihr eigenes Risiko erfolgt.<\/p>\n<p>Kontaktinformationen:<br \/>\nINIFINITY X1 LEGAL ENTITY NAME d\/b\/a DURACELL LIGHTS<br \/>\nBETREFF: Datenschutz<br \/>\n[3525 Del Mar Heights Road, Suite 867, San Diego, CA 92130}<\/p>\n<p>&nbsp;<\/p>\n<p>[\/vc_column_text][\/vc_column][\/vc_row]<\/p>\n<\/div>","protected":false},"excerpt":{"rendered":"<p>[vc_row][vc_column][vc_empty_space height=&#8220;100px&#8220;][vc_column_text] Datenschutzrichtlinie + Allgemeine Gesch\u00e4ftsbedingungen Duracell Lights Datenschutzrichtlinie Aktualisiert am: 6-18-2021 Diese Datenschutzrichtlinie (&#8222;Richtlinie&#8220;) soll Ihnen helfen zu verstehen, wie [INIFINITY X1 LEGAL ENTITY NAME d\/b\/a DURACELL LIGHTS] (&#8222;wir&#8220;, &#8222;wir&#8220;, &#8222;unser&#8220;) die Daten, die Sie uns beim Besuch und der Nutzung von https:\/\/www.duracelllights.com (&#8222;Website&#8220;, &#8222;Service&#8220;) zur Verf\u00fcgung stellen, verwendet und sch\u00fctzt. Die \u00fcber die [&hellip;]<\/p>\n","protected":false},"author":39,"featured_media":0,"parent":0,"menu_order":0,"comment_status":"closed","ping_status":"open","template":"","meta":{"_acf_changed":false,"footnotes":""},"class_list":["post-9368","page","type-page","status-publish","hentry"],"acf":[],"_links":{"self":[{"href":"https:\/\/duracelllights.com\/de\/wp-json\/wp\/v2\/pages\/9368","targetHints":{"allow":["GET"]}}],"collection":[{"href":"https:\/\/duracelllights.com\/de\/wp-json\/wp\/v2\/pages"}],"about":[{"href":"https:\/\/duracelllights.com\/de\/wp-json\/wp\/v2\/types\/page"}],"author":[{"embeddable":true,"href":"https:\/\/duracelllights.com\/de\/wp-json\/wp\/v2\/users\/39"}],"replies":[{"embeddable":true,"href":"https:\/\/duracelllights.com\/de\/wp-json\/wp\/v2\/comments?post=9368"}],"version-history":[{"count":0,"href":"https:\/\/duracelllights.com\/de\/wp-json\/wp\/v2\/pages\/9368\/revisions"}],"wp:attachment":[{"href":"https:\/\/duracelllights.com\/de\/wp-json\/wp\/v2\/media?parent=9368"}],"curies":[{"name":"wp","href":"https:\/\/api.w.org\/{rel}","templated":true}]}}