{"id":12279,"date":"2022-10-31T16:05:29","date_gmt":"2022-10-31T16:05:29","guid":{"rendered":"https:\/\/duracelllights.com\/?post_type=product&#038;p=12279"},"modified":"2025-04-15T19:01:08","modified_gmt":"2025-04-15T19:01:08","slug":"duracell-400-lumen-dual-strahl-led-stirnlampe-2","status":"publish","type":"product","link":"https:\/\/duracelllights.com\/de\/produkt\/duracell-400-lumen-dual-strahl-led-stirnlampe-2\/","title":{"rendered":"Duracell 400 Lumen..."},"content":{"rendered":"<div class=\"wpb-content-wrapper\"><p>[vc_row full_width=&#8220;stretch_row&#8220; equal_height=&#8220;yes&#8220;][vc_column][vc_column_text]<\/p>\n<p style=\"text-align: center;\"><strong>200 Lumen<\/strong><br \/>\n<strong>3 Modi<\/strong><br \/>\nHoher Modus<br \/>\nNiedriger Modus<br \/>\nStroboskop-Modus<br \/>\n<strong>3 AAA Duracell-Batterien<\/strong><br \/>\n<strong>Komfortgurt<\/strong><\/p>\n<p>[\/vc_column_text][\/vc_column][\/vc_row]<\/p>\n<\/div>","protected":false},"excerpt":{"rendered":"<p>Diese Duracell 400 Lumen LED-Stirnlampe bietet Helligkeit und Haltbarkeit. <span style=\"font-weight: 400;\">Konzipiert f\u00fcr Aktivit\u00e4ten wie Camping, Wandern, Outdoor-Eins\u00e4tze und Notfallsituationen ist sie eine gro\u00dfartige Stirnlampe f\u00fcr Kinder und Erwachsene gleicherma\u00dfen.<\/span><\/p>\n","protected":false},"featured_media":9736,"template":"","meta":{"_acf_changed":false},"product_brand":[],"product_cat":[842],"product_tag":[829,828,849,816,815],"class_list":{"0":"post-12279","1":"product","2":"type-product","3":"status-publish","4":"has-post-thumbnail","6":"product_cat-kopflampen","7":"product_tag-arbeit-handwerk-gewerbe","8":"product_tag-ausenbereich","9":"product_tag-camping-de","10":"product_tag-haus","11":"product_tag-notfall","12":"pa_common-uses-arbeit-handwerk-gewerbe","13":"pa_common-uses-ausenbereich","14":"pa_common-uses-camping-de","15":"pa_common-uses-haus","16":"pa_common-uses-notfall","18":"first","19":"instock","20":"taxable","21":"shipping-taxable","22":"product-type-external"},"acf":[],"_links":{"self":[{"href":"https:\/\/duracelllights.com\/de\/wp-json\/wp\/v2\/product\/12279","targetHints":{"allow":["GET"]}}],"collection":[{"href":"https:\/\/duracelllights.com\/de\/wp-json\/wp\/v2\/product"}],"about":[{"href":"https:\/\/duracelllights.com\/de\/wp-json\/wp\/v2\/types\/product"}],"wp:featuredmedia":[{"embeddable":true,"href":"https:\/\/duracelllights.com\/de\/wp-json\/wp\/v2\/media\/9736"}],"wp:attachment":[{"href":"https:\/\/duracelllights.com\/de\/wp-json\/wp\/v2\/media?parent=12279"}],"wp:term":[{"taxonomy":"product_brand","embeddable":true,"href":"https:\/\/duracelllights.com\/de\/wp-json\/wp\/v2\/product_brand?post=12279"},{"taxonomy":"product_cat","embeddable":true,"href":"https:\/\/duracelllights.com\/de\/wp-json\/wp\/v2\/product_cat?post=12279"},{"taxonomy":"product_tag","embeddable":true,"href":"https:\/\/duracelllights.com\/de\/wp-json\/wp\/v2\/product_tag?post=12279"}],"curies":[{"name":"wp","href":"https:\/\/api.w.org\/{rel}","templated":true}]}}