{"id":12280,"date":"2022-10-31T16:19:03","date_gmt":"2022-10-31T16:19:03","guid":{"rendered":"https:\/\/duracelllights.com\/?post_type=product&#038;p=12280"},"modified":"2025-04-15T19:01:04","modified_gmt":"2025-04-15T19:01:04","slug":"duracell-350-lumen-led-fokus-stirnlampe-2","status":"publish","type":"product","link":"https:\/\/duracelllights.com\/de\/produkt\/duracell-350-lumen-led-fokus-stirnlampe-2\/","title":{"rendered":"Duracell 350 Lumen..."},"content":{"rendered":"<div class=\"wpb-content-wrapper\"><p>[vc_row full_width=&#8220;stretch_row&#8220; equal_height=&#8220;yes&#8220;][vc_column][vc_column_text]<\/p>\n<p style=\"text-align: center;\"><strong>350 Lumen<\/strong><br \/>\n<strong>3 Modi<\/strong><br \/>\nhoher Fokussierungsmodus<br \/>\nniedriger Fokussierungsmodus<br \/>\nNachtsichtmodus (rot)<br \/>\n<strong>3 AAA Duracell-Batterien<\/strong><br \/>\n<strong>Komfortgurt<\/strong><\/p>\n<p>[\/vc_column_text][\/vc_column][\/vc_row]<\/p>\n<\/div>","protected":false},"excerpt":{"rendered":"<p>Die 350 Lumen LED-Fokus-Stirnlampe stellt f\u00fcr jede Anwendung Lichtleistung und Lichtkegel bereit. Diese fokussierbare Stirnlampe ist hervorragend f\u00fcr Aufgaben im Sicherheitsbereich, Wanderungen, Camping und alle Situationen geeignet, in denen helles Licht ben\u00f6tigt wird und die H\u00e4nde frei bleiben sollen.<\/p>\n","protected":false},"featured_media":9719,"template":"","meta":{"_acf_changed":false},"product_brand":[],"product_cat":[842],"product_tag":[829,828,849,816,815],"class_list":{"0":"post-12280","1":"product","2":"type-product","3":"status-publish","4":"has-post-thumbnail","6":"product_cat-kopflampen","7":"product_tag-arbeit-handwerk-gewerbe","8":"product_tag-ausenbereich","9":"product_tag-camping-de","10":"product_tag-haus","11":"product_tag-notfall","12":"pa_common-uses-arbeit-handwerk-gewerbe","13":"pa_common-uses-ausenbereich","14":"pa_common-uses-camping-de","15":"pa_common-uses-haus","16":"pa_common-uses-notfall","18":"first","19":"instock","20":"taxable","21":"shipping-taxable","22":"product-type-external"},"acf":[],"_links":{"self":[{"href":"https:\/\/duracelllights.com\/de\/wp-json\/wp\/v2\/product\/12280","targetHints":{"allow":["GET"]}}],"collection":[{"href":"https:\/\/duracelllights.com\/de\/wp-json\/wp\/v2\/product"}],"about":[{"href":"https:\/\/duracelllights.com\/de\/wp-json\/wp\/v2\/types\/product"}],"wp:featuredmedia":[{"embeddable":true,"href":"https:\/\/duracelllights.com\/de\/wp-json\/wp\/v2\/media\/9719"}],"wp:attachment":[{"href":"https:\/\/duracelllights.com\/de\/wp-json\/wp\/v2\/media?parent=12280"}],"wp:term":[{"taxonomy":"product_brand","embeddable":true,"href":"https:\/\/duracelllights.com\/de\/wp-json\/wp\/v2\/product_brand?post=12280"},{"taxonomy":"product_cat","embeddable":true,"href":"https:\/\/duracelllights.com\/de\/wp-json\/wp\/v2\/product_cat?post=12280"},{"taxonomy":"product_tag","embeddable":true,"href":"https:\/\/duracelllights.com\/de\/wp-json\/wp\/v2\/product_tag?post=12280"}],"curies":[{"name":"wp","href":"https:\/\/api.w.org\/{rel}","templated":true}]}}