{"id":12290,"date":"2022-10-31T18:04:31","date_gmt":"2022-10-31T18:04:31","guid":{"rendered":"https:\/\/duracelllights.com\/?post_type=product&#038;p=12290"},"modified":"2025-04-15T18:59:52","modified_gmt":"2025-04-15T18:59:52","slug":"duracell-250-aluminium-led-taschenlampe-2","status":"publish","type":"product","link":"https:\/\/duracelllights.com\/de\/produkt\/duracell-250-aluminium-led-taschenlampe-2\/","title":{"rendered":"Duracell 250 Aluminium-LED-Taschenlampe"},"content":{"rendered":"<div class=\"wpb-content-wrapper\"><p>[vc_row full_width=&#8220;stretch_row&#8220; equal_height=&#8220;yes&#8220;][vc_column][vc_column_text]<\/p>\n<p style=\"text-align: center;\"><strong>250 Lumen<\/strong><br \/>\n<strong>Flugzeugaluminium<\/strong><br \/>\n<strong>3 AAA-Batterien (im Lieferumfang enthalten)<\/strong><br \/>\n<strong>Endkappenschalter<\/strong><\/p>\n<p>[\/vc_column_text][\/vc_column][\/vc_row]<\/p>\n<\/div>","protected":false},"excerpt":{"rendered":"<p class=\"p1\"><span class=\"s1\">Diese LED-Aluminium-Taschenlampe mit 250 Lumen ist langlebig, kompakt und leicht. Mit einer Lichtleistung von 250 Lumen bietet sie das richtige Licht f\u00fcr den allt\u00e4glichen Gebrauch daheim oder f\u00fcr Outdoor-Aktivit\u00e4ten.<\/span><\/p>\n","protected":false},"featured_media":9604,"template":"","meta":{"_acf_changed":false},"product_brand":[],"product_cat":[814],"product_tag":[849,816,815],"class_list":{"0":"post-12290","1":"product","2":"type-product","3":"status-publish","4":"has-post-thumbnail","6":"product_cat-taschenlampen","7":"product_tag-camping-de","8":"product_tag-haus","9":"product_tag-notfall","10":"pa_common-uses-camping-de","11":"pa_common-uses-haus","12":"pa_common-uses-notfall","14":"first","15":"instock","16":"taxable","17":"shipping-taxable","18":"product-type-external"},"acf":[],"_links":{"self":[{"href":"https:\/\/duracelllights.com\/de\/wp-json\/wp\/v2\/product\/12290","targetHints":{"allow":["GET"]}}],"collection":[{"href":"https:\/\/duracelllights.com\/de\/wp-json\/wp\/v2\/product"}],"about":[{"href":"https:\/\/duracelllights.com\/de\/wp-json\/wp\/v2\/types\/product"}],"wp:featuredmedia":[{"embeddable":true,"href":"https:\/\/duracelllights.com\/de\/wp-json\/wp\/v2\/media\/9604"}],"wp:attachment":[{"href":"https:\/\/duracelllights.com\/de\/wp-json\/wp\/v2\/media?parent=12290"}],"wp:term":[{"taxonomy":"product_brand","embeddable":true,"href":"https:\/\/duracelllights.com\/de\/wp-json\/wp\/v2\/product_brand?post=12290"},{"taxonomy":"product_cat","embeddable":true,"href":"https:\/\/duracelllights.com\/de\/wp-json\/wp\/v2\/product_cat?post=12290"},{"taxonomy":"product_tag","embeddable":true,"href":"https:\/\/duracelllights.com\/de\/wp-json\/wp\/v2\/product_tag?post=12290"}],"curies":[{"name":"wp","href":"https:\/\/api.w.org\/{rel}","templated":true}]}}