{"id":12293,"date":"2022-10-31T18:17:43","date_gmt":"2022-10-31T18:17:43","guid":{"rendered":"https:\/\/duracelllights.com\/?post_type=product&#038;p=12293"},"modified":"2025-04-15T18:58:57","modified_gmt":"2025-04-15T18:58:57","slug":"duracell-100-lumen-heavy-duty-gummi-led-taschenlampe-fuer-hoechste-beanspruchung","status":"publish","type":"product","link":"https:\/\/duracelllights.com\/de\/produkt\/duracell-100-lumen-heavy-duty-gummi-led-taschenlampe-fuer-hoechste-beanspruchung\/","title":{"rendered":"Duracell 100 Lumen..."},"content":{"rendered":"<div class=\"wpb-content-wrapper\"><p>[vc_row full_width=&#8220;stretch_row&#8220; equal_height=&#8220;yes&#8220;][vc_column][vc_column_text]<\/p>\n<p style=\"text-align: center;\"><strong>100 Lumen<\/strong><br \/>\n<strong>Gummierte, langlebige Konstruktion<\/strong><br \/>\n<strong>2 AA-Batterien (im Lieferumfang enthalten)<\/strong><br \/>\n<strong>strapazierf\u00e4hige<\/strong><br \/>\n<strong>Komfortgriff<\/strong><\/p>\n<p>[\/vc_column_text][\/vc_column][\/vc_row]<\/p>\n<\/div>","protected":false},"excerpt":{"rendered":"<p><span style=\"font-weight: 400;\">Diese 100 Lumen Hochleistungs-LED-Taschenlampe besteht aus hochwertigem, strapazierf\u00e4higem Gummi f\u00fcr hohe Sto\u00dffestigkeit. Die Lichtleistung von 100 Lumen ist perfekt f\u00fcr den t\u00e4glichen Gebrauch. Auch in 80 Lumen St\u00e4rke erh\u00e4ltlich, oder kaufen Sie beide als Set!<\/span><\/p>\n","protected":false},"featured_media":9556,"template":"","meta":{"_acf_changed":false},"product_brand":[],"product_cat":[814],"product_tag":[816,815],"class_list":{"0":"post-12293","1":"product","2":"type-product","3":"status-publish","4":"has-post-thumbnail","6":"product_cat-taschenlampen","7":"product_tag-haus","8":"product_tag-notfall","9":"pa_common-uses-haus","10":"pa_common-uses-notfall","12":"first","13":"instock","14":"taxable","15":"shipping-taxable","16":"product-type-external"},"acf":[],"_links":{"self":[{"href":"https:\/\/duracelllights.com\/de\/wp-json\/wp\/v2\/product\/12293","targetHints":{"allow":["GET"]}}],"collection":[{"href":"https:\/\/duracelllights.com\/de\/wp-json\/wp\/v2\/product"}],"about":[{"href":"https:\/\/duracelllights.com\/de\/wp-json\/wp\/v2\/types\/product"}],"wp:featuredmedia":[{"embeddable":true,"href":"https:\/\/duracelllights.com\/de\/wp-json\/wp\/v2\/media\/9556"}],"wp:attachment":[{"href":"https:\/\/duracelllights.com\/de\/wp-json\/wp\/v2\/media?parent=12293"}],"wp:term":[{"taxonomy":"product_brand","embeddable":true,"href":"https:\/\/duracelllights.com\/de\/wp-json\/wp\/v2\/product_brand?post=12293"},{"taxonomy":"product_cat","embeddable":true,"href":"https:\/\/duracelllights.com\/de\/wp-json\/wp\/v2\/product_cat?post=12293"},{"taxonomy":"product_tag","embeddable":true,"href":"https:\/\/duracelllights.com\/de\/wp-json\/wp\/v2\/product_tag?post=12293"}],"curies":[{"name":"wp","href":"https:\/\/api.w.org\/{rel}","templated":true}]}}