{"id":12294,"date":"2022-10-31T18:23:13","date_gmt":"2022-10-31T18:23:13","guid":{"rendered":"https:\/\/duracelllights.com\/?post_type=product&#038;p=12294"},"modified":"2025-04-15T18:58:52","modified_gmt":"2025-04-15T18:58:52","slug":"duracell-80-lumen-heavy-duty-gummi-led-taschenlampe-fuer-hoechste-beanspruchung","status":"publish","type":"product","link":"https:\/\/duracelllights.com\/de\/produkt\/duracell-80-lumen-heavy-duty-gummi-led-taschenlampe-fuer-hoechste-beanspruchung\/","title":{"rendered":"Duracell 80 Lumen..."},"content":{"rendered":"<div class=\"wpb-content-wrapper\"><p>[vc_row full_width=&#8220;stretch_row&#8220; equal_height=&#8220;yes&#8220;][vc_column][vc_column_text]<\/p>\n<p style=\"text-align: center;\"><strong>80 Lumen<\/strong><br \/>\n<strong>Gummierte, langlebige Konstruktion<\/strong><br \/>\n<strong>2 AAA-Batterien (im Lieferumfang enthalten)<\/strong><br \/>\n<strong>strapazierf\u00e4hige<\/strong><br \/>\n<strong>Komfortgriff<\/strong><\/p>\n<p>[\/vc_column_text][\/vc_column][\/vc_row]<\/p>\n<\/div>","protected":false},"excerpt":{"rendered":"<p>Diese 80-Lumen-Hochleistungs-LED-Taschenlampe aus Gummi stellt genau die bei einem Beleuchtungsprodukt vorausgesetzte Robustheit und Qualit\u00e4t bereit. Das Gummigeh\u00e4use ist auf lange Haltbarkeit und hohe Sto\u00dffestigkeit ausgelegt. Auch in 100 Lumen St\u00e4rke erh\u00e4ltlich, oder kaufen Sie beide als Set!<\/p>\n","protected":false},"featured_media":9531,"template":"","meta":{"_acf_changed":false},"product_brand":[],"product_cat":[814],"product_tag":[816,815],"class_list":{"0":"post-12294","1":"product","2":"type-product","3":"status-publish","4":"has-post-thumbnail","6":"product_cat-taschenlampen","7":"product_tag-haus","8":"product_tag-notfall","9":"pa_common-uses-arbeit-handwerk-gewerbe","10":"pa_common-uses-haus","11":"pa_common-uses-notfall","13":"first","14":"instock","15":"taxable","16":"shipping-taxable","17":"product-type-external"},"acf":[],"_links":{"self":[{"href":"https:\/\/duracelllights.com\/de\/wp-json\/wp\/v2\/product\/12294","targetHints":{"allow":["GET"]}}],"collection":[{"href":"https:\/\/duracelllights.com\/de\/wp-json\/wp\/v2\/product"}],"about":[{"href":"https:\/\/duracelllights.com\/de\/wp-json\/wp\/v2\/types\/product"}],"wp:featuredmedia":[{"embeddable":true,"href":"https:\/\/duracelllights.com\/de\/wp-json\/wp\/v2\/media\/9531"}],"wp:attachment":[{"href":"https:\/\/duracelllights.com\/de\/wp-json\/wp\/v2\/media?parent=12294"}],"wp:term":[{"taxonomy":"product_brand","embeddable":true,"href":"https:\/\/duracelllights.com\/de\/wp-json\/wp\/v2\/product_brand?post=12294"},{"taxonomy":"product_cat","embeddable":true,"href":"https:\/\/duracelllights.com\/de\/wp-json\/wp\/v2\/product_cat?post=12294"},{"taxonomy":"product_tag","embeddable":true,"href":"https:\/\/duracelllights.com\/de\/wp-json\/wp\/v2\/product_tag?post=12294"}],"curies":[{"name":"wp","href":"https:\/\/api.w.org\/{rel}","templated":true}]}}