{"id":12297,"date":"2022-10-31T18:45:54","date_gmt":"2022-10-31T18:45:54","guid":{"rendered":"https:\/\/duracelllights.com\/?post_type=product&#038;p=12297"},"modified":"2025-04-15T18:58:35","modified_gmt":"2025-04-15T18:58:35","slug":"duracell-2500-aluminium-led-fokus-taschenlampe-2","status":"publish","type":"product","link":"https:\/\/duracelllights.com\/de\/produkt\/duracell-2500-aluminium-led-fokus-taschenlampe-2\/","title":{"rendered":"Duracell 2500 Aluminium..."},"content":{"rendered":"<div class=\"wpb-content-wrapper\"><p>[vc_row full_width=&#8220;stretch_row&#8220; equal_height=&#8220;yes&#8220;][vc_column][vc_column_text]<\/p>\n<p style=\"text-align: center;\"><strong>2500 Lumen<\/strong><br \/>\n<strong>Flugzeugaluminium<\/strong><br \/>\n<strong>9 AA-Batterien (im Lieferumfang enthalten)<\/strong><br \/>\n<strong>3 Modi<\/strong><br \/>\nHoch<br \/>\nNiedrig<br \/>\nStroboskop-Funktion<br \/>\n<strong>Fokus-Taschenlampe<\/strong><br \/>\n<strong>Endkappenschalter<\/strong><\/p>\n<p>[\/vc_column_text][\/vc_column][\/vc_row]<\/p>\n<\/div>","protected":false},"excerpt":{"rendered":"<p><span style=\"font-weight: 400;\">Wir pr\u00e4sentieren das bisher leistungsst\u00e4rkste Licht von Duracell. Mit 2500 Lumen hellem, wei\u00dfem Licht ist die LED-Fokus-Taschenlampe ideal zur Verwendung in der freien Natur, z. B. bei Such- und Rettungsaktionen oder bei der Jagd. Auch geeignet f\u00fcr Freizeitaktivit\u00e4ten auf weitl\u00e4ufigen Grundst\u00fccken.<\/span><\/p>\n","protected":false},"featured_media":9467,"template":"","meta":{"_acf_changed":false},"product_brand":[],"product_cat":[814],"product_tag":[],"class_list":{"0":"post-12297","1":"product","2":"type-product","3":"status-publish","4":"has-post-thumbnail","6":"product_cat-taschenlampen","7":"pa_common-uses-arbeit-handwerk-gewerbe","8":"pa_common-uses-ausenbereich","9":"pa_common-uses-notfall","11":"first","12":"instock","13":"taxable","14":"shipping-taxable","15":"product-type-external"},"acf":[],"_links":{"self":[{"href":"https:\/\/duracelllights.com\/de\/wp-json\/wp\/v2\/product\/12297","targetHints":{"allow":["GET"]}}],"collection":[{"href":"https:\/\/duracelllights.com\/de\/wp-json\/wp\/v2\/product"}],"about":[{"href":"https:\/\/duracelllights.com\/de\/wp-json\/wp\/v2\/types\/product"}],"wp:featuredmedia":[{"embeddable":true,"href":"https:\/\/duracelllights.com\/de\/wp-json\/wp\/v2\/media\/9467"}],"wp:attachment":[{"href":"https:\/\/duracelllights.com\/de\/wp-json\/wp\/v2\/media?parent=12297"}],"wp:term":[{"taxonomy":"product_brand","embeddable":true,"href":"https:\/\/duracelllights.com\/de\/wp-json\/wp\/v2\/product_brand?post=12297"},{"taxonomy":"product_cat","embeddable":true,"href":"https:\/\/duracelllights.com\/de\/wp-json\/wp\/v2\/product_cat?post=12297"},{"taxonomy":"product_tag","embeddable":true,"href":"https:\/\/duracelllights.com\/de\/wp-json\/wp\/v2\/product_tag?post=12297"}],"curies":[{"name":"wp","href":"https:\/\/api.w.org\/{rel}","templated":true}]}}