{"id":6761,"date":"2017-08-12T15:41:10","date_gmt":"2017-08-12T15:41:10","guid":{"rendered":"https:\/\/duracelllights.com\/inicio\/"},"modified":"2022-08-18T18:42:52","modified_gmt":"2022-08-18T18:42:52","slug":"inicio","status":"publish","type":"page","link":"https:\/\/duracelllights.com\/es\/","title":{"rendered":"Casa"},"content":{"rendered":"<div class=\"wpb-content-wrapper\"><p>[vc_row full_height=\u00bbyes\u00bb font_color=\u00bb#000000&#8243; css=\u00bb.vc_custom_1626804523708{background-color: #232324 !important;background-position: center !important;background-repeat: no-repeat !important;background-size: cover !important;}\u00bb][vc_column]<style>.shortcode_getbowtied_slider .shortcode-slider-pagination .swiper-pagination-bullet.swiper-pagination-bullet-active:after{background-color: #000000;}<\/style>\r\n\r\n\t\t<div class=\"shortcode_getbowtied_slider swiper-container swiper-69f71644386e7 full_height\" style=\" width: 100%\" data-autoplay=\"10\" data-id=\"69f71644386e7\">\r\n\t\t\t<div class=\"swiper-wrapper\">\r\n\t\t\t\r\n\t\t\t<div class=\"swiper-slide center-align\"\r\n\t\t\tstyle=\t\"background: #CCCCCC url(https:\/\/duracelllights.com\/wp-content\/uploads\/2020\/09\/2S9A2010-2-1.jpg) center center no-repeat ;\r\n\t\t\t\t\t-webkit-background-size: cover;\r\n\t\t\t\t\t-moz-background-size: cover;\r\n\t\t\t\t\t-o-background-size: cover;\r\n\t\t\t\t\tbackground-size: cover;\r\n\t\t\t\t\tcolor: #ffffff\">\r\n\t\t\t\t\r\n\t\t\t\t<div class=\"slider-content\" data-swiper-parallax=\"-50%\">\r\n\t\t\t\t\t<div class=\"slider-content-wrapper\">\r\n\t\t\t\t\t\t<h2 class=\"primary_font\" style=\"color:#ffffff;font-size:64px;line-height: 64px\">Para los Trabajos m\u00e1s Dif\u00edciles...<\/h2>\r\n\t\t\t\t\t\t<p class=\"primary_font\" style=\"color:#ffffff;font-size:21px;line-height: 21px\">Duracell Lights apoya a los trabajadores especializados con nuestros descuentos para los pedidos al por mayor.<\/p>\r\n\t\t\t\t\t\t<a class=\"button\" style=\"color:#ffffff !important;background: #c08b61 !important\" href=\"https:\/\/duracelllights.com\/es\/promocion-a-granel\/\">DESCUENTOS PARA PEDIDOS AL POR MAYOR<\/a>\r\n\t\t\t\t\t<\/div>\r\n\t\t\t\t<\/div>\r\n\t\t\t<\/div>\r\n\t\t\t<div class=\"swiper-slide center-align\"\r\n\t\t\tstyle=\t\"background: #CCCCCC url(https:\/\/duracelllights.com\/wp-content\/uploads\/2021\/09\/Duracell.jpg) center center no-repeat ;\r\n\t\t\t\t\t-webkit-background-size: cover;\r\n\t\t\t\t\t-moz-background-size: cover;\r\n\t\t\t\t\t-o-background-size: cover;\r\n\t\t\t\t\tbackground-size: cover;\r\n\t\t\t\t\tcolor: #ffffff\">\r\n\t\t\t\t\r\n\t\t\t\t<div class=\"slider-content\" data-swiper-parallax=\"-50%\">\r\n\t\t\t\t\t<div class=\"slider-content-wrapper\">\r\n\t\t\t\t\t\t<h2 class=\"primary_font\" style=\"color:#ffffff;font-size:64px;line-height: 64px\">Permanezca Seguro en los Tiempos Dif\u00edciles<\/h2>\r\n\t\t\t\t\t\t<p class=\"primary_font\" style=\"color:#ffffff;font-size:21px;line-height: 21px\">Las emergencias a menudo son oscuras. De los apagones a las aver\u00edas de autos, puede confiar en la Iluminaci\u00f3n Duracell para cualquier emergencia.<\/p>\r\n\t\t\t\t\t\t<a class=\"button\" style=\"color:#ffffff !important;background: #c08b61 !important\" href=\"\/es\/cobros-emergencia\/\">VER ILUMINACI\u00d3N DE EMERGENCIA<\/a>\r\n\t\t\t\t\t<\/div>\r\n\t\t\t\t<\/div>\r\n\t\t\t<\/div>\r\n\t\t\t<\/div>\r\n\t\t\t\t<div style=\"color: #000000\" class=\"swiper-button-prev\"><i class=\"spk-icon spk-icon-left-arrow-thin-large\"><\/i><\/div>\r\n    \t\t\t<div style=\"color: #000000\" class=\"swiper-button-next\"><i class=\"spk-icon spk-icon-right-arrow-thin-large\"><\/i><\/div><\/div>[\/vc_column][\/vc_row][vc_row css=\u00bb.vc_custom_1623191183645{background-image: url(https:\/\/duracelllights.com\/wp-content\/uploads\/2020\/05\/Rectangle-17.png?id=2975) !important;}\u00bb][vc_column width=\u00bb1\/6&#8243;][\/vc_column][vc_column width=\u00bb2\/3&#8243;][vc_column_text el_class=\u00bblight-text\u00bb]<\/p>\n<h2 style=\"text-align: center;\">Una colecci\u00f3n de poder y confianza<\/h2>\n<p style=\"text-align: center;\">La familia Duracell de productos de iluminaci\u00f3n est\u00e1 dise\u00f1ada para el rendimiento, la eficiencia y la facilidad de uso en cualquier trabajo.<\/p>\n<p>[\/vc_column_text]<div class=\"row\"><div class=\"categories_grid\">\r\n\t\t\t<div class=\"category_five_cat_1\">\r\n\t\t\t\t<div class=\"category_grid_box\">\r\n\t\t\t\t\t<span class=\"category_item_bkg\" style=\"background-image:url(https:\/\/duracelllights.com\/wp-content\/uploads\/2020\/08\/flashlights2.jpg)\"><\/span>\r\n\t\t\t\t\t<a href=\"https:\/\/duracelllights.com\/es\/categoria-producto\/linternas\/\" class=\"category_item\" >\r\n\t\t\t\t\t\t<span class=\"category_name\">Linternas\t\t\t\t\t\t\t\t\t\t\t\t\t<\/span>\r\n\t\t\t\t\t<\/a>\r\n\t\t\t\t<\/div>\r\n\t\t\t<\/div>\r\n\r\n\t\t\t\r\n\t\t\t<div class=\"category_five_cat_2\">\r\n\t\t\t\t<div class=\"category_grid_box\">\r\n\t\t\t\t\t<span class=\"category_item_bkg\" style=\"background-image:url(https:\/\/duracelllights.com\/wp-content\/uploads\/2022\/08\/lantern-banner-1-1.jpeg)\"><\/span>\r\n\t\t\t\t\t<a href=\"https:\/\/duracelllights.com\/es\/categoria-producto\/linternas-es\/\" class=\"category_item\" >\r\n\t\t\t\t\t\t<span class=\"category_name\">Faroles\t\t\t\t\t\t\t\t\t\t\t\t\t<\/span>\r\n\t\t\t\t\t<\/a>\r\n\t\t\t\t<\/div>\r\n\t\t\t<\/div>\r\n\r\n\t\t\t\r\n\t\t\t<div class=\"category_five_cat_3\">\r\n\t\t\t\t<div class=\"category_grid_box\">\r\n\t\t\t\t\t<span class=\"category_item_bkg\" style=\"background-image:url(https:\/\/duracelllights.com\/wp-content\/uploads\/2020\/08\/headlamp-girl.jpg)\"><\/span>\r\n\t\t\t\t\t<a href=\"https:\/\/duracelllights.com\/es\/categoria-producto\/faros\/\" class=\"category_item\" >\r\n\t\t\t\t\t\t<span class=\"category_name\">Linternas de Cabeza\t\t\t\t\t\t\t\t\t\t\t\t\t<\/span>\r\n\t\t\t\t\t<\/a>\r\n\t\t\t\t<\/div>\r\n\t\t\t<\/div>\r\n\r\n\t\t\t\r\n\t\t\t<div class=\"category_five_cat_4\">\r\n\t\t\t\t<div class=\"category_grid_box\">\r\n\t\t\t\t\t<span class=\"category_item_bkg\" style=\"background-image:url(https:\/\/duracelllights.com\/wp-content\/uploads\/2021\/02\/utility-lights-thumb.jpg)\"><\/span>\r\n\t\t\t\t\t<a href=\"https:\/\/duracelllights.com\/es\/categoria-producto\/luces-utilitarias\/\" class=\"category_item\" >\r\n\t\t\t\t\t\t<span class=\"category_name\">Luces de Utilidad\t\t\t\t\t\t\t\t\t\t\t\t\t<\/span>\r\n\t\t\t\t\t<\/a>\r\n\t\t\t\t<\/div>\r\n\t\t\t<\/div>\r\n\r\n\t\t\t\r\n\t\t\t<div class=\"category_five_cat_5\">\r\n\t\t\t\t<div class=\"category_grid_box\">\r\n\t\t\t\t\t<span class=\"category_item_bkg\" style=\"background-image:url(https:\/\/duracelllights.com\/wp-content\/uploads\/2021\/07\/7227-DF200-7210-DL500-6744-1.jpg)\"><\/span>\r\n\t\t\t\t\t<a href=\"https:\/\/duracelllights.com\/es\/categoria-producto\/iluminacion-h2o\/\" class=\"category_item\" >\r\n\t\t\t\t\t\t<span class=\"category_name\">Iluminaci\u00f3n H2O\t\t\t\t\t\t\t\t\t\t\t\t\t<\/span>\r\n\t\t\t\t\t<\/a>\r\n\t\t\t\t<\/div>\r\n\t\t\t<\/div>\r\n\r\n\t\t\t\r\n\t\t\t<div class=\"clearfix\"><\/div>\r\n\r\n\t\t<\/div><\/div>[\/vc_column][vc_column width=\u00bb1\/6&#8243;][\/vc_column][\/vc_row][vc_row css=\u00bb.vc_custom_1626804306393{padding-top: 50px !important;padding-bottom: 50px !important;}\u00bb][vc_column width=\u00bb1\/4&#8243; offset=\u00bbvc_hidden-xs\u00bb][\/vc_column][vc_column width=\u00bb1\/2&#8243;][vc_column_text]<\/p>\n<h2 style=\"text-align: center;\">Aventuras en cualquier momento<\/h2>\n<p>[\/vc_column_text][vc_video link=\u00bbhttps:\/\/player.vimeo.com\/video\/579552417?dnt=1&amp;app_id=122963&amp;h=81c896b97f\u00bb align=\u00bbcenter\u00bb css=\u00bb.vc_custom_1659650505211{padding-right: 20px !important;padding-left: 20px !important;}\u00bb][\/vc_column][vc_column width=\u00bb1\/4&#8243; offset=\u00bbvc_hidden-xs\u00bb][\/vc_column][\/vc_row][vc_row][vc_column offset=\u00bbvc_hidden-xs\u00bb][vc_row_inner][vc_column_inner width=\u00bb1\/3&#8243;][vc_column_text]<\/p>\n<h2 style=\"text-align: center;\">Durabilidad<\/h2>\n<p>[\/vc_column_text][\/vc_column_inner][vc_column_inner width=\u00bb1\/3&#8243;][vc_column_text]<\/p>\n<h2 style=\"text-align: center;\">Innovaci\u00f3n<\/h2>\n<p>[\/vc_column_text][\/vc_column_inner][vc_column_inner width=\u00bb1\/3&#8243;][vc_column_text]<\/p>\n<h2 style=\"text-align: center;\">Desempe\u00f1o<\/h2>\n<p>[\/vc_column_text][\/vc_column_inner][\/vc_row_inner][vc_row_inner][vc_column_inner width=\u00bb1\/3&#8243; css=\u00bb.vc_custom_1629219264087{background-image: url(https:\/\/duracelllights.com\/wp-content\/uploads\/2020\/07\/duracell-inventory-2.jpg?id=4525) !important;background-position: center !important;background-repeat: no-repeat !important;background-size: cover !important;}\u00bb][vc_empty_space height=\u00bb400px\u00bb][\/vc_column_inner][vc_column_inner width=\u00bb1\/3&#8243; css=\u00bb.vc_custom_1629226778739{background-image: url(https:\/\/duracelllights.com\/wp-content\/uploads\/2020\/08\/large-image-e1601410664826.jpg?id=3790) !important;}\u00bb][vc_empty_space height=\u00bb400px\u00bb][\/vc_column_inner][vc_column_inner width=\u00bb1\/3&#8243; css=\u00bb.vc_custom_1629226803210{background-image: url(https:\/\/duracelllights.com\/wp-content\/uploads\/2021\/07\/7227-DF200-7210-DL500-6780-2.jpg?id=4615) !important;}\u00bb][vc_empty_space height=\u00bb400px\u00bb][\/vc_column_inner][\/vc_row_inner][vc_row_inner][vc_column_inner width=\u00bb1\/3&#8243;][vc_column_text css=\u00bb.vc_custom_1634231667147{padding-top: 20px !important;}\u00bb]<\/p>\n<h5 style=\"text-align: center;\">Las linternas Duracell est\u00e1n hechas de aluminio de calidad aeron\u00e1utica que mantiene nuestra iluminaci\u00f3n liviana y duradera.<\/h5>\n<p>[\/vc_column_text][\/vc_column_inner][vc_column_inner width=\u00bb1\/3&#8243; css=\u00bb.vc_custom_1629223193917{padding-top: 20px !important;}\u00bb][vc_column_text]<\/p>\n<h5 style=\"text-align: center;\">La l\u00ednea de luz Duracell usa la tecnolog\u00eda patentada Infinity X1\u2019s para maximizar la salida de luz total y minimizar la potencia de salida.<\/h5>\n<p>[\/vc_column_text][\/vc_column_inner][vc_column_inner width=\u00bb1\/3&#8243; css=\u00bb.vc_custom_1629223199850{padding-top: 20px !important;}\u00bb][vc_column_text]<\/p>\n<h5 style=\"text-align: center;\">Ilumina hasta: 2500 L\u00famenes, 22 horas de uso y 150m de distancia de haz.<\/h5>\n<p>[\/vc_column_text][\/vc_column_inner][\/vc_row_inner][\/vc_column][\/vc_row][vc_row][vc_column offset=\u00bbvc_hidden-lg vc_hidden-md vc_hidden-sm\u00bb][vc_row_inner][vc_column_inner][vc_column_text]<\/p>\n<h2 style=\"text-align: center;\">Durabilidad<\/h2>\n<p>[\/vc_column_text][vc_single_image image=\u00bb6640&#8243; img_size=\u00bbfull\u00bb alignment=\u00bbcenter\u00bb css=\u00bb.vc_custom_1629226770918{padding-right: 20px !important;padding-left: 20px !important;}\u00bb][vc_column_text css=\u00bb.vc_custom_1634141801343{padding-top: 20px !important;}\u00bb]<\/p>\n<h5 style=\"text-align: center;\">Nuestras linternas Duracell est\u00e1n fabricadas con aluminio de calidad aeron\u00e1utica que hace que nuestra iluminaci\u00f3n sea ligera y duradera.<\/h5>\n<p>[\/vc_column_text][vc_column_text]<\/p>\n<h2 style=\"text-align: center;\">Innovaci\u00f3n<\/h2>\n<p>[\/vc_column_text][vc_single_image image=\u00bb5986&#8243; img_size=\u00bbfull\u00bb alignment=\u00bbcenter\u00bb css=\u00bb.vc_custom_1629226794678{padding-right: 20px !important;padding-left: 20px !important;}\u00bb][vc_column_text]<\/p>\n<h5 style=\"text-align: center;\">La l\u00ednea de luz Duracell usa la tecnolog\u00eda patentada Infinity X1\u2019s para maximizar la salida de luz total y minimizar la potencia de salida.<\/h5>\n<p>[\/vc_column_text][vc_column_text]<\/p>\n<h2 style=\"text-align: center;\">Desempe\u00f1o<\/h2>\n<p>[\/vc_column_text][vc_single_image image=\u00bb6674&#8243; img_size=\u00bbfull\u00bb alignment=\u00bbcenter\u00bb css=\u00bb.vc_custom_1629226822039{padding-right: 20px !important;padding-left: 20px !important;}\u00bb][vc_column_text]<\/p>\n<h5 style=\"text-align: center;\">Ilumina hasta: 2500 L\u00famenes, 22 horas de uso y 150m de distancia de haz.<\/h5>\n<p>[\/vc_column_text][\/vc_column_inner][\/vc_row_inner][\/vc_column][\/vc_row][vc_row css=\u00bb.vc_custom_1629223226459{padding-top: 50px !important;padding-bottom: 50px !important;}\u00bb][vc_column][vc_row_inner][vc_column_inner css=\u00bb.vc_custom_1629226200297{padding-right: 20px !important;padding-left: 20px !important;}\u00bb][vc_custom_heading text=\u00bbNuestra Calidad Habla por S\u00ed Misma\u00bb font_container=\u00bbtag:h2|text_align:center\u00bb use_theme_fonts=\u00bbyes\u00bb css=\u00bb.vc_custom_1626361566874{padding-bottom: 20px !important;}\u00bb][\/vc_column_inner][\/vc_row_inner][vc_row_inner gap=\u00bb25&#8243; css=\u00bb.vc_custom_1626361598912{padding-right: 4% !important;padding-left: 4% !important;}\u00bb][vc_column_inner width=\u00bb1\/4&#8243;][vc_single_image image=\u00bb6664&#8243; img_size=\u00bbfull\u00bb alignment=\u00bbcenter\u00bb][vc_column_text]<\/p>\n<h5 style=\"text-align: center;\">\u201cEsta es la mejor linterna que yo haya tenido en mis 79 a\u00f1os de vida. Se la recomiendo mucho a todos los que est\u00e9n buscando una linterna nueva. Es peque\u00f1a, liviana, y poderosa.\u201d<\/h5>\n<p style=\"text-align: center;\">Dorothy G.<\/p>\n<p>[\/vc_column_text][\/vc_column_inner][vc_column_inner width=\u00bb1\/4&#8243;][vc_single_image image=\u00bb6664&#8243; img_size=\u00bbfull\u00bb alignment=\u00bbcenter\u00bb][vc_column_text]<\/p>\n<h5 style=\"text-align: center;\">\u201cMe impresion\u00f3 mucho la sensaci\u00f3n de calidad de la l\u00e1mpara de cabeza y de la correa. Me gust\u00f3 mucho la luz dual y es f\u00e1cil de operar con cualquiera de las dos manos. Me sorprendi\u00f3 lo mucho que me gust\u00f3 la funci\u00f3n de inclinaci\u00f3n. Da muy buena luz especialmente en la oscuridad total.\u201d<\/h5>\n<p style=\"text-align: center;\">Andrew B.<\/p>\n<p>[\/vc_column_text][\/vc_column_inner][vc_column_inner width=\u00bb1\/4&#8243;][vc_single_image image=\u00bb6664&#8243; img_size=\u00bbfull\u00bb alignment=\u00bbcenter\u00bb][vc_column_text]<\/p>\n<h5 style=\"text-align: center;\">\u201cEsta es una l\u00e1mpara de cabeza muy efectiva, buena correa, excelente iluminaci\u00f3n, es simplemente fiable y se siente c\u00f3moda en la cabeza tambi\u00e9n. Le doy pulgares arriba.\u201d<\/h5>\n<p style=\"text-align: center;\">Dennis P.<\/p>\n<p>[\/vc_column_text][\/vc_column_inner][vc_column_inner width=\u00bb1\/4&#8243;][vc_single_image image=\u00bb6664&#8243; img_size=\u00bbfull\u00bb alignment=\u00bbcenter\u00bb][vc_column_text]<\/p>\n<h5 style=\"text-align: center;\">\u201cEn una palabra, \u00a1Guau! Esta es la mejor linterna que haya tenido jam\u00e1s. Tengo una linterna de 3 celdas y la Duracell le gana de lejos. Es robusta, justo como esperaba que fuera. Voy a conseguirme otra.\u201d<\/h5>\n<p style=\"text-align: center;\">Troy F.<\/p>\n<p>[\/vc_column_text][\/vc_column_inner][\/vc_row_inner][\/vc_column][\/vc_row][vc_row][vc_column][vc_row_inner css=\u00bb.vc_custom_1601407869486{background-image: url(https:\/\/duracelllights.com\/wp-content\/uploads\/2020\/08\/Find-Your-Path.jpg?id=3781) !important;background-position: center !important;background-repeat: no-repeat !important;background-size: cover !important;}\u00bb][vc_column_inner css=\u00bb.vc_custom_1628792481299{margin-bottom: 10% !important;}\u00bb][vc_column_text css=\u00bb.vc_custom_1601485148180{padding-top: 15% !important;padding-right: 15% !important;padding-bottom: 5% !important;padding-left: 15% !important;}\u00bb el_class=\u00bblight-text\u00bb]<\/p>\n<h2 style=\"text-align: center;\"><span style=\"font-size: calc(2.25rem + ((1vw - 3.75px) * 4.1315)); line-height: 120%; text-transform: uppercase;\">\u00bfAd\u00f3nde explorar\u00e1s ahora?<\/span><\/h2>\n<p>[\/vc_column_text][vc_btn title=\u00bbCOMPRAR\u00bb style=\u00bbcustom\u00bb custom_background=\u00bb#c08b61&#8243; custom_text=\u00bb#ffffff\u00bb shape=\u00bbsquare\u00bb size=\u00bblg\u00bb align=\u00bbcenter\u00bb css=\u00bb.vc_custom_1660848039734{padding-top: 18px !important;padding-right: 1em !important;padding-bottom: 18px !important;padding-left: 1em !important;}\u00bb link=\u00bburl:%2Ftienda%2F|title:Comprar%20todos%20los%20productos\u00bb el_class=\u00bbduracell-shop-btn\u00bb][\/vc_column_inner][\/vc_row_inner][\/vc_column][\/vc_row]<\/p>\n<\/div>","protected":false},"excerpt":{"rendered":"<p>[vc_row full_height=\u00bbyes\u00bb font_color=\u00bb#000000&#8243; css=\u00bb.vc_custom_1626804523708{background-color: #232324 !important;background-position: center !important;background-repeat: no-repeat !important;background-size: cover !important;}\u00bb][vc_column][\/vc_column][\/vc_row][vc_row css=\u00bb.vc_custom_1623191183645{background-image: url(https:\/\/duracelllights.com\/wp-content\/uploads\/2020\/05\/Rectangle-17.png?id=2975) !important;}\u00bb][vc_column width=\u00bb1\/6&#8243;][\/vc_column][vc_column width=\u00bb2\/3&#8243;][vc_column_text el_class=\u00bblight-text\u00bb] Una colecci\u00f3n de poder y confianza La familia Duracell de productos de iluminaci\u00f3n est\u00e1 dise\u00f1ada para el rendimiento, la eficiencia y la facilidad de uso en cualquier trabajo. [\/vc_column_text][\/vc_column][vc_column width=\u00bb1\/6&#8243;][\/vc_column][\/vc_row][vc_row css=\u00bb.vc_custom_1626804306393{padding-top: 50px !important;padding-bottom: 50px !important;}\u00bb][vc_column width=\u00bb1\/4&#8243; offset=\u00bbvc_hidden-xs\u00bb][\/vc_column][vc_column [&hellip;]<\/p>\n","protected":false},"author":4,"featured_media":0,"parent":0,"menu_order":0,"comment_status":"closed","ping_status":"closed","template":"page-full-width.php","meta":{"_acf_changed":false,"footnotes":""},"class_list":["post-6761","page","type-page","status-publish","hentry"],"acf":[],"_links":{"self":[{"href":"https:\/\/duracelllights.com\/es\/wp-json\/wp\/v2\/pages\/6761","targetHints":{"allow":["GET"]}}],"collection":[{"href":"https:\/\/duracelllights.com\/es\/wp-json\/wp\/v2\/pages"}],"about":[{"href":"https:\/\/duracelllights.com\/es\/wp-json\/wp\/v2\/types\/page"}],"author":[{"embeddable":true,"href":"https:\/\/duracelllights.com\/es\/wp-json\/wp\/v2\/users\/4"}],"replies":[{"embeddable":true,"href":"https:\/\/duracelllights.com\/es\/wp-json\/wp\/v2\/comments?post=6761"}],"version-history":[{"count":0,"href":"https:\/\/duracelllights.com\/es\/wp-json\/wp\/v2\/pages\/6761\/revisions"}],"wp:attachment":[{"href":"https:\/\/duracelllights.com\/es\/wp-json\/wp\/v2\/media?parent=6761"}],"curies":[{"name":"wp","href":"https:\/\/api.w.org\/{rel}","templated":true}]}}