{"id":6775,"date":"2021-12-28T18:42:34","date_gmt":"2021-12-28T18:42:34","guid":{"rendered":"https:\/\/duracelllights.com\/ofertas\/"},"modified":"2022-07-27T22:03:52","modified_gmt":"2022-07-27T22:03:52","slug":"ofertas","status":"publish","type":"page","link":"https:\/\/duracelllights.com\/es\/ofertas\/","title":{"rendered":"Ofertas"},"content":{"rendered":"<div class=\"wpb-content-wrapper\"><p>[vc_section full_width=\u00bbstretch_row\u00bb css=\u00bb.vc_custom_1641153688927{background-image: url(https:\/\/duracelllights.com\/wp-content\/uploads\/2021\/12\/bg-min.jpg?id=4941) !important;background-position: center !important;background-repeat: no-repeat !important;background-size: cover !important;}\u00bb][vc_row content_placement=\u00bbmiddle\u00bb css=\u00bb.vc_custom_1640717566917{padding-top: 200px !important;padding-bottom: 200px !important;}\u00bb][vc_column][vc_custom_heading text=\u00bbLuces de exterior tan resistentes como t\u00fa.\u00bb font_container=\u00bbtag:h1|font_size:65px|text_align:center|color:%23ffffff|line_height:78px\u00bb use_theme_fonts=\u00bbyes\u00bb css_animation=\u00bbfadeInUp\u00bb css=\u00bb.vc_custom_1640717758644{margin-bottom: 20px !important;}\u00bb][vc_column_text css_animation=\u00bbfadeInUp\u00bb]<\/p>\n<p style=\"text-align: center;\"><span style=\"color: #ffffff;\">Los productos de iluminaci\u00f3n exterior de Duracell est\u00e1n dise\u00f1ados para<\/span><br \/>\n<span style=\"color: #ffffff;\">rendimiento, eficiencia y facilidad de uso.<\/span><\/p>\n<p>[\/vc_column_text][\/vc_column][\/vc_row][\/vc_section][vc_row full_width=\u00bbstretch_row_content\u00bb equal_height=\u00bbyes\u00bb el_class=\u00bbsale-special-section new-design\u00bb][vc_column width=\u00bb1\/2&#8243; css=\u00bb.vc_custom_1642256894702{padding-top: 35px !important;padding-right: 50px !important;padding-bottom: 35px !important;padding-left: 50px !important;background-color: #232323 !important;}\u00bb el_class=\u00bbleft-right-padding\u00bb][vc_custom_heading text=\u00bbOfertas especiales\u00bb font_container=\u00bbtag:h2|font_size:45px|text_align:center|color:%23bf8b64|line_height:54px\u00bb use_theme_fonts=\u00bbyes\u00bb css_animation=\u00bbnone\u00bb css=\u00bb.vc_custom_1642256738200{margin-bottom: 20px !important;}\u00bb][vc_column_text css=\u00bb.vc_custom_1642256703577{margin-bottom: 0px !important;}\u00bb][yith_wc_productslider id=\u00bb4957&#8243;][\/vc_column_text][\/vc_column][vc_column width=\u00bb1\/2&#8243; css=\u00bb.vc_custom_1642261349880{padding-top: 35px !important;padding-right: 50px !important;padding-bottom: 35px !important;padding-left: 50px !important;background-color: #191919 !important;}\u00bb el_class=\u00bbmost-popular-col left-right-padding\u00bb][vc_custom_heading text=\u00bbLos m\u00e1s populares\u00bb font_container=\u00bbtag:h2|font_size:45px|text_align:center|color:%23bf8b64|line_height:54px\u00bb use_theme_fonts=\u00bbyes\u00bb css_animation=\u00bbnone\u00bb css=\u00bb.vc_custom_1642256729001{margin-bottom: 20px !important;}\u00bb][vc_column_text css=\u00bb.vc_custom_1642256708759{margin-bottom: 0px !important;}\u00bb][yith_wc_productslider id=\u00bb4977&#8243;][\/vc_column_text][\/vc_column][\/vc_row][vc_row full_width=\u00bbstretch_row_content_no_spaces\u00bb equal_height=\u00bbyes\u00bb content_placement=\u00bbmiddle\u00bb el_class=\u00bbpopular-col\u00bb][vc_column width=\u00bb1\/2&#8243; el_class=\u00bbmobile-bg mobile-bg1&#8243; css=\u00bb.vc_custom_1642803910765{padding-top: 0px !important;}\u00bb][vc_single_image image=\u00bb5859&#8243; img_size=\u00bbfull\u00bb alignment=\u00bbcenter\u00bb css_animation=\u00bbfadeInLeft\u00bb css=\u00bb.vc_custom_1642803921153{margin-bottom: 0px !important;padding-top: 0px !important;}\u00bb][vc_custom_heading text=\u00bbLinternas para exteriores\u00bb font_container=\u00bbtag:h2|font_size:20pt|text_align:center|color:%23ffffff|line_height:54px\u00bb use_theme_fonts=\u00bbyes\u00bb css_animation=\u00bbnone\u00bb css=\u00bb.vc_custom_1641485250647{margin-bottom: 20px !important;}\u00bb el_class=\u00bbh2-mobile-show\u00bb][vc_column_text css=\u00bb.vc_custom_1644934127647{margin-bottom: 20px !important;}\u00bb el_class=\u00bbmobile-description-show\u00bb]<\/p>\n<p style=\"text-align: center;\">Potencie su pr\u00f3xima aventura al aire libre mientras brilla en la oscuridad con una gama de linternas que abarca de 150 a 2500 l\u00famenes con una luz que puede alcanzar hasta 150 metros de distancia.<\/p>\n<p>[\/vc_column_text][\/vc_column][vc_column width=\u00bb1\/2&#8243; css=\u00bb.vc_custom_1642803898342{margin-bottom: 0px !important;padding-top: 30px !important;padding-right: 40px !important;padding-bottom: 30px !important;padding-left: 50px !important;}\u00bb el_class=\u00bbnavigation-bottom\u00bb][vc_custom_heading text=\u00bbLinternas para exteriores\u00bb font_container=\u00bbtag:h2|font_size:45px|text_align:left|color:%23232323|line_height:54px\u00bb use_theme_fonts=\u00bbyes\u00bb css_animation=\u00bbnone\u00bb css=\u00bb.vc_custom_1641484513736{margin-bottom: 20px !important;}\u00bb el_class=\u00bbitems-mobile-hide\u00bb][vc_column_text css=\u00bb.vc_custom_1644934140865{margin-bottom: 20px !important;}\u00bb el_class=\u00bbitems-mobile-hide\u00bb]<span style=\"color: #232323;\">Potencie su pr\u00f3xima aventura al aire libre mientras brilla en la oscuridad con una gama de linternas que abarca de 150 a 2500 l\u00famenes con una luz que puede alcanzar hasta 150 metros de distancia.<\/span>[\/vc_column_text][vc_column_text css=\u00bb.vc_custom_1641487821770{margin-bottom: 0px !important;}\u00bb][yith_wc_productslider id=\u00bb4980&#8243;][\/vc_column_text][\/vc_column][\/vc_row][vc_row full_width=\u00bbstretch_row_content_no_spaces\u00bb equal_height=\u00bbyes\u00bb content_placement=\u00bbmiddle\u00bb][vc_column width=\u00bb1\/2&#8243; css=\u00bb.vc_custom_1642803947616{padding-top: 30px !important;padding-right: 40px !important;padding-bottom: 30px !important;padding-left: 50px !important;}\u00bb el_class=\u00bbnavigation-bottom mobile-bg mobile-bg2&#8243;][vc_custom_heading text=\u00bbFaros para exteriores\u00bb font_container=\u00bbtag:h2|font_size:45px|text_align:left|color:%23232323|line_height:54px\u00bb use_theme_fonts=\u00bbyes\u00bb css_animation=\u00bbnone\u00bb css=\u00bb.vc_custom_1642803743446{margin-bottom: 20px !important;}\u00bb el_class=\u00bbh2-mobile-show h2-mobile-show1&#8243;][vc_column_text css=\u00bb.vc_custom_1644934167231{margin-bottom: 20px !important;}\u00bb el_class=\u00bbmobile-description-show mobile-description-show1&#8243;]<span style=\"color: #232323;\">Encuentre un ajuste c\u00f3modo y manos libres con el rendimiento en el que puede confiar. Las linternas frontales Duracell iluminar\u00e1n los caminos m\u00e1s oscuros con hasta 550 l\u00famenes de hasta 22 horas de uso mientras caminas por terrenos escarpados o acampas.<\/span>[\/vc_column_text][vc_column_text el_class=\u00bbitems-mobile-hide\u00bb css=\u00bb.vc_custom_1641487829888{margin-bottom: 0px !important;}\u00bb][yith_wc_productslider id=\u00bb4983&#8243;][\/vc_column_text][\/vc_column][vc_column width=\u00bb1\/2&#8243; el_class=\u00bbnavigation-bottom sec-section mobile-bg mobile-bg2-2&#8243;][vc_single_image image=\u00bb6760&#8243; img_size=\u00bbfull\u00bb alignment=\u00bbcenter\u00bb css_animation=\u00bbfadeInRight\u00bb css=\u00bb.vc_custom_1646317113417{margin-bottom: 0px !important;}\u00bb][vc_column_text el_class=\u00bbmobile-description-show\u00bb css=\u00bb.vc_custom_1641487836049{margin-bottom: 0px !important;}\u00bb][yith_wc_productslider id=\u00bb4983&#8243;][\/vc_column_text][\/vc_column][\/vc_row][vc_row full_width=\u00bbstretch_row_content_no_spaces\u00bb equal_height=\u00bbyes\u00bb content_placement=\u00bbmiddle\u00bb][vc_column width=\u00bb1\/2&#8243; el_class=\u00bbmobile-bg mobile-bg3&#8243;][vc_single_image image=\u00bb5442&#8243; img_size=\u00bbfull\u00bb alignment=\u00bbcenter\u00bb css_animation=\u00bbfadeInLeft\u00bb css=\u00bb.vc_custom_1641486796792{margin-bottom: 0px !important;}\u00bb][vc_custom_heading text=\u00bbLinternas de exterior\u00bb font_container=\u00bbtag:h2|font_size:20pt|text_align:center|color:%23ffffff|line_height:30px\u00bb use_theme_fonts=\u00bbyes\u00bb css_animation=\u00bbnone\u00bb css=\u00bb.vc_custom_1644155397083{margin-bottom: 20px !important;}\u00bb el_class=\u00bbh2-mobile-show\u00bb][vc_column_text css=\u00bb.vc_custom_1644934199503{margin-bottom: 20px !important;}\u00bb el_class=\u00bbmobile-description-show\u00bb]<\/p>\n<p style=\"text-align: center;\">Encuentre la luz adecuada para cualquier uso con m\u00faltiples modos de luz y resistencia al agua para soportar el clima m\u00e1s extremo o una emergencia.<\/p>\n<p>[\/vc_column_text][\/vc_column][vc_column width=\u00bb1\/2&#8243; css=\u00bb.vc_custom_1642803622121{margin-bottom: 0px !important;padding-top: 30px !important;padding-right: 40px !important;padding-bottom: 30px !important;padding-left: 50px !important;}\u00bb el_class=\u00bbnavigation-bottom last-pro-section\u00bb][vc_custom_heading text=\u00bbLinternas de exterior\u00bb font_container=\u00bbtag:h2|font_size:45px|text_align:left|color:%23232323|line_height:54px\u00bb use_theme_fonts=\u00bbyes\u00bb css_animation=\u00bbnone\u00bb css=\u00bb.vc_custom_1644156371676{margin-bottom: 20px !important;}\u00bb el_class=\u00bbitems-mobile-hide\u00bb][vc_column_text css=\u00bb.vc_custom_1644934189671{margin-bottom: 20px !important;}\u00bb el_class=\u00bbitems-mobile-hide\u00bb]<span style=\"color: #232323;\">Encuentre la luz adecuada para cualquier uso con m\u00faltiples modos de luz y resistencia al agua para soportar el clima m\u00e1s extremo o una emergencia.<\/span>[\/vc_column_text][vc_column_text css=\u00bb.vc_custom_1644155822924{margin-bottom: 0px !important;}\u00bb el_class=\u00bbbottom-product-slider\u00bb][yith_wc_productslider id=\u00bb4989&#8243;][\/vc_column_text][\/vc_column][\/vc_row][vc_section full_width=\u00bbstretch_row\u00bb css=\u00bb.vc_custom_1641153186861{padding-top: 60px !important;padding-bottom: 40px !important;background-color: #232323 !important;}\u00bb][vc_row full_width=\u00bbstretch_row\u00bb content_placement=\u00bbmiddle\u00bb][vc_column width=\u00bb1\/3&#8243;][vc_custom_heading text=\u00bbGarant\u00eda\u00bb font_container=\u00bbtag:h2|font_size:45px|text_align:center|color:%23ffffff|line_height:54px\u00bb use_theme_fonts=\u00bbyes\u00bb css_animation=\u00bbnone\u00bb css=\u00bb.vc_custom_1641152757899{margin-bottom: 40px !important;}\u00bb][vc_single_image image=\u00bb5747&#8243; img_size=\u00bbfull\u00bb alignment=\u00bbcenter\u00bb css_animation=\u00bbfadeInUp\u00bb css=\u00bb.vc_custom_1641154240878{margin-bottom: 15px !important;}\u00bb][vc_column_text css_animation=\u00bbfadeInUp\u00bb]<\/p>\n<p style=\"text-align: center; font-size: 18px; font-weight: 600;\"><span style=\"color: #c28d64;\">Limitado a 3 a\u00f1os<\/span><br \/>\n<span style=\"color: #c28d64;\">Garant\u00eda<\/span><\/p>\n<p>[\/vc_column_text][\/vc_column][vc_column width=\u00bb1\/3&#8243;][vc_custom_heading text=\u00bbDevuelve\u00bb font_container=\u00bbtag:h2|font_size:45px|text_align:center|color:%23ffffff|line_height:54px\u00bb use_theme_fonts=\u00bbyes\u00bb css_animation=\u00bbnone\u00bb css=\u00bb.vc_custom_1641152972659{margin-bottom: 40px !important;}\u00bb][vc_single_image image=\u00bb5686&#8243; img_size=\u00bbfull\u00bb alignment=\u00bbcenter\u00bb css_animation=\u00bbfadeInUp\u00bb css=\u00bb.vc_custom_1641154255851{margin-bottom: 15px !important;}\u00bb][vc_column_text css_animation=\u00bbfadeInUp\u00bb]<\/p>\n<p style=\"text-align: center; font-size: 18px; font-weight: 600;\"><span style=\"color: #c28d64;\">45 d\u00edas de satisfacci\u00f3n<\/span><br \/>\n<span style=\"color: #c28d64;\">Garant\u00eda<\/span><\/p>\n<p>[\/vc_column_text][\/vc_column][vc_column width=\u00bb1\/3&#8243;][vc_custom_heading text=\u00bbEnv\u00edo\u00bb font_container=\u00bbtag:h2|font_size:45px|text_align:center|color:%23ffffff|line_height:54px\u00bb use_theme_fonts=\u00bbyes\u00bb css_animation=\u00bbnone\u00bb css=\u00bb.vc_custom_1641153051427{margin-bottom: 40px !important;}\u00bb][vc_single_image image=\u00bb5665&#8243; img_size=\u00bbfull\u00bb alignment=\u00bbcenter\u00bb css_animation=\u00bbfadeInUp\u00bb css=\u00bb.vc_custom_1641154272675{margin-bottom: 15px !important;}\u00bb][vc_column_text css_animation=\u00bbfadeInUp\u00bb]<\/p>\n<p style=\"text-align: center; font-size: 18px; font-weight: 600;\"><span style=\"color: #c28d64;\">Env\u00edo r\u00e1pido y gratuito<\/span><br \/>\n<span style=\"color: #c28d64;\">Para pedidos superiores a 50 d\u00f3lares<\/span><\/p>\n<p>[\/vc_column_text][\/vc_column][\/vc_row][\/vc_section][vc_section full_width=\u00bbstretch_row\u00bb css=\u00bb.vc_custom_1642265827942{padding-top: 100px !important;padding-bottom: 100px !important;background-image: url(https:\/\/duracelllights.com\/wp-content\/uploads\/2022\/01\/cristofer-maximilian-YK8Mvocj6yE-unsplash-2-min.jpg?id=4950) !important;background-position: center !important;background-repeat: no-repeat !important;background-size: cover !important;}\u00bb el_class=\u00bbman-with-light\u00bb][vc_row full_width=\u00bbstretch_row\u00bb][vc_column css_animation=\u00bbfadeInLeft\u00bb width=\u00bb1\/2&#8243;][vc_row_inner css=\u00bb.vc_custom_1641154179547{margin-bottom: 50px !important;padding-top: 30px !important;padding-right: 30px !important;padding-bottom: 30px !important;padding-left: 30px !important;background-color: #ffffff !important;border-radius: 20px !important;}\u00bb][vc_column_inner css=\u00bb.vc_custom_1641153752498{padding-top: 0px !important;}\u00bb][vc_custom_heading text=\u00bbDurabilidad\u00bb font_container=\u00bbtag:h2|font_size:45px|text_align:left|color:%23232323|line_height:54px\u00bb use_theme_fonts=\u00bbyes\u00bb css_animation=\u00bbnone\u00bb css=\u00bb.vc_custom_1641153810542{margin-bottom: 20px !important;}\u00bb][vc_column_text css=\u00bb.vc_custom_1641153759811{margin-bottom: 0px !important;}\u00bb]Las linternas Duracell est\u00e1n fabricadas con aluminio de calidad aeron\u00e1utica que hace que nuestra iluminaci\u00f3n sea ligera y duradera.[\/vc_column_text][\/vc_column_inner][\/vc_row_inner][vc_row_inner css=\u00bb.vc_custom_1641153871010{margin-bottom: 50px !important;padding-top: 30px !important;padding-right: 30px !important;padding-bottom: 30px !important;padding-left: 30px !important;background-color: #ffffff !important;border-radius: 20px !important;}\u00bb][vc_column_inner css=\u00bb.vc_custom_1641153752498{padding-top: 0px !important;}\u00bb][vc_custom_heading text=\u00bbInnovaci\u00f3n\u00bb font_container=\u00bbtag:h2|font_size:45px|text_align:left|color:%23232323|line_height:54px\u00bb use_theme_fonts=\u00bbyes\u00bb css_animation=\u00bbnone\u00bb css=\u00bb.vc_custom_1641153879604{margin-bottom: 20px !important;}\u00bb][vc_column_text css=\u00bb.vc_custom_1641153888412{margin-bottom: 0px !important;}\u00bb]La l\u00ednea de luces de Duracell utiliza la tecnolog\u00eda patentada de Infinity X1 para maximizar la potencia lum\u00ednica total con la menor potencia posible.[\/vc_column_text][\/vc_column_inner][\/vc_row_inner][vc_row_inner css=\u00bb.vc_custom_1641153920138{padding-top: 30px !important;padding-right: 30px !important;padding-bottom: 30px !important;padding-left: 30px !important;background-color: #ffffff !important;border-radius: 20px !important;}\u00bb][vc_column_inner css=\u00bb.vc_custom_1641153752498{padding-top: 0px !important;}\u00bb][vc_custom_heading text=\u00bbRendimiento\u00bb font_container=\u00bbtag:h2|font_size:45px|text_align:left|color:%23232323|line_height:54px\u00bb use_theme_fonts=\u00bbyes\u00bb css_animation=\u00bbnone\u00bb css=\u00bb.vc_custom_1641153902628{margin-bottom: 20px !important;}\u00bb][vc_column_text css=\u00bb.vc_custom_1641153912236{margin-bottom: 0px !important;}\u00bb]Iluminaci\u00f3n de hasta: 2500 L\u00famenes, 22 horas de uso y 150m de distancia del haz de luz.[\/vc_column_text][\/vc_column_inner][\/vc_row_inner][\/vc_column][vc_column width=\u00bb1\/2&#8243;][\/vc_column][\/vc_row][\/vc_section]<\/p>\n<\/div>","protected":false},"excerpt":{"rendered":"<p>[vc_section full_width=\u00bbstretch_row\u00bb css=\u00bb.vc_custom_1641153688927{background-image: url(https:\/\/duracelllights.com\/wp-content\/uploads\/2021\/12\/bg-min.jpg?id=4941) !important;background-position: center !important;background-repeat: no-repeat !important;background-size: cover !important;}\u00bb][vc_row content_placement=\u00bbmiddle\u00bb css=\u00bb.vc_custom_1640717566917{padding-top: 200px !important;padding-bottom: 200px !important;}\u00bb][vc_column][vc_custom_heading text=\u00bbLuces de exterior tan resistentes como t\u00fa.\u00bb font_container=\u00bbtag:h1|font_size:65px|text_align:center|color:%23ffffff|line_height:78px\u00bb use_theme_fonts=\u00bbyes\u00bb css_animation=\u00bbfadeInUp\u00bb css=\u00bb.vc_custom_1640717758644{margin-bottom: 20px !important;}\u00bb][vc_column_text css_animation=\u00bbfadeInUp\u00bb] Los productos de iluminaci\u00f3n exterior de Duracell est\u00e1n dise\u00f1ados para rendimiento, eficiencia y facilidad de uso. [\/vc_column_text][\/vc_column][\/vc_row][\/vc_section][vc_row full_width=\u00bbstretch_row_content\u00bb equal_height=\u00bbyes\u00bb el_class=\u00bbsale-special-section new-design\u00bb][vc_column width=\u00bb1\/2&#8243; css=\u00bb.vc_custom_1642256894702{padding-top: 35px [&hellip;]<\/p>\n","protected":false},"author":42,"featured_media":0,"parent":0,"menu_order":0,"comment_status":"closed","ping_status":"closed","template":"","meta":{"_acf_changed":false,"footnotes":""},"class_list":["post-6775","page","type-page","status-publish","hentry"],"acf":[],"_links":{"self":[{"href":"https:\/\/duracelllights.com\/es\/wp-json\/wp\/v2\/pages\/6775","targetHints":{"allow":["GET"]}}],"collection":[{"href":"https:\/\/duracelllights.com\/es\/wp-json\/wp\/v2\/pages"}],"about":[{"href":"https:\/\/duracelllights.com\/es\/wp-json\/wp\/v2\/types\/page"}],"author":[{"embeddable":true,"href":"https:\/\/duracelllights.com\/es\/wp-json\/wp\/v2\/users\/42"}],"replies":[{"embeddable":true,"href":"https:\/\/duracelllights.com\/es\/wp-json\/wp\/v2\/comments?post=6775"}],"version-history":[{"count":0,"href":"https:\/\/duracelllights.com\/es\/wp-json\/wp\/v2\/pages\/6775\/revisions"}],"wp:attachment":[{"href":"https:\/\/duracelllights.com\/es\/wp-json\/wp\/v2\/media?parent=6775"}],"curies":[{"name":"wp","href":"https:\/\/api.w.org\/{rel}","templated":true}]}}