{"id":6781,"date":"2021-10-12T15:09:22","date_gmt":"2021-10-12T15:09:22","guid":{"rendered":"https:\/\/duracelllights.com\/agradecimiento-a-los-suscriptores\/"},"modified":"2022-07-27T22:16:09","modified_gmt":"2022-07-27T22:16:09","slug":"agradecimiento-a-los-suscriptores","status":"publish","type":"page","link":"https:\/\/duracelllights.com\/es\/agradecimiento-a-los-suscriptores\/","title":{"rendered":"Agradecimiento a los suscriptores"},"content":{"rendered":"\n<div style=\"height:100px\" aria-hidden=\"true\" class=\"wp-block-spacer\"><\/div>\n\n<h2 class=\"wp-block-heading\"><strong>Tu cup\u00f3n ha sido enviado.<\/strong><\/h2>\n\n<p>Compruebe su correo electr\u00f3nico para ver si hay un mensaje de confirmaci\u00f3n. Una vez que tengas tu c\u00f3digo de cup\u00f3n, <a href=\"https:\/\/duracelllights.com\/es\/tienda\/\">busca en nuestra tienda<\/a>.  <\/p>\n\n<div class=\"wp-block-buttons is-layout-flex wp-block-buttons-is-layout-flex\"><\/div>\n\n<div style=\"height:100px\" aria-hidden=\"true\" class=\"wp-block-spacer\"><\/div>\n","protected":false},"excerpt":{"rendered":"<p>Tu cup\u00f3n ha sido enviado. Compruebe su correo electr\u00f3nico para ver si hay un mensaje de confirmaci\u00f3n. Una vez que tengas tu c\u00f3digo de cup\u00f3n, busca en nuestra tienda.<\/p>\n","protected":false},"author":42,"featured_media":0,"parent":0,"menu_order":0,"comment_status":"closed","ping_status":"closed","template":"","meta":{"_acf_changed":false,"footnotes":""},"class_list":["post-6781","page","type-page","status-publish","hentry"],"acf":[],"_links":{"self":[{"href":"https:\/\/duracelllights.com\/es\/wp-json\/wp\/v2\/pages\/6781","targetHints":{"allow":["GET"]}}],"collection":[{"href":"https:\/\/duracelllights.com\/es\/wp-json\/wp\/v2\/pages"}],"about":[{"href":"https:\/\/duracelllights.com\/es\/wp-json\/wp\/v2\/types\/page"}],"author":[{"embeddable":true,"href":"https:\/\/duracelllights.com\/es\/wp-json\/wp\/v2\/users\/42"}],"replies":[{"embeddable":true,"href":"https:\/\/duracelllights.com\/es\/wp-json\/wp\/v2\/comments?post=6781"}],"version-history":[{"count":0,"href":"https:\/\/duracelllights.com\/es\/wp-json\/wp\/v2\/pages\/6781\/revisions"}],"wp:attachment":[{"href":"https:\/\/duracelllights.com\/es\/wp-json\/wp\/v2\/media?parent=6781"}],"curies":[{"name":"wp","href":"https:\/\/api.w.org\/{rel}","templated":true}]}}