{"id":12212,"date":"2022-10-27T16:36:22","date_gmt":"2022-10-27T16:36:22","guid":{"rendered":"https:\/\/duracelllights.com\/?post_type=product&#038;p=12212"},"modified":"2025-04-15T18:44:20","modified_gmt":"2025-04-15T18:44:20","slug":"paquete-de-faros-duracell-3-piezas","status":"publish","type":"product","link":"https:\/\/duracelllights.com\/es\/producto\/paquete-de-faros-duracell-3-piezas\/","title":{"rendered":"Paquete de faros..."},"content":{"rendered":"<p>Compre un paquete y ahorre dinero. Con el pack de 3 linternas frontales recibir\u00e1s 3 de nuestras linternas frontales m\u00e1s vendidas y te llevar\u00e1s una de ellas gratis. Esta oferta es exclusiva de DuracellLights.com. Haga su pedido hoy mismo.<\/p>\n","protected":false},"excerpt":{"rendered":"<p>Haz un paquete y ahorra dinero. Con el pack de 3 linternas frontales recibir\u00e1s 3 de nuestras linternas frontales m\u00e1s vendidas y te llevar\u00e1s una de ellas gratis. Esta oferta es exclusiva de DuracellLights.com. Haga su pedido hoy mismo.<\/p>\n","protected":false},"featured_media":5189,"template":"","meta":{"_acf_changed":false},"product_brand":[],"product_cat":[443,440],"product_tag":[],"class_list":{"0":"post-12212","1":"product","2":"type-product","3":"status-publish","4":"has-post-thumbnail","6":"product_cat-faros","7":"product_cat-manojos","9":"first","10":"instock","11":"taxable","12":"shipping-taxable","13":"product-type-external"},"acf":[],"_links":{"self":[{"href":"https:\/\/duracelllights.com\/es\/wp-json\/wp\/v2\/product\/12212","targetHints":{"allow":["GET"]}}],"collection":[{"href":"https:\/\/duracelllights.com\/es\/wp-json\/wp\/v2\/product"}],"about":[{"href":"https:\/\/duracelllights.com\/es\/wp-json\/wp\/v2\/types\/product"}],"wp:featuredmedia":[{"embeddable":true,"href":"https:\/\/duracelllights.com\/es\/wp-json\/wp\/v2\/media\/5189"}],"wp:attachment":[{"href":"https:\/\/duracelllights.com\/es\/wp-json\/wp\/v2\/media?parent=12212"}],"wp:term":[{"taxonomy":"product_brand","embeddable":true,"href":"https:\/\/duracelllights.com\/es\/wp-json\/wp\/v2\/product_brand?post=12212"},{"taxonomy":"product_cat","embeddable":true,"href":"https:\/\/duracelllights.com\/es\/wp-json\/wp\/v2\/product_cat?post=12212"},{"taxonomy":"product_tag","embeddable":true,"href":"https:\/\/duracelllights.com\/es\/wp-json\/wp\/v2\/product_tag?post=12212"}],"curies":[{"name":"wp","href":"https:\/\/api.w.org\/{rel}","templated":true}]}}