{"id":12215,"date":"2022-10-27T16:47:26","date_gmt":"2022-10-27T16:47:26","guid":{"rendered":"https:\/\/duracelllights.com\/?post_type=product&#038;p=12215"},"modified":"2025-04-15T18:44:23","modified_gmt":"2025-04-15T18:44:23","slug":"paquete-combinado-de-duracell-para-camping","status":"publish","type":"product","link":"https:\/\/duracelllights.com\/es\/producto\/paquete-combinado-de-duracell-para-camping\/","title":{"rendered":"Paquete combinado de..."},"content":{"rendered":"<ul class=\"a-unordered-list a-vertical a-spacing-mini\">\n<li><span class=\"a-list-item\">3 en 1 : Las linternas Duracell est\u00e1n fabricadas con aluminio de grado aeron\u00e1utico resistente y duradero, lo que hace que esta linterna sea pr\u00e1cticamente indestructible, y cuenta con un interruptor de cola para facilitar su uso. Nuestra linterna frontal cuenta con una correa ajustable y ultraconfortable que se adapta perfectamente a la cabeza para ofrecer una comodidad y una sujeci\u00f3n inigualables, a la vez que mantiene las manos libres para concentrarse en la tarea. Nuestra linterna tiene un dise\u00f1o compacto con una tapa de mosquet\u00f3n integrada para colgarla f\u00e1cilmente donde la necesites. <\/span><\/li>\n<li><span class=\"a-list-item\">RESISTENTE AL AGUA: Los 3 productos son resistentes al agua IPX4 para soportar incluso las condiciones clim\u00e1ticas m\u00e1s extremas.<\/span><\/li>\n<li><span class=\"a-list-item\">MUCHOS MODOS DE LUZ DIFERENTES: Cada uno de estos productos ofrece diferentes modos de luz para una incre\u00edble visibilidad en cualquier entorno.<\/span><\/li>\n<li><span class=\"a-list-item\">PILAS INCLUIDAS: Proporciona horas de luz ultra brillante en modo alto con la opci\u00f3n de maximizar su bater\u00eda cambiando a bajo.<\/span><\/li>\n<li><span class=\"a-list-item\">IDEAL PARA EL USO EN EXTERIORES: Estos 3 productos son f\u00e1ciles de usar. Est\u00e1n dise\u00f1ados para cualquier aventura al aire libre. <\/span><\/li>\n<\/ul>\n","protected":false},"excerpt":{"rendered":"<ul class=\"a-unordered-list a-vertical a-spacing-mini\">\n<li><span class=\"a-list-item\">3 en 1 : Las linternas Duracell est\u00e1n fabricadas con aluminio de grado aeron\u00e1utico resistente y duradero, lo que hace que esta linterna sea pr\u00e1cticamente indestructible, y cuenta con un interruptor de cola para facilitar su uso. Nuestra linterna frontal cuenta con una correa ajustable y ultraconfortable que se adapta perfectamente a la cabeza para ofrecer una comodidad y una sujeci\u00f3n inigualables, a la vez que mantiene las manos libres para concentrarse en la tarea. Nuestra linterna tiene un dise\u00f1o compacto con una tapa de mosquet\u00f3n integrada para colgarla f\u00e1cilmente donde la necesites. <\/span><\/li>\n<li><span class=\"a-list-item\">RESISTENTE AL AGUA: Los 3 productos son resistentes al agua IPX4 para soportar incluso las condiciones clim\u00e1ticas m\u00e1s extremas.<\/span><\/li>\n<li><span class=\"a-list-item\">MUCHOS MODOS DE LUZ DIFERENTES: Cada uno de estos productos ofrece diferentes modos de luz para una incre\u00edble visibilidad en cualquier entorno.<\/span><\/li>\n<li><span class=\"a-list-item\">PILAS INCLUIDAS: Proporciona horas de luz ultra brillante en modo alto con la opci\u00f3n de maximizar su bater\u00eda cambiando a bajo.<\/span><\/li>\n<li><span class=\"a-list-item\">IDEAL PARA EL USO EN EXTERIORES: Estos 3 productos son f\u00e1ciles de usar. Est\u00e1n dise\u00f1ados para cualquier aventura al aire libre. <\/span><\/li>\n<\/ul>\n","protected":false},"featured_media":6754,"template":"","meta":{"_acf_changed":false},"product_brand":[],"product_cat":[440],"product_tag":[],"class_list":{"0":"post-12215","1":"product","2":"type-product","3":"status-publish","4":"has-post-thumbnail","6":"product_cat-manojos","8":"first","9":"instock","10":"taxable","11":"shipping-taxable","12":"product-type-external"},"acf":[],"_links":{"self":[{"href":"https:\/\/duracelllights.com\/es\/wp-json\/wp\/v2\/product\/12215","targetHints":{"allow":["GET"]}}],"collection":[{"href":"https:\/\/duracelllights.com\/es\/wp-json\/wp\/v2\/product"}],"about":[{"href":"https:\/\/duracelllights.com\/es\/wp-json\/wp\/v2\/types\/product"}],"wp:featuredmedia":[{"embeddable":true,"href":"https:\/\/duracelllights.com\/es\/wp-json\/wp\/v2\/media\/6754"}],"wp:attachment":[{"href":"https:\/\/duracelllights.com\/es\/wp-json\/wp\/v2\/media?parent=12215"}],"wp:term":[{"taxonomy":"product_brand","embeddable":true,"href":"https:\/\/duracelllights.com\/es\/wp-json\/wp\/v2\/product_brand?post=12215"},{"taxonomy":"product_cat","embeddable":true,"href":"https:\/\/duracelllights.com\/es\/wp-json\/wp\/v2\/product_cat?post=12215"},{"taxonomy":"product_tag","embeddable":true,"href":"https:\/\/duracelllights.com\/es\/wp-json\/wp\/v2\/product_tag?post=12215"}],"curies":[{"name":"wp","href":"https:\/\/api.w.org\/{rel}","templated":true}]}}