{"id":12218,"date":"2022-10-27T19:27:05","date_gmt":"2022-10-27T19:27:05","guid":{"rendered":"https:\/\/duracelllights.com\/?post_type=product&#038;p=12218"},"modified":"2025-04-15T18:44:28","modified_gmt":"2025-04-15T18:44:28","slug":"paquete-de-faros-duracell-2-piezas","status":"publish","type":"product","link":"https:\/\/duracelllights.com\/es\/producto\/paquete-de-faros-duracell-2-piezas\/","title":{"rendered":"Paquete de faros..."},"content":{"rendered":"<ul>\n<li aria-level=\"1\">Resistencia al agua IPX4 para soportar incluso las condiciones clim\u00e1ticas m\u00e1s extremas.<\/li>\n<li aria-level=\"1\">Correa de cabeza ajustable y ultraconfortable.<\/li>\n<li aria-level=\"1\">5 modos de luz: Cambia entre Spot &amp; Flood (550 l\u00famenes), Flood (200 l\u00famenes), Red Beam, Green Beam y Red Flasher<\/li>\n<li aria-level=\"1\">Funciona con 3 pilas AAA (incluidas).<\/li>\n<li aria-level=\"1\">Uso en interiores y exteriores: Ll\u00e9vala contigo para actividades al aire libre, como acampadas y excursiones, o util\u00edzala en casa para los apagones y las tareas cotidianas.<\/li>\n<\/ul>\n","protected":false},"excerpt":{"rendered":"<p>&nbsp;<\/p>\n<p>Compre un paquete y ahorre dinero. Con el pack de 2 faros recibir\u00e1s 2 de nuestros faros m\u00e1s vendidos y obtendr\u00e1s un 50% de descuento en uno de ellos. Esta oferta es exclusiva de DuracellLights.com. Haga su pedido hoy mismo.<\/p>\n","protected":false},"featured_media":5190,"template":"","meta":{"_acf_changed":false},"product_brand":[],"product_cat":[443,440],"product_tag":[],"class_list":{"0":"post-12218","1":"product","2":"type-product","3":"status-publish","4":"has-post-thumbnail","6":"product_cat-faros","7":"product_cat-manojos","9":"first","10":"instock","11":"taxable","12":"shipping-taxable","13":"product-type-external"},"acf":[],"_links":{"self":[{"href":"https:\/\/duracelllights.com\/es\/wp-json\/wp\/v2\/product\/12218","targetHints":{"allow":["GET"]}}],"collection":[{"href":"https:\/\/duracelllights.com\/es\/wp-json\/wp\/v2\/product"}],"about":[{"href":"https:\/\/duracelllights.com\/es\/wp-json\/wp\/v2\/types\/product"}],"wp:featuredmedia":[{"embeddable":true,"href":"https:\/\/duracelllights.com\/es\/wp-json\/wp\/v2\/media\/5190"}],"wp:attachment":[{"href":"https:\/\/duracelllights.com\/es\/wp-json\/wp\/v2\/media?parent=12218"}],"wp:term":[{"taxonomy":"product_brand","embeddable":true,"href":"https:\/\/duracelllights.com\/es\/wp-json\/wp\/v2\/product_brand?post=12218"},{"taxonomy":"product_cat","embeddable":true,"href":"https:\/\/duracelllights.com\/es\/wp-json\/wp\/v2\/product_cat?post=12218"},{"taxonomy":"product_tag","embeddable":true,"href":"https:\/\/duracelllights.com\/es\/wp-json\/wp\/v2\/product_tag?post=12218"}],"curies":[{"name":"wp","href":"https:\/\/api.w.org\/{rel}","templated":true}]}}