{"id":12226,"date":"2022-10-27T21:06:40","date_gmt":"2022-10-27T21:06:40","guid":{"rendered":"https:\/\/duracelllights.com\/?post_type=product&#038;p=12226"},"modified":"2025-04-15T18:44:43","modified_gmt":"2025-04-15T18:44:43","slug":"linterna-de-enfoque-de-aluminio-duracell-led-700","status":"publish","type":"product","link":"https:\/\/duracelllights.com\/es\/producto\/linterna-de-enfoque-de-aluminio-duracell-led-700\/","title":{"rendered":"Linterna de Enfoque..."},"content":{"rendered":"<div class=\"wpb-content-wrapper\"><p>[vc_row full_width=\u00bbstretch_row\u00bb equal_height=\u00bbyes\u00bb][vc_column][vc_column_text]<\/p>\n<p style=\"text-align: center;\"><strong>700 Lumen<\/strong><br \/>\n<strong>Aluminio de grado aeron\u00e1utico<\/strong><br \/>\n<strong>4 pilas Duracell AA incluidas<\/strong><br \/>\n<strong>3 Modos<\/strong><br \/>\nAlta<br \/>\nBajo<br \/>\nEstroboscopio<br \/>\n<strong>Linterna de enfoque<\/strong><br \/>\n<strong>Interruptor de la tapa trasera<\/strong><\/p>\n<p>[\/vc_column_text][\/vc_column][\/vc_row]<\/p>\n<\/div>","protected":false},"excerpt":{"rendered":"<p>Los 700 l\u00famenes de esta ponderosa linterna de enfoque proveen una luz blanca brillante para cualquier aplicaci\u00f3n. Construida para Acampar, Al Aire Libre, Emergencias. Conf\u00ede en Duracell para un poder y luz confiables en cualquier situaci\u00f3n.<\/p>\n","protected":false},"featured_media":6275,"template":"","meta":{"_acf_changed":false},"product_brand":[],"product_cat":[441],"product_tag":[],"class_list":{"0":"post-12226","1":"product","2":"type-product","3":"status-publish","4":"has-post-thumbnail","6":"product_cat-linternas","7":"pa_common-uses-camping-es","8":"pa_common-uses-emergencia","9":"pa_common-uses-exterior","10":"pa_common-uses-inicio","11":"pa_common-uses-trabajo-comercio","13":"first","14":"instock","15":"taxable","16":"shipping-taxable","17":"product-type-external"},"acf":[],"_links":{"self":[{"href":"https:\/\/duracelllights.com\/es\/wp-json\/wp\/v2\/product\/12226","targetHints":{"allow":["GET"]}}],"collection":[{"href":"https:\/\/duracelllights.com\/es\/wp-json\/wp\/v2\/product"}],"about":[{"href":"https:\/\/duracelllights.com\/es\/wp-json\/wp\/v2\/types\/product"}],"wp:featuredmedia":[{"embeddable":true,"href":"https:\/\/duracelllights.com\/es\/wp-json\/wp\/v2\/media\/6275"}],"wp:attachment":[{"href":"https:\/\/duracelllights.com\/es\/wp-json\/wp\/v2\/media?parent=12226"}],"wp:term":[{"taxonomy":"product_brand","embeddable":true,"href":"https:\/\/duracelllights.com\/es\/wp-json\/wp\/v2\/product_brand?post=12226"},{"taxonomy":"product_cat","embeddable":true,"href":"https:\/\/duracelllights.com\/es\/wp-json\/wp\/v2\/product_cat?post=12226"},{"taxonomy":"product_tag","embeddable":true,"href":"https:\/\/duracelllights.com\/es\/wp-json\/wp\/v2\/product_tag?post=12226"}],"curies":[{"name":"wp","href":"https:\/\/api.w.org\/{rel}","templated":true}]}}