{"id":12230,"date":"2022-10-27T21:38:04","date_gmt":"2022-10-27T21:38:04","guid":{"rendered":"https:\/\/duracelllights.com\/?post_type=product&#038;p=12230"},"modified":"2025-04-15T18:44:56","modified_gmt":"2025-04-15T18:44:56","slug":"linterna-de-enfoque-de-aluminio-duracell-led-2500","status":"publish","type":"product","link":"https:\/\/duracelllights.com\/es\/producto\/linterna-de-enfoque-de-aluminio-duracell-led-2500\/","title":{"rendered":"Linterna de Enfoque..."},"content":{"rendered":"<div class=\"wpb-content-wrapper\"><p>[vc_row full_width=\u00bbstretch_row\u00bb equal_height=\u00bbyes\u00bb][vc_column][vc_column_text]<\/p>\n<p style=\"text-align: center;\"><strong>2500 Lumen<\/strong><br \/>\n<strong>Aluminio de grado aeron\u00e1utico<\/strong><br \/>\n<strong>Pilas Duracell 9AA incluidas<\/strong><br \/>\n<strong>3 Modos<\/strong><br \/>\nAlta<br \/>\nBajo<br \/>\nEstroboscopio<br \/>\n<strong>Linterna de enfoque<\/strong><br \/>\n<strong>Interruptor de la tapa trasera<\/strong><\/p>\n<p>[\/vc_column_text][\/vc_column][\/vc_row]<\/p>\n<\/div>","protected":false},"excerpt":{"rendered":"<p>Introducimos la luz m\u00e1s potente hasta la fecha de Duracell. 2500 l\u00famenes de luz blanca brillante significan que la Linterna LED de Enfoque es ideal para las condiciones extremas al aire libre, como la b\u00fasqueda y rescate, y la cacer\u00eda. Tambi\u00e9n es ideal para las actividades recreativas en grandes propiedades.<\/p>\n","protected":false},"featured_media":6304,"template":"","meta":{"_acf_changed":false},"product_brand":[],"product_cat":[441],"product_tag":[],"class_list":{"0":"post-12230","1":"product","2":"type-product","3":"status-publish","4":"has-post-thumbnail","6":"product_cat-linternas","7":"pa_common-uses-emergencia","8":"pa_common-uses-exterior","9":"pa_common-uses-trabajo-comercio","11":"first","12":"instock","13":"taxable","14":"shipping-taxable","15":"product-type-external"},"acf":[],"_links":{"self":[{"href":"https:\/\/duracelllights.com\/es\/wp-json\/wp\/v2\/product\/12230","targetHints":{"allow":["GET"]}}],"collection":[{"href":"https:\/\/duracelllights.com\/es\/wp-json\/wp\/v2\/product"}],"about":[{"href":"https:\/\/duracelllights.com\/es\/wp-json\/wp\/v2\/types\/product"}],"wp:featuredmedia":[{"embeddable":true,"href":"https:\/\/duracelllights.com\/es\/wp-json\/wp\/v2\/media\/6304"}],"wp:attachment":[{"href":"https:\/\/duracelllights.com\/es\/wp-json\/wp\/v2\/media?parent=12230"}],"wp:term":[{"taxonomy":"product_brand","embeddable":true,"href":"https:\/\/duracelllights.com\/es\/wp-json\/wp\/v2\/product_brand?post=12230"},{"taxonomy":"product_cat","embeddable":true,"href":"https:\/\/duracelllights.com\/es\/wp-json\/wp\/v2\/product_cat?post=12230"},{"taxonomy":"product_tag","embeddable":true,"href":"https:\/\/duracelllights.com\/es\/wp-json\/wp\/v2\/product_tag?post=12230"}],"curies":[{"name":"wp","href":"https:\/\/api.w.org\/{rel}","templated":true}]}}