{"id":12235,"date":"2022-10-28T14:20:54","date_gmt":"2022-10-28T14:20:54","guid":{"rendered":"https:\/\/duracelllights.com\/?post_type=product&#038;p=12235"},"modified":"2025-04-15T18:45:02","modified_gmt":"2025-04-15T18:45:02","slug":"linterna-compacta-con-alta-precision-de-color-duracell-led-150","status":"publish","type":"product","link":"https:\/\/duracelllights.com\/es\/producto\/linterna-compacta-con-alta-precision-de-color-duracell-led-150\/","title":{"rendered":"Linterna Compacta con..."},"content":{"rendered":"<div class=\"wpb-content-wrapper\"><p>[vc_row full_width=\u00bbstretch_row\u00bb equal_height=\u00bbyes\u00bb][vc_column][vc_column_text]<\/p>\n<p style=\"text-align: center;\"><strong>150 Lumen<\/strong><br \/>\n<strong>Ultracompacto<\/strong><br \/>\n<strong>Transporte cotidiano<\/strong><br \/>\n<strong>Color verdadero<\/strong><br \/>\n<strong>CRI 80<\/strong><br \/>\n<strong>Luz c\u00e1lida<\/strong><br \/>\n<strong>Clip extra\u00edble<\/strong><br \/>\n<strong>4 Modos<\/strong><br \/>\nAlta<br \/>\nMedio<br \/>\nBajo<br \/>\nEstroboscopio<br \/>\n<strong>Utiliza 1 pila AA<\/strong><br \/>\n<strong>Aluminio de grado aeron\u00e1utico<\/strong><\/p>\n<p>[\/vc_column_text][\/vc_column][\/vc_row]<\/p>\n<\/div>","protected":false},"excerpt":{"rendered":"<p class=\"p1\">La linterna de Transporte Diario (EDC) Duracell LED de 150 L\u00famenes provee la m\u00e1s alta calidad de iluminaci\u00f3n de color verdadero para cualquier proyecto. Con un \u00cdndice de Reproducci\u00f3n Crom\u00e1tica de CR80, lo que est\u00e1 viendo ser\u00e1 fiel a su color verdadero. No importa si est\u00e1 trabajando en un proyecto de cableado o mirando colores de pintura, esta es la mejor iluminaci\u00f3n para sus necesidades. La linterna compacta EDC es duradera y puede caber en su bolsillo o cintur\u00f3n de herramientas.<\/p>\n","protected":false},"featured_media":6306,"template":"","meta":{"_acf_changed":false},"product_brand":[],"product_cat":[441],"product_tag":[450,449,452],"class_list":{"0":"post-12235","1":"product","2":"type-product","3":"status-publish","4":"has-post-thumbnail","6":"product_cat-linternas","7":"product_tag-hogar","8":"product_tag-emergencia","9":"product_tag-trabajo-comercio","10":"pa_common-uses-emergencia","11":"pa_common-uses-inicio","12":"pa_common-uses-trabajo-comercio","14":"first","15":"instock","16":"taxable","17":"shipping-taxable","18":"product-type-external"},"acf":[],"_links":{"self":[{"href":"https:\/\/duracelllights.com\/es\/wp-json\/wp\/v2\/product\/12235","targetHints":{"allow":["GET"]}}],"collection":[{"href":"https:\/\/duracelllights.com\/es\/wp-json\/wp\/v2\/product"}],"about":[{"href":"https:\/\/duracelllights.com\/es\/wp-json\/wp\/v2\/types\/product"}],"wp:featuredmedia":[{"embeddable":true,"href":"https:\/\/duracelllights.com\/es\/wp-json\/wp\/v2\/media\/6306"}],"wp:attachment":[{"href":"https:\/\/duracelllights.com\/es\/wp-json\/wp\/v2\/media?parent=12235"}],"wp:term":[{"taxonomy":"product_brand","embeddable":true,"href":"https:\/\/duracelllights.com\/es\/wp-json\/wp\/v2\/product_brand?post=12235"},{"taxonomy":"product_cat","embeddable":true,"href":"https:\/\/duracelllights.com\/es\/wp-json\/wp\/v2\/product_cat?post=12235"},{"taxonomy":"product_tag","embeddable":true,"href":"https:\/\/duracelllights.com\/es\/wp-json\/wp\/v2\/product_tag?post=12235"}],"curies":[{"name":"wp","href":"https:\/\/api.w.org\/{rel}","templated":true}]}}