{"id":12236,"date":"2022-10-28T15:20:22","date_gmt":"2022-10-28T15:20:22","guid":{"rendered":"https:\/\/duracelllights.com\/?post_type=product&#038;p=12236"},"modified":"2025-04-15T18:45:04","modified_gmt":"2025-04-15T18:45:04","slug":"linterna-compacta-en-angulo-recto-duracell-led-de-150-lumenes-linterna-de-cabeza-con-alta-precision-de-color","status":"publish","type":"product","link":"https:\/\/duracelllights.com\/es\/producto\/linterna-compacta-en-angulo-recto-duracell-led-de-150-lumenes-linterna-de-cabeza-con-alta-precision-de-color\/","title":{"rendered":"Linterna Compacta En..."},"content":{"rendered":"<div class=\"wpb-content-wrapper\"><p>[vc_row full_width=\u00bbstretch_row\u00bb equal_height=\u00bbyes\u00bb][vc_column][vc_column_text]<\/p>\n<p style=\"text-align: center;\"><strong>150 Lumen<\/strong><br \/>\n<strong>Ultracompacto<\/strong><br \/>\n<strong>Transporte cotidiano<\/strong><br \/>\n<strong>Color verdadero<\/strong><br \/>\n<strong>CRI 80<\/strong><br \/>\n<strong>Luz c\u00e1lida <\/strong><br \/>\n<strong>Clip extra\u00edble<\/strong><br \/>\n<strong>4 Modos <\/strong><br \/>\nAlta<br \/>\nMedio<br \/>\nBajo<br \/>\nEstroboscopio<br \/>\n<strong>Utiliza 1 pila AA<\/strong><br \/>\n<strong>Aluminio de grado aeron\u00e1utico<\/strong><br \/>\n<strong>Cinta para la cabeza<\/strong><br \/>\n<strong>LED de \u00e1ngulo recto<\/strong><\/p>\n<p>[\/vc_column_text][\/vc_column][\/vc_row]<\/p>\n<\/div>","protected":false},"excerpt":{"rendered":"<p>La combinaci\u00f3n de la linterna de Transporte Diario (EDC) Duracell LED de 150 L\u00famenes y la linterna de cabeza est\u00e1 dise\u00f1ada para proveer la m\u00e1s alta calidad de iluminaci\u00f3n de color verdadero. Con un \u00cdndice de Reproducci\u00f3n Crom\u00e1tica de CR80, lo que est\u00e1 viendo ser\u00e1 fiel a su color real.<\/p>\n","protected":false},"featured_media":6329,"template":"","meta":{"_acf_changed":false},"product_brand":[],"product_cat":[443,441],"product_tag":[],"class_list":{"0":"post-12236","1":"product","2":"type-product","3":"status-publish","4":"has-post-thumbnail","6":"product_cat-faros","7":"product_cat-linternas","8":"pa_common-uses-emergencia","9":"pa_common-uses-inicio","10":"pa_common-uses-trabajo-comercio","12":"first","13":"instock","14":"taxable","15":"shipping-taxable","16":"product-type-external"},"acf":[],"_links":{"self":[{"href":"https:\/\/duracelllights.com\/es\/wp-json\/wp\/v2\/product\/12236","targetHints":{"allow":["GET"]}}],"collection":[{"href":"https:\/\/duracelllights.com\/es\/wp-json\/wp\/v2\/product"}],"about":[{"href":"https:\/\/duracelllights.com\/es\/wp-json\/wp\/v2\/types\/product"}],"wp:featuredmedia":[{"embeddable":true,"href":"https:\/\/duracelllights.com\/es\/wp-json\/wp\/v2\/media\/6329"}],"wp:attachment":[{"href":"https:\/\/duracelllights.com\/es\/wp-json\/wp\/v2\/media?parent=12236"}],"wp:term":[{"taxonomy":"product_brand","embeddable":true,"href":"https:\/\/duracelllights.com\/es\/wp-json\/wp\/v2\/product_brand?post=12236"},{"taxonomy":"product_cat","embeddable":true,"href":"https:\/\/duracelllights.com\/es\/wp-json\/wp\/v2\/product_cat?post=12236"},{"taxonomy":"product_tag","embeddable":true,"href":"https:\/\/duracelllights.com\/es\/wp-json\/wp\/v2\/product_tag?post=12236"}],"curies":[{"name":"wp","href":"https:\/\/api.w.org\/{rel}","templated":true}]}}