{"id":12237,"date":"2022-10-28T15:35:17","date_gmt":"2022-10-28T15:35:17","guid":{"rendered":"https:\/\/duracelllights.com\/?post_type=product&#038;p=12237"},"modified":"2025-04-15T18:45:10","modified_gmt":"2025-04-15T18:45:10","slug":"linterna-de-caucho-de-alta-resistencia-duracell-led-de-80-lumenes","status":"publish","type":"product","link":"https:\/\/duracelllights.com\/es\/producto\/linterna-de-caucho-de-alta-resistencia-duracell-led-de-80-lumenes\/","title":{"rendered":"Linterna de Caucho..."},"content":{"rendered":"<div class=\"wpb-content-wrapper\"><p>[vc_row full_width=\u00bbstretch_row\u00bb equal_height=\u00bbyes\u00bb][vc_column][vc_column_text]<\/p>\n<p style=\"text-align: center;\"><strong>80 Lumen<\/strong><br \/>\n<strong>Construcci\u00f3n duradera recubierta de goma<\/strong><br \/>\n<strong>2 pilas AAA Duracell incluidas<\/strong><br \/>\n<strong>Servicio pesado<\/strong><br \/>\n<strong>Agarre c\u00f3modo<\/strong><\/p>\n<p>[\/vc_column_text][\/vc_column][\/vc_row]<\/p>\n<\/div>","protected":false},"excerpt":{"rendered":"<p>Esta Linterna de Caucho de Alta Resistencia LED de 80 L\u00famenes brinda la durabilidad y calidad que usted necesita en un producto de iluminaci\u00f3n. El cuerpo de caucho est\u00e1 dise\u00f1ado para la durabilidad a largo plazo con una alta resistencia a los impactos. Tambi\u00e9n disponible con intensidad de 100 l\u00famenes, o \u00a1compre las dos!<\/p>\n","protected":false},"featured_media":6394,"template":"","meta":{"_acf_changed":false},"product_brand":[],"product_cat":[441],"product_tag":[450,449],"class_list":{"0":"post-12237","1":"product","2":"type-product","3":"status-publish","4":"has-post-thumbnail","6":"product_cat-linternas","7":"product_tag-hogar","8":"product_tag-emergencia","9":"pa_common-uses-emergencia","10":"pa_common-uses-inicio","11":"pa_common-uses-trabajo-comercio","13":"first","14":"instock","15":"taxable","16":"shipping-taxable","17":"product-type-external"},"acf":[],"_links":{"self":[{"href":"https:\/\/duracelllights.com\/es\/wp-json\/wp\/v2\/product\/12237","targetHints":{"allow":["GET"]}}],"collection":[{"href":"https:\/\/duracelllights.com\/es\/wp-json\/wp\/v2\/product"}],"about":[{"href":"https:\/\/duracelllights.com\/es\/wp-json\/wp\/v2\/types\/product"}],"wp:featuredmedia":[{"embeddable":true,"href":"https:\/\/duracelllights.com\/es\/wp-json\/wp\/v2\/media\/6394"}],"wp:attachment":[{"href":"https:\/\/duracelllights.com\/es\/wp-json\/wp\/v2\/media?parent=12237"}],"wp:term":[{"taxonomy":"product_brand","embeddable":true,"href":"https:\/\/duracelllights.com\/es\/wp-json\/wp\/v2\/product_brand?post=12237"},{"taxonomy":"product_cat","embeddable":true,"href":"https:\/\/duracelllights.com\/es\/wp-json\/wp\/v2\/product_cat?post=12237"},{"taxonomy":"product_tag","embeddable":true,"href":"https:\/\/duracelllights.com\/es\/wp-json\/wp\/v2\/product_tag?post=12237"}],"curies":[{"name":"wp","href":"https:\/\/api.w.org\/{rel}","templated":true}]}}