{"id":12245,"date":"2022-10-28T17:04:08","date_gmt":"2022-10-28T17:04:08","guid":{"rendered":"https:\/\/duracelllights.com\/?post_type=product&#038;p=12245"},"modified":"2025-04-15T18:40:20","modified_gmt":"2025-04-15T18:40:20","slug":"linterna-flotante-duracell-led-de-200-lumenes","status":"publish","type":"product","link":"https:\/\/duracelllights.com\/es\/producto\/linterna-flotante-duracell-led-de-200-lumenes\/","title":{"rendered":"Linterna Flotante Duracell..."},"content":{"rendered":"<div class=\"wpb-content-wrapper\"><p>[vc_row full_width=\u00bbstretch_row\u00bb equal_height=\u00bbyes\u00bb][vc_column][vc_column_text]<\/p>\n<p style=\"text-align: center;\"><strong>200 Lumen<\/strong><br \/>\n<strong>Impermeable<\/strong><br \/>\n<strong>Flota en el agua<\/strong><br \/>\n<strong>Encendido autom\u00e1tico en el agua<\/strong><br \/>\n<strong>3 Modos<\/strong><br \/>\nAlta<br \/>\nBajo<br \/>\nEstroboscopio<br \/>\n<strong>Encendido autom\u00e1tico en el agua<\/strong><\/p>\n<p>[\/vc_column_text][\/vc_column][\/vc_row]<\/p>\n<\/div>","protected":false},"excerpt":{"rendered":"<p>La linterna flotante Duracell LED est\u00e1 dise\u00f1ada para aguantar los elementos. Su caracter\u00edstica de prendido autom\u00e1tico (Auto-On) en el agua significa que cualquiera que sea la actividad, la Linterna Flotante LED cubre sus necesidades.<\/p>\n","protected":false},"featured_media":6414,"template":"","meta":{"_acf_changed":false},"product_brand":[],"product_cat":[442,441],"product_tag":[],"class_list":{"0":"post-12245","1":"product","2":"type-product","3":"status-publish","4":"has-post-thumbnail","6":"product_cat-iluminacion-h2o","7":"product_cat-linternas","8":"pa_common-uses-camping-es","9":"pa_common-uses-emergencia","10":"pa_common-uses-exterior","11":"pa_common-uses-inicio","13":"first","14":"instock","15":"taxable","16":"shipping-taxable","17":"product-type-external"},"acf":[],"_links":{"self":[{"href":"https:\/\/duracelllights.com\/es\/wp-json\/wp\/v2\/product\/12245","targetHints":{"allow":["GET"]}}],"collection":[{"href":"https:\/\/duracelllights.com\/es\/wp-json\/wp\/v2\/product"}],"about":[{"href":"https:\/\/duracelllights.com\/es\/wp-json\/wp\/v2\/types\/product"}],"wp:featuredmedia":[{"embeddable":true,"href":"https:\/\/duracelllights.com\/es\/wp-json\/wp\/v2\/media\/6414"}],"wp:attachment":[{"href":"https:\/\/duracelllights.com\/es\/wp-json\/wp\/v2\/media?parent=12245"}],"wp:term":[{"taxonomy":"product_brand","embeddable":true,"href":"https:\/\/duracelllights.com\/es\/wp-json\/wp\/v2\/product_brand?post=12245"},{"taxonomy":"product_cat","embeddable":true,"href":"https:\/\/duracelllights.com\/es\/wp-json\/wp\/v2\/product_cat?post=12245"},{"taxonomy":"product_tag","embeddable":true,"href":"https:\/\/duracelllights.com\/es\/wp-json\/wp\/v2\/product_tag?post=12245"}],"curies":[{"name":"wp","href":"https:\/\/api.w.org\/{rel}","templated":true}]}}