{"id":12252,"date":"2022-10-28T17:14:49","date_gmt":"2022-10-28T17:14:49","guid":{"rendered":"https:\/\/duracelllights.com\/?post_type=product&#038;p=12252"},"modified":"2025-04-15T18:40:18","modified_gmt":"2025-04-15T18:40:18","slug":"farol-duracell-de-600-lumenes-con-iluminacion-del-area-de-180-360-grados","status":"publish","type":"product","link":"https:\/\/duracelllights.com\/es\/producto\/farol-duracell-de-600-lumenes-con-iluminacion-del-area-de-180-360-grados\/","title":{"rendered":"Farol Duracell de..."},"content":{"rendered":"<div class=\"wpb-content-wrapper\"><p>[vc_row full_width=\u00bbstretch_row\u00bb equal_height=\u00bbyes\u00bb][vc_column][vc_column_text]<\/p>\n<p style=\"text-align: center;\"><strong>600 Lumen<\/strong><br \/>\n<strong>4 Modos<\/strong><br \/>\nLuz alta de 360 grados y 600 l\u00famenes<br \/>\nMedio 180 grados 300 l\u00famenes<br \/>\nLuz de cruce 360 grados 80 l\u00famenes<br \/>\nLuz estrobosc\u00f3pica roja<br \/>\n<strong>3 pilas Duracell AA<\/strong><br \/>\n<strong>Colgador de mosquet\u00f3n<\/strong><\/p>\n<p>[\/vc_column_text][\/vc_column][\/vc_row]<\/p>\n<\/div>","protected":false},"excerpt":{"rendered":"<p>El faro Duracell LED de 600 L\u00famenes trae brillo para todas sus necesidades de iluminaci\u00f3n. Desde acampar hasta emergencias. Este Farol de 600 L\u00famenes provee las caracter\u00edsticas con m\u00faltiples niveles de luz para cualquier utilizaci\u00f3n.<\/p>\n","protected":false},"featured_media":6445,"template":"","meta":{"_acf_changed":false},"product_brand":[],"product_cat":[444],"product_tag":[448,451,450,449],"class_list":{"0":"post-12252","1":"product","2":"type-product","3":"status-publish","4":"has-post-thumbnail","6":"product_cat-linternas-es","7":"product_tag-camping-es","8":"product_tag-exterior","9":"product_tag-hogar","10":"product_tag-emergencia","11":"pa_common-uses-camping-es","12":"pa_common-uses-emergencia","13":"pa_common-uses-exterior","14":"pa_common-uses-inicio","16":"first","17":"instock","18":"taxable","19":"shipping-taxable","20":"product-type-external"},"acf":[],"_links":{"self":[{"href":"https:\/\/duracelllights.com\/es\/wp-json\/wp\/v2\/product\/12252","targetHints":{"allow":["GET"]}}],"collection":[{"href":"https:\/\/duracelllights.com\/es\/wp-json\/wp\/v2\/product"}],"about":[{"href":"https:\/\/duracelllights.com\/es\/wp-json\/wp\/v2\/types\/product"}],"wp:featuredmedia":[{"embeddable":true,"href":"https:\/\/duracelllights.com\/es\/wp-json\/wp\/v2\/media\/6445"}],"wp:attachment":[{"href":"https:\/\/duracelllights.com\/es\/wp-json\/wp\/v2\/media?parent=12252"}],"wp:term":[{"taxonomy":"product_brand","embeddable":true,"href":"https:\/\/duracelllights.com\/es\/wp-json\/wp\/v2\/product_brand?post=12252"},{"taxonomy":"product_cat","embeddable":true,"href":"https:\/\/duracelllights.com\/es\/wp-json\/wp\/v2\/product_cat?post=12252"},{"taxonomy":"product_tag","embeddable":true,"href":"https:\/\/duracelllights.com\/es\/wp-json\/wp\/v2\/product_tag?post=12252"}],"curies":[{"name":"wp","href":"https:\/\/api.w.org\/{rel}","templated":true}]}}