{"id":12259,"date":"2022-10-31T14:14:08","date_gmt":"2022-10-31T14:14:08","guid":{"rendered":"https:\/\/duracelllights.com\/?post_type=product&#038;p=12259"},"modified":"2025-04-15T18:40:16","modified_gmt":"2025-04-15T18:40:16","slug":"linterna-de-cabeza-duracell-led-de-200-lumenes","status":"publish","type":"product","link":"https:\/\/duracelllights.com\/es\/producto\/linterna-de-cabeza-duracell-led-de-200-lumenes\/","title":{"rendered":"Linterna de Cabeza..."},"content":{"rendered":"<div class=\"wpb-content-wrapper\"><p>[vc_row full_width=\u00bbstretch_row\u00bb equal_height=\u00bbyes\u00bb][vc_column][vc_column_text]<\/p>\n<p style=\"text-align: center;\"><strong>200 Lumen<\/strong><br \/>\n<strong>3 Modos<\/strong><br \/>\nModo alto<br \/>\nModo bajo<br \/>\nModo Estrobosc\u00f3pico<br \/>\n<strong>3 pilas AAA Duracell<\/strong><br \/>\n<strong>Correa de confort<\/strong><\/p>\n<p>[\/vc_column_text][\/vc_column][\/vc_row]<\/p>\n<\/div>","protected":false},"excerpt":{"rendered":"<p>El trabajo manos libres nunca ha sido tan f\u00e1cil, gracias a la Linterna de Cabeza LED Duracell. Est\u00e1 equipada con una correa para la cabeza que brinda una comodidad sin igual, lo cual significa que sus manos est\u00e1n libres para hacer, bueno, lo que quieran.<\/p>\n","protected":false},"featured_media":6481,"template":"","meta":{"_acf_changed":false},"product_brand":[],"product_cat":[443],"product_tag":[448,451,450,449,452],"class_list":{"0":"post-12259","1":"product","2":"type-product","3":"status-publish","4":"has-post-thumbnail","6":"product_cat-faros","7":"product_tag-camping-es","8":"product_tag-exterior","9":"product_tag-hogar","10":"product_tag-emergencia","11":"product_tag-trabajo-comercio","12":"pa_common-uses-camping-es","13":"pa_common-uses-emergencia","14":"pa_common-uses-exterior","15":"pa_common-uses-inicio","17":"first","18":"instock","19":"taxable","20":"shipping-taxable","21":"product-type-external"},"acf":[],"_links":{"self":[{"href":"https:\/\/duracelllights.com\/es\/wp-json\/wp\/v2\/product\/12259","targetHints":{"allow":["GET"]}}],"collection":[{"href":"https:\/\/duracelllights.com\/es\/wp-json\/wp\/v2\/product"}],"about":[{"href":"https:\/\/duracelllights.com\/es\/wp-json\/wp\/v2\/types\/product"}],"wp:featuredmedia":[{"embeddable":true,"href":"https:\/\/duracelllights.com\/es\/wp-json\/wp\/v2\/media\/6481"}],"wp:attachment":[{"href":"https:\/\/duracelllights.com\/es\/wp-json\/wp\/v2\/media?parent=12259"}],"wp:term":[{"taxonomy":"product_brand","embeddable":true,"href":"https:\/\/duracelllights.com\/es\/wp-json\/wp\/v2\/product_brand?post=12259"},{"taxonomy":"product_cat","embeddable":true,"href":"https:\/\/duracelllights.com\/es\/wp-json\/wp\/v2\/product_cat?post=12259"},{"taxonomy":"product_tag","embeddable":true,"href":"https:\/\/duracelllights.com\/es\/wp-json\/wp\/v2\/product_tag?post=12259"}],"curies":[{"name":"wp","href":"https:\/\/api.w.org\/{rel}","templated":true}]}}