{"id":12260,"date":"2022-10-31T14:20:43","date_gmt":"2022-10-31T14:20:43","guid":{"rendered":"https:\/\/duracelllights.com\/?post_type=product&#038;p=12260"},"modified":"2025-04-15T18:40:10","modified_gmt":"2025-04-15T18:40:10","slug":"linterna-de-cabeza-activada-por-movimiento-duracell-led-de-250-lumenes","status":"publish","type":"product","link":"https:\/\/duracelllights.com\/es\/producto\/linterna-de-cabeza-activada-por-movimiento-duracell-led-de-250-lumenes\/","title":{"rendered":"Linterna de Cabeza..."},"content":{"rendered":"<div class=\"wpb-content-wrapper\"><p>[vc_row full_width=\u00bbstretch_row\u00bb equal_height=\u00bbyes\u00bb][vc_column][vc_column_text]<\/p>\n<p style=\"text-align: center;\"><strong>250 Lumen<\/strong><br \/>\n<strong>3 Modos<\/strong><br \/>\nModo alto<br \/>\nVisi\u00f3n nocturna<br \/>\n<strong>Activaci\u00f3n por movimiento On\/Off<\/strong><br \/>\n<strong>3 pilas AAA Duracell<\/strong><br \/>\n<strong>Correa de confort<\/strong><\/p>\n<p>[\/vc_column_text][\/vc_column][\/vc_row]<\/p>\n<\/div>","protected":false},"excerpt":{"rendered":"<p class=\"p1\">Esta Linterna de Cabeza de 250 L\u00famenes cuenta con una opci\u00f3n \u00fanica de Activaci\u00f3n por Movimiento ON \/OFF. Cuando sus manos son un desastre no necesita que su linterna de cabeza lo sea tambi\u00e9n. Simplemente mueva la mano frente a la linterna de cabeza para prenderla y apagarla. La salida de 250 l\u00famenes es lo suficientemente brillante para iluminar su proyecto o su camino. Para esos momentos en que est\u00e1 cercano o simplemente mirando un mapa, el modo de Visi\u00f3n Nocturna te da la luz que necesitas sin enceguecerte.<\/p>\n","protected":false},"featured_media":6492,"template":"","meta":{"_acf_changed":false},"product_brand":[],"product_cat":[443],"product_tag":[448,451,450,449,452],"class_list":{"0":"post-12260","1":"product","2":"type-product","3":"status-publish","4":"has-post-thumbnail","6":"product_cat-faros","7":"product_tag-camping-es","8":"product_tag-exterior","9":"product_tag-hogar","10":"product_tag-emergencia","11":"product_tag-trabajo-comercio","12":"pa_common-uses-camping-es","13":"pa_common-uses-emergencia","14":"pa_common-uses-exterior","15":"pa_common-uses-inicio","17":"first","18":"instock","19":"taxable","20":"shipping-taxable","21":"product-type-external"},"acf":[],"_links":{"self":[{"href":"https:\/\/duracelllights.com\/es\/wp-json\/wp\/v2\/product\/12260","targetHints":{"allow":["GET"]}}],"collection":[{"href":"https:\/\/duracelllights.com\/es\/wp-json\/wp\/v2\/product"}],"about":[{"href":"https:\/\/duracelllights.com\/es\/wp-json\/wp\/v2\/types\/product"}],"wp:featuredmedia":[{"embeddable":true,"href":"https:\/\/duracelllights.com\/es\/wp-json\/wp\/v2\/media\/6492"}],"wp:attachment":[{"href":"https:\/\/duracelllights.com\/es\/wp-json\/wp\/v2\/media?parent=12260"}],"wp:term":[{"taxonomy":"product_brand","embeddable":true,"href":"https:\/\/duracelllights.com\/es\/wp-json\/wp\/v2\/product_brand?post=12260"},{"taxonomy":"product_cat","embeddable":true,"href":"https:\/\/duracelllights.com\/es\/wp-json\/wp\/v2\/product_cat?post=12260"},{"taxonomy":"product_tag","embeddable":true,"href":"https:\/\/duracelllights.com\/es\/wp-json\/wp\/v2\/product_tag?post=12260"}],"curies":[{"name":"wp","href":"https:\/\/api.w.org\/{rel}","templated":true}]}}