{"id":12262,"date":"2022-10-31T14:35:38","date_gmt":"2022-10-31T14:35:38","guid":{"rendered":"https:\/\/duracelllights.com\/?post_type=product&#038;p=12262"},"modified":"2025-04-15T18:40:05","modified_gmt":"2025-04-15T18:40:05","slug":"linterna-de-cabeza-doble-haz-duracell-led-de-400-lumenes","status":"publish","type":"product","link":"https:\/\/duracelllights.com\/es\/producto\/linterna-de-cabeza-doble-haz-duracell-led-de-400-lumenes\/","title":{"rendered":"Linterna de Cabeza..."},"content":{"rendered":"<div class=\"wpb-content-wrapper\"><p>[vc_row full_width=\u00bbstretch_row\u00bb equal_height=\u00bbyes\u00bb][vc_column][vc_column_text]<\/p>\n<p style=\"text-align: center;\"><strong>200 Lumen<\/strong><br \/>\n<strong>3 Modos<\/strong><br \/>\nModo alto<br \/>\nModo bajo<br \/>\nModo Estrobosc\u00f3pico<br \/>\n<strong>3 pilas AAA Duracell<\/strong><br \/>\n<strong>Correa de confort<\/strong><\/p>\n<p>[\/vc_column_text][\/vc_column][\/vc_row]<\/p>\n<\/div>","protected":false},"excerpt":{"rendered":"<p>Esta Linterna de Cabeza Duracell LED de 400 L\u00famenes trae brillo y durabilidad. Construida para acampar, ir de excursi\u00f3n, uso al aire libre y situaciones de emergencia, es una linterna de cabeza ideal para ni\u00f1os y adultos.<\/p>\n","protected":false},"featured_media":6513,"template":"","meta":{"_acf_changed":false},"product_brand":[],"product_cat":[443],"product_tag":[448,451,450,449,452],"class_list":{"0":"post-12262","1":"product","2":"type-product","3":"status-publish","4":"has-post-thumbnail","6":"product_cat-faros","7":"product_tag-camping-es","8":"product_tag-exterior","9":"product_tag-hogar","10":"product_tag-emergencia","11":"product_tag-trabajo-comercio","12":"pa_common-uses-camping-es","13":"pa_common-uses-emergencia","14":"pa_common-uses-exterior","15":"pa_common-uses-inicio","16":"pa_common-uses-trabajo-comercio","18":"first","19":"instock","20":"taxable","21":"shipping-taxable","22":"product-type-external"},"acf":[],"_links":{"self":[{"href":"https:\/\/duracelllights.com\/es\/wp-json\/wp\/v2\/product\/12262","targetHints":{"allow":["GET"]}}],"collection":[{"href":"https:\/\/duracelllights.com\/es\/wp-json\/wp\/v2\/product"}],"about":[{"href":"https:\/\/duracelllights.com\/es\/wp-json\/wp\/v2\/types\/product"}],"wp:featuredmedia":[{"embeddable":true,"href":"https:\/\/duracelllights.com\/es\/wp-json\/wp\/v2\/media\/6513"}],"wp:attachment":[{"href":"https:\/\/duracelllights.com\/es\/wp-json\/wp\/v2\/media?parent=12262"}],"wp:term":[{"taxonomy":"product_brand","embeddable":true,"href":"https:\/\/duracelllights.com\/es\/wp-json\/wp\/v2\/product_brand?post=12262"},{"taxonomy":"product_cat","embeddable":true,"href":"https:\/\/duracelllights.com\/es\/wp-json\/wp\/v2\/product_cat?post=12262"},{"taxonomy":"product_tag","embeddable":true,"href":"https:\/\/duracelllights.com\/es\/wp-json\/wp\/v2\/product_tag?post=12262"}],"curies":[{"name":"wp","href":"https:\/\/api.w.org\/{rel}","templated":true}]}}