{"id":12263,"date":"2022-10-31T14:42:51","date_gmt":"2022-10-31T14:42:51","guid":{"rendered":"https:\/\/duracelllights.com\/?post_type=product&#038;p=12263"},"modified":"2025-04-15T18:40:01","modified_gmt":"2025-04-15T18:40:01","slug":"linterna-de-cabeza-multifuncion-duracell-de-450-lumenes","status":"publish","type":"product","link":"https:\/\/duracelllights.com\/es\/producto\/linterna-de-cabeza-multifuncion-duracell-de-450-lumenes\/","title":{"rendered":"Linterna de Cabeza..."},"content":{"rendered":"<div class=\"wpb-content-wrapper\"><p>[vc_row full_width=\u00bbstretch_row\u00bb equal_height=\u00bbyes\u00bb][vc_column][vc_column_text]<\/p>\n<p style=\"text-align: center;\"><strong>450 Lumen<\/strong><br \/>\n<strong>5 modos<\/strong><br \/>\nModo de punto alto+inundaci\u00f3n<br \/>\nModo inundaci\u00f3n<br \/>\nNigh Vision Red<br \/>\nVisi\u00f3n Nocturna Verde<br \/>\nEstroboscopio rojo<br \/>\n<strong>Correa de confort<\/strong><\/p>\n<p>[\/vc_column_text][\/vc_column][\/vc_row]<\/p>\n<\/div>","protected":false},"excerpt":{"rendered":"<p>Esta Linterna de Cabeza Multifunci\u00f3n Duracell LED de 450 L\u00famenes trae iluminaci\u00f3n de alta intensidad a todas sus necesidades. Con modos vers\u00e1tiles, tendr\u00e1 iluminaci\u00f3n \u00f3ptima para casi cualquier situaci\u00f3n.<\/p>\n","protected":false},"featured_media":6524,"template":"","meta":{"_acf_changed":false},"product_brand":[],"product_cat":[443],"product_tag":[448,451,450,449,452],"class_list":{"0":"post-12263","1":"product","2":"type-product","3":"status-publish","4":"has-post-thumbnail","6":"product_cat-faros","7":"product_tag-camping-es","8":"product_tag-exterior","9":"product_tag-hogar","10":"product_tag-emergencia","11":"product_tag-trabajo-comercio","12":"pa_common-uses-camping-es","13":"pa_common-uses-emergencia","14":"pa_common-uses-exterior","15":"pa_common-uses-inicio","16":"pa_common-uses-trabajo-comercio","18":"first","19":"instock","20":"taxable","21":"shipping-taxable","22":"product-type-external"},"acf":[],"_links":{"self":[{"href":"https:\/\/duracelllights.com\/es\/wp-json\/wp\/v2\/product\/12263","targetHints":{"allow":["GET"]}}],"collection":[{"href":"https:\/\/duracelllights.com\/es\/wp-json\/wp\/v2\/product"}],"about":[{"href":"https:\/\/duracelllights.com\/es\/wp-json\/wp\/v2\/types\/product"}],"wp:featuredmedia":[{"embeddable":true,"href":"https:\/\/duracelllights.com\/es\/wp-json\/wp\/v2\/media\/6524"}],"wp:attachment":[{"href":"https:\/\/duracelllights.com\/es\/wp-json\/wp\/v2\/media?parent=12263"}],"wp:term":[{"taxonomy":"product_brand","embeddable":true,"href":"https:\/\/duracelllights.com\/es\/wp-json\/wp\/v2\/product_brand?post=12263"},{"taxonomy":"product_cat","embeddable":true,"href":"https:\/\/duracelllights.com\/es\/wp-json\/wp\/v2\/product_cat?post=12263"},{"taxonomy":"product_tag","embeddable":true,"href":"https:\/\/duracelllights.com\/es\/wp-json\/wp\/v2\/product_tag?post=12263"}],"curies":[{"name":"wp","href":"https:\/\/api.w.org\/{rel}","templated":true}]}}