{"id":11967,"date":"2021-11-12T20:23:36","date_gmt":"2021-11-12T20:23:36","guid":{"rendered":"https:\/\/duracelllights.com\/devenez-un-affilie\/"},"modified":"2022-09-29T18:26:37","modified_gmt":"2022-09-29T18:26:37","slug":"devenez-un-affilie","status":"publish","type":"page","link":"https:\/\/duracelllights.com\/fr\/devenez-un-affilie\/","title":{"rendered":"Devenez un affili\u00e9:"},"content":{"rendered":"<div class=\"wpb-content-wrapper\"><p>[vc_row][vc_column width=\u00a0\u00bb1\/2&Prime;][vc_empty_space][vc_column_text]<\/p>\n<h4>Gagnez une commission de 14 % sur chaque parrainage<\/h4>\n<p>[\/vc_column_text][vc_column_text]Si vous \u00eates accept\u00e9 dans notre programme d&rsquo;affiliation, vous aurez acc\u00e8s \u00e0 notre centre d&rsquo;affiliation o\u00f9 vous pourrez g\u00e9n\u00e9rer des liens d&rsquo;affiliation et gagner des commissions sur tous les produits list\u00e9s sur duracelllights.com.[\/vc_column_text][vc_empty_space][\/vc_column][vc_column width=\u00a0\u00bb1\/2&Prime;][vc_empty_space][vc_empty_space][vc_icon icon_fontawesome=\u00a0\u00bbfas fa-hand-holding-usd\u00a0\u00bb color=\u00a0\u00bborange\u00a0\u00bb size=\u00a0\u00bbxl\u00a0\u00bb align=\u00a0\u00bbcenter\u00a0\u00bb][\/vc_column][\/vc_row][vc_row][vc_column width=\u00a0\u00bb1\/2&Prime;][vc_icon icon_fontawesome=\u00a0\u00bbfas fa-bullhorn\u00a0\u00bb color=\u00a0\u00bbblack\u00a0\u00bb size=\u00a0\u00bbxl\u00a0\u00bb align=\u00a0\u00bbcenter\u00a0\u00bb][\/vc_column][vc_column width=\u00a0\u00bb1\/2&Prime;][vc_column_text]<\/p>\n<h4>Acc\u00e9dez \u00e0 des promotions exclusives<\/h4>\n<p>[\/vc_column_text][vc_column_text]Votre public sera ravi d&rsquo;avoir acc\u00e8s aux promotions exclusives que nous envoyons chaque mois \u00e0 notre r\u00e9seau d&rsquo;affili\u00e9s. Des remises sur des produits, des \u00e9chantillons, et plus encore.[\/vc_column_text][vc_empty_space][\/vc_column][\/vc_row][vc_row][vc_column width=\u00a0\u00bb1\/2&Prime;][vc_column_text]<\/p>\n<h4>Soyez pay\u00e9 chaque semaine<\/h4>\n<p>[\/vc_column_text][vc_column_text]Nous payons tous nos affili\u00e9s qui ont fait plus de 10 $ en commissions tous les jeudis \u00e0 16 heures CT. Le paiement s&rsquo;effectue par Paypal.<\/p>\n<p>&nbsp;<\/p>\n<p>Cookie de 60 jours. 70 $ valeur moyenne des commandes[\/vc_column_text][\/vc_column][vc_column width=\u00a0\u00bb1\/2&Prime;][vc_icon icon_fontawesome=\u00a0\u00bbfas fa-money-bill-wave\u00a0\u00bb color=\u00a0\u00bborange\u00a0\u00bb size=\u00a0\u00bbxl\u00a0\u00bb align=\u00a0\u00bbcenter\u00a0\u00bb][\/vc_column][\/vc_row][vc_row][vc_column][vc_empty_space][vc_column_text]<\/p>\n<h4 style=\"text-align: center;\">Postulez d\u00e8s aujourd&rsquo;hui<\/h4>\n<p>[\/vc_column_text][vc_btn title=\u00a0\u00bbDemande d&rsquo;affiliation\u00a0\u00bb color=\u00a0\u00bborange\u00a0\u00bb align=\u00a0\u00bbcenter\u00a0\u00bb link=\u00a0\u00bburl:https%3A%2F%2Fduracelllights.com%2Ffr%2Fespace-affilie%2F|title:Espace%20affili%C3%A9|\u00a0\u00bb][\/vc_column][\/vc_row][vc_row][vc_column][vc_empty_space][vc_empty_space][vc_empty_space][\/vc_column][\/vc_row]<\/p>\n<\/div>","protected":false},"excerpt":{"rendered":"<p>[vc_row][vc_column width=\u00a0\u00bb1\/2&Prime;][vc_empty_space][vc_column_text] Gagnez une commission de 14 % sur chaque parrainage [\/vc_column_text][vc_column_text]Si vous \u00eates accept\u00e9 dans notre programme d&rsquo;affiliation, vous aurez acc\u00e8s \u00e0 notre centre d&rsquo;affiliation o\u00f9 vous pourrez g\u00e9n\u00e9rer des liens d&rsquo;affiliation et gagner des commissions sur tous les produits list\u00e9s sur duracelllights.com.[\/vc_column_text][vc_empty_space][\/vc_column][vc_column width=\u00a0\u00bb1\/2&Prime;][vc_empty_space][vc_empty_space][vc_icon icon_fontawesome=\u00a0\u00bbfas fa-hand-holding-usd\u00a0\u00bb color=\u00a0\u00bborange\u00a0\u00bb size=\u00a0\u00bbxl\u00a0\u00bb align=\u00a0\u00bbcenter\u00a0\u00bb][\/vc_column][\/vc_row][vc_row][vc_column width=\u00a0\u00bb1\/2&Prime;][vc_icon icon_fontawesome=\u00a0\u00bbfas fa-bullhorn\u00a0\u00bb color=\u00a0\u00bbblack\u00a0\u00bb size=\u00a0\u00bbxl\u00a0\u00bb [&hellip;]<\/p>\n","protected":false},"author":42,"featured_media":0,"parent":0,"menu_order":0,"comment_status":"closed","ping_status":"closed","template":"","meta":{"_acf_changed":false,"footnotes":""},"class_list":["post-11967","page","type-page","status-publish","hentry"],"acf":[],"_links":{"self":[{"href":"https:\/\/duracelllights.com\/fr\/wp-json\/wp\/v2\/pages\/11967","targetHints":{"allow":["GET"]}}],"collection":[{"href":"https:\/\/duracelllights.com\/fr\/wp-json\/wp\/v2\/pages"}],"about":[{"href":"https:\/\/duracelllights.com\/fr\/wp-json\/wp\/v2\/types\/page"}],"author":[{"embeddable":true,"href":"https:\/\/duracelllights.com\/fr\/wp-json\/wp\/v2\/users\/42"}],"replies":[{"embeddable":true,"href":"https:\/\/duracelllights.com\/fr\/wp-json\/wp\/v2\/comments?post=11967"}],"version-history":[{"count":0,"href":"https:\/\/duracelllights.com\/fr\/wp-json\/wp\/v2\/pages\/11967\/revisions"}],"wp:attachment":[{"href":"https:\/\/duracelllights.com\/fr\/wp-json\/wp\/v2\/media?parent=11967"}],"curies":[{"name":"wp","href":"https:\/\/api.w.org\/{rel}","templated":true}]}}