{"id":11980,"date":"2017-08-12T15:41:10","date_gmt":"2017-08-12T15:41:10","guid":{"rendered":"https:\/\/duracelllights.com\/accueil\/"},"modified":"2022-10-10T18:00:35","modified_gmt":"2022-10-10T18:00:35","slug":"accueil","status":"publish","type":"page","link":"https:\/\/duracelllights.com\/fr\/","title":{"rendered":"Maison"},"content":{"rendered":"<div class=\"wpb-content-wrapper\"><p>[vc_row full_height=\u00a0\u00bbyes\u00a0\u00bb font_color=\u00a0\u00bb#000000&Prime; css=\u00a0\u00bb.vc_custom_1626804523708{background-color: #232324 !important;background-position: center !important;background-repeat: no-repeat !important;background-size: cover !important;}\u00a0\u00bb][vc_column]<style>.shortcode_getbowtied_slider .shortcode-slider-pagination .swiper-pagination-bullet.swiper-pagination-bullet-active:after{background-color: #000000;}<\/style>\r\n\r\n\t\t<div class=\"shortcode_getbowtied_slider swiper-container swiper-69f5643836f59 full_height\" style=\" width: 100%\" data-autoplay=\"10\" data-id=\"69f5643836f59\">\r\n\t\t\t<div class=\"swiper-wrapper\">\r\n\t\t\t\r\n\t\t\t<div class=\"swiper-slide center-align\"\r\n\t\t\tstyle=\t\"background: #CCCCCC url(https:\/\/duracelllights.com\/wp-content\/uploads\/2020\/09\/2S9A2010-2-1.jpg) center center no-repeat ;\r\n\t\t\t\t\t-webkit-background-size: cover;\r\n\t\t\t\t\t-moz-background-size: cover;\r\n\t\t\t\t\t-o-background-size: cover;\r\n\t\t\t\t\tbackground-size: cover;\r\n\t\t\t\t\tcolor: #ffffff\">\r\n\t\t\t\t\r\n\t\t\t\t<div class=\"slider-content\" data-swiper-parallax=\"-50%\">\r\n\t\t\t\t\t<div class=\"slider-content-wrapper\">\r\n\t\t\t\t\t\t<h2 class=\"primary_font\" style=\"color:#ffffff;font-size:64px;line-height: 64px\">Pour les travaux les plus difficiles...<\/h2>\r\n\t\t\t\t\t\t<p class=\"primary_font\" style=\"color:#ffffff;font-size:21px;line-height: 21px\">Duracell Lights soutient les entrepreneurs gr\u00e2ce \u00e0 notre remise sur les commandes en gros.<\/p>\r\n\t\t\t\t\t\t<a class=\"button\" style=\"color:#ffffff !important;background: #c08b61 !important\" href=\"\/commandes-groupees-remise\/\">REMISE SUR LE GROS<\/a>\r\n\t\t\t\t\t<\/div>\r\n\t\t\t\t<\/div>\r\n\t\t\t<\/div>\r\n\t\t\t<div class=\"swiper-slide center-align\"\r\n\t\t\tstyle=\t\"background: #CCCCCC url(https:\/\/duracelllights.com\/wp-content\/uploads\/2021\/09\/Duracell.jpg) center center no-repeat ;\r\n\t\t\t\t\t-webkit-background-size: cover;\r\n\t\t\t\t\t-moz-background-size: cover;\r\n\t\t\t\t\t-o-background-size: cover;\r\n\t\t\t\t\tbackground-size: cover;\r\n\t\t\t\t\tcolor: #ffffff\">\r\n\t\t\t\t\r\n\t\t\t\t<div class=\"slider-content\" data-swiper-parallax=\"-50%\">\r\n\t\t\t\t\t<div class=\"slider-content-wrapper\">\r\n\t\t\t\t\t\t<h2 class=\"primary_font\" style=\"color:#ffffff;font-size:64px;line-height: 64px\">Prot\u00e9gez-vous en ces temps difficiles .<\/h2>\r\n\t\t\t\t\t\t<p class=\"primary_font\" style=\"color:#ffffff;font-size:21px;line-height: 21px\">Dans les situations d&#039;urgence, on est souvent dans le noir. Des coupures de courant aux pannes automobiles, vous pouvez faire confiance \u00e0 l&#039;\u00e9clairage Duracell pour toute urgence.<\/p>\r\n\t\t\t\t\t\t<a class=\"button\" style=\"color:#ffffff !important;background: #c08b61 !important\" href=\"\/collections-urgence\/\">VOIR LES \u00c9CLAIRAGES D&#039;URGENCE<\/a>\r\n\t\t\t\t\t<\/div>\r\n\t\t\t\t<\/div>\r\n\t\t\t<\/div>\r\n\t\t\t<\/div>\r\n\t\t\t\t<div style=\"color: #000000\" class=\"swiper-button-prev\"><i class=\"spk-icon spk-icon-left-arrow-thin-large\"><\/i><\/div>\r\n    \t\t\t<div style=\"color: #000000\" class=\"swiper-button-next\"><i class=\"spk-icon spk-icon-right-arrow-thin-large\"><\/i><\/div><\/div>[\/vc_column][\/vc_row][vc_row css=\u00a0\u00bb.vc_custom_1623191183645{background-image: url(https:\/\/duracelllights.com\/wp-content\/uploads\/2020\/05\/Rectangle-17.png?id=2975) !important;}\u00a0\u00bb][vc_column width=\u00a0\u00bb1\/6&Prime;][\/vc_column][vc_column width=\u00a0\u00bb2\/3&Prime;][vc_column_text el_class=\u00a0\u00bblight-text\u00a0\u00bb]<\/p>\n<h2 style=\"text-align: center;\">Une collection puissante et fiable<\/h2>\n<p style=\"text-align: center;\">La famille de produits d&rsquo;\u00e9clairage Duracell est con\u00e7ue pour la performance, l&rsquo;efficacit\u00e9 et la facilit\u00e9 d&rsquo;utilisation sur tous les chantiers.<\/p>\n<p>[\/vc_column_text]<div class=\"row\"><div class=\"categories_grid\">\r\n\t\t\t<div class=\"category_five_cat_1\">\r\n\t\t\t\t<div class=\"category_grid_box\">\r\n\t\t\t\t\t<span class=\"category_item_bkg\" style=\"background-image:url(https:\/\/duracelllights.com\/wp-content\/uploads\/2020\/08\/flashlights2.jpg)\"><\/span>\r\n\t\t\t\t\t<a href=\"https:\/\/duracelllights.com\/fr\/categorie-produit\/lampes-de-poche\/\" class=\"category_item\" >\r\n\t\t\t\t\t\t<span class=\"category_name\">Lampes de poche\t\t\t\t\t\t\t\t\t\t\t\t\t<\/span>\r\n\t\t\t\t\t<\/a>\r\n\t\t\t\t<\/div>\r\n\t\t\t<\/div>\r\n\r\n\t\t\t\r\n\t\t\t<div class=\"category_five_cat_2\">\r\n\t\t\t\t<div class=\"category_grid_box\">\r\n\t\t\t\t\t<span class=\"category_item_bkg\" style=\"background-image:url(https:\/\/duracelllights.com\/wp-content\/uploads\/2022\/08\/lantern-banner-1-1.jpeg)\"><\/span>\r\n\t\t\t\t\t<a href=\"https:\/\/duracelllights.com\/fr\/categorie-produit\/lanternes\/\" class=\"category_item\" >\r\n\t\t\t\t\t\t<span class=\"category_name\">Lanternes\t\t\t\t\t\t\t\t\t\t\t\t\t<\/span>\r\n\t\t\t\t\t<\/a>\r\n\t\t\t\t<\/div>\r\n\t\t\t<\/div>\r\n\r\n\t\t\t\r\n\t\t\t<div class=\"category_five_cat_3\">\r\n\t\t\t\t<div class=\"category_grid_box\">\r\n\t\t\t\t\t<span class=\"category_item_bkg\" style=\"background-image:url(https:\/\/duracelllights.com\/wp-content\/uploads\/2020\/08\/headlamp-girl.jpg)\"><\/span>\r\n\t\t\t\t\t<a href=\"https:\/\/duracelllights.com\/fr\/categorie-produit\/lampes-frontales\/\" class=\"category_item\" >\r\n\t\t\t\t\t\t<span class=\"category_name\">Lampes frontales\t\t\t\t\t\t\t\t\t\t\t\t\t<\/span>\r\n\t\t\t\t\t<\/a>\r\n\t\t\t\t<\/div>\r\n\t\t\t<\/div>\r\n\r\n\t\t\t\r\n\t\t\t<div class=\"category_five_cat_4\">\r\n\t\t\t\t<div class=\"category_grid_box\">\r\n\t\t\t\t\t<span class=\"category_item_bkg\" style=\"background-image:url(https:\/\/duracelllights.com\/wp-content\/uploads\/2021\/02\/utility-lights-thumb.jpg)\"><\/span>\r\n\t\t\t\t\t<a href=\"https:\/\/duracelllights.com\/fr\/categorie-produit\/lumieres-utilitaires\/\" class=\"category_item\" >\r\n\t\t\t\t\t\t<span class=\"category_name\">Lumi\u00e8res utilitaires\t\t\t\t\t\t\t\t\t\t\t\t\t<\/span>\r\n\t\t\t\t\t<\/a>\r\n\t\t\t\t<\/div>\r\n\t\t\t<\/div>\r\n\r\n\t\t\t\r\n\t\t\t<div class=\"category_five_cat_5\">\r\n\t\t\t\t<div class=\"category_grid_box\">\r\n\t\t\t\t\t<span class=\"category_item_bkg\" style=\"background-image:url(https:\/\/duracelllights.com\/wp-content\/uploads\/2021\/07\/7227-DF200-7210-DL500-6744-1.jpg)\"><\/span>\r\n\t\t\t\t\t<a href=\"https:\/\/duracelllights.com\/fr\/categorie-produit\/h2o-eclairage\/\" class=\"category_item\" >\r\n\t\t\t\t\t\t<span class=\"category_name\">\u00c9clairage H2O\t\t\t\t\t\t\t\t\t\t\t\t\t<\/span>\r\n\t\t\t\t\t<\/a>\r\n\t\t\t\t<\/div>\r\n\t\t\t<\/div>\r\n\r\n\t\t\t\r\n\t\t\t<div class=\"clearfix\"><\/div>\r\n\r\n\t\t<\/div><\/div>[\/vc_column][vc_column width=\u00a0\u00bb1\/6&Prime;][\/vc_column][\/vc_row][vc_row css=\u00a0\u00bb.vc_custom_1626804306393{padding-top: 50px !important;padding-bottom: 50px !important;}\u00a0\u00bb][vc_column width=\u00a0\u00bb1\/4&Prime; offset=\u00a0\u00bbvc_hidden-xs\u00a0\u00bb][\/vc_column][vc_column width=\u00a0\u00bb1\/2&Prime;][vc_column_text]<\/p>\n<h2 style=\"text-align: center;\">L&rsquo;aventure \u00e0 tout moment<\/h2>\n<p>[\/vc_column_text][vc_video link=\u00a0\u00bbhttps:\/\/player.vimeo.com\/video\/579552417?dnt=1&amp;app_id=122963&amp;h=81c896b97f\u00a0\u00bb align=\u00a0\u00bbcenter\u00a0\u00bb][\/vc_column][vc_column width=\u00a0\u00bb1\/4&Prime; offset=\u00a0\u00bbvc_hidden-xs\u00a0\u00bb][\/vc_column][\/vc_row][vc_row][vc_column offset=\u00a0\u00bbvc_hidden-xs\u00a0\u00bb][vc_row_inner][vc_column_inner width=\u00a0\u00bb1\/3&Prime;][vc_column_text]<\/p>\n<h2 style=\"text-align: center;\">Durabilit\u00e9<\/h2>\n<p>[\/vc_column_text][\/vc_column_inner][vc_column_inner width=\u00a0\u00bb1\/3&Prime;][vc_column_text]<\/p>\n<h2 style=\"text-align: center;\">Innovation<\/h2>\n<p>[\/vc_column_text][\/vc_column_inner][vc_column_inner width=\u00a0\u00bb1\/3&Prime;][vc_column_text]<\/p>\n<h2 style=\"text-align: center;\">Performance<\/h2>\n<p>[\/vc_column_text][\/vc_column_inner][\/vc_row_inner][vc_row_inner][vc_column_inner width=\u00a0\u00bb1\/3&Prime; css=\u00a0\u00bb.vc_custom_1629219264087{background-image: url(https:\/\/duracelllights.com\/wp-content\/uploads\/2020\/07\/duracell-inventory-2.jpg?id=4525) !important;background-position: center !important;background-repeat: no-repeat !important;background-size: cover !important;}\u00a0\u00bb][vc_empty_space height=\u00a0\u00bb400px\u00a0\u00bb][\/vc_column_inner][vc_column_inner width=\u00a0\u00bb1\/3&Prime; css=\u00a0\u00bb.vc_custom_1629226778739{background-image: url(https:\/\/duracelllights.com\/wp-content\/uploads\/2020\/08\/large-image-e1601410664826.jpg?id=3790) !important;}\u00a0\u00bb][vc_empty_space height=\u00a0\u00bb400px\u00a0\u00bb][\/vc_column_inner][vc_column_inner width=\u00a0\u00bb1\/3&Prime; css=\u00a0\u00bb.vc_custom_1629226803210{background-image: url(https:\/\/duracelllights.com\/wp-content\/uploads\/2021\/07\/7227-DF200-7210-DL500-6780-2.jpg?id=4615) !important;}\u00a0\u00bb][vc_empty_space height=\u00a0\u00bb400px\u00a0\u00bb][\/vc_column_inner][\/vc_row_inner][vc_row_inner][vc_column_inner width=\u00a0\u00bb1\/3&Prime;][vc_column_text css=\u00a0\u00bb.vc_custom_1634231667147{padding-top: 20px !important;}\u00a0\u00bb]<\/p>\n<h5 style=\"text-align: center;\">Les lampes de poche Duracell sont fabriqu\u00e9es \u00e0 partir d&rsquo;aluminium de qualit\u00e9 a\u00e9ronautique, ce qui leur conf\u00e8re l\u00e9g\u00e8ret\u00e9 et durabilit\u00e9.<\/h5>\n<p>[\/vc_column_text][\/vc_column_inner][vc_column_inner width=\u00a0\u00bb1\/3&Prime; css=\u00a0\u00bb.vc_custom_1629223193917{padding-top: 20px !important;}\u00a0\u00bb][vc_column_text]<\/p>\n<h5 style=\"text-align: center;\">La gamme de lampes Duracell utilise la technologie exclusive d&rsquo;Infinity X1 pour maximiser le rendement lumineux global avec la plus faible puissance possible.<\/h5>\n<p>[\/vc_column_text][\/vc_column_inner][vc_column_inner width=\u00a0\u00bb1\/3&Prime; css=\u00a0\u00bb.vc_custom_1629223199850{padding-top: 20px !important;}\u00a0\u00bb][vc_column_text]<\/p>\n<h5 style=\"text-align: center;\">\u00c9clairage jusqu&rsquo;\u00e0 : 2500 Lumens, 22 heures d&rsquo;utilisation et une port\u00e9e de faisceau de 150m.<\/h5>\n<p>[\/vc_column_text][\/vc_column_inner][\/vc_row_inner][\/vc_column][\/vc_row][vc_row][vc_column offset=\u00a0\u00bbvc_hidden-lg vc_hidden-md vc_hidden-sm\u00a0\u00bb][vc_row_inner][vc_column_inner][vc_column_text]<\/p>\n<h2 style=\"text-align: center;\">Durabilit\u00e9<\/h2>\n<p>[\/vc_column_text][vc_single_image image=\u00a0\u00bb11409&Prime; img_size=\u00a0\u00bbfull\u00a0\u00bb alignment=\u00a0\u00bbcenter\u00a0\u00bb css=\u00a0\u00bb.vc_custom_1629226770918{padding-right: 20px !important;padding-left: 20px !important;}\u00a0\u00bb][vc_column_text css=\u00a0\u00bb.vc_custom_1634141801343{padding-top: 20px !important;}\u00a0\u00bb]<\/p>\n<h5 style=\"text-align: center;\">Les lampes de poche Duracell sont fabriqu\u00e9es \u00e0 partir d&rsquo;aluminium de qualit\u00e9 a\u00e9ronautique, ce qui leur conf\u00e8re l\u00e9g\u00e8ret\u00e9 et durabilit\u00e9.<\/h5>\n<p>[\/vc_column_text][vc_column_text]<\/p>\n<h2 style=\"text-align: center;\">Innovation<\/h2>\n<p>[\/vc_column_text][vc_single_image image=\u00a0\u00bb9991&Prime; img_size=\u00a0\u00bbfull\u00a0\u00bb alignment=\u00a0\u00bbcenter\u00a0\u00bb css=\u00a0\u00bb.vc_custom_1629226794678{padding-right: 20px !important;padding-left: 20px !important;}\u00a0\u00bb][vc_column_text]<\/p>\n<h5 style=\"text-align: center;\">La gamme de lampes Duracell utilise la technologie exclusive d&rsquo;Infinity X1 pour maximiser le rendement lumineux global avec la plus faible puissance possible.<\/h5>\n<p>[\/vc_column_text][vc_column_text]<\/p>\n<h2 style=\"text-align: center;\">Performance<\/h2>\n<p>[\/vc_column_text][vc_single_image image=\u00a0\u00bb11497&Prime; img_size=\u00a0\u00bbfull\u00a0\u00bb alignment=\u00a0\u00bbcenter\u00a0\u00bb css=\u00a0\u00bb.vc_custom_1629226822039{padding-right: 20px !important;padding-left: 20px !important;}\u00a0\u00bb][vc_column_text]<\/p>\n<h5 style=\"text-align: center;\">\u00c9clairage jusqu&rsquo;\u00e0 : 2500 Lumens, 22 heures d&rsquo;utilisation et une port\u00e9e de faisceau de 150m.<\/h5>\n<p>[\/vc_column_text][\/vc_column_inner][\/vc_row_inner][\/vc_column][\/vc_row][vc_row css=\u00a0\u00bb.vc_custom_1629223226459{padding-top: 50px !important;padding-bottom: 50px !important;}\u00a0\u00bb][vc_column][vc_row_inner][vc_column_inner css=\u00a0\u00bb.vc_custom_1629226200297{padding-right: 20px !important;padding-left: 20px !important;}\u00a0\u00bb][vc_custom_heading text=\u00a0\u00bbNotre qualit\u00e9 parle d&rsquo;elle-m\u00eame\u00a0\u00bb font_container=\u00a0\u00bbtag:h2|text_align:center\u00a0\u00bb use_theme_fonts=\u00a0\u00bbyes\u00a0\u00bb css=\u00a0\u00bb.vc_custom_1626361566874{padding-bottom: 20px !important;}\u00a0\u00bb][\/vc_column_inner][\/vc_row_inner][vc_row_inner gap=\u00a0\u00bb25&Prime; css=\u00a0\u00bb.vc_custom_1626361598912{padding-right: 4% !important;padding-left: 4% !important;}\u00a0\u00bb][vc_column_inner width=\u00a0\u00bb1\/4&Prime;][vc_single_image image=\u00a0\u00bb11467&Prime; img_size=\u00a0\u00bbfull\u00a0\u00bb alignment=\u00a0\u00bbcenter\u00a0\u00bb][vc_column_text]<\/p>\n<h5 style=\"text-align: center;\">\u00ab\u00a0C&rsquo;est la meilleure lampe de poche que j&rsquo;ai jamais eue en 79 ans. Je la recommande vivement \u00e0 tous ceux qui cherchent une nouvelle lampe de poche. Elle est petite, l\u00e9g\u00e8re et puissante.\u00a0\u00bb<\/h5>\n<p style=\"text-align: center;\">Dorothy G.<\/p>\n<p>[\/vc_column_text][\/vc_column_inner][vc_column_inner width=\u00a0\u00bb1\/4&Prime;][vc_single_image image=\u00a0\u00bb11467&Prime; img_size=\u00a0\u00bbfull\u00a0\u00bb alignment=\u00a0\u00bbcenter\u00a0\u00bb][vc_column_text]<\/p>\n<h5 style=\"text-align: center;\">\u00ab\u00a0J&rsquo;ai \u00e9t\u00e9 tr\u00e8s impressionn\u00e9 par la qualit\u00e9 de la lampe frontale et du bandeau . J&rsquo;aime beaucoup la double lumi\u00e8re et la facilit\u00e9 d&rsquo;utilisation avec les deux mains. J&rsquo;ai \u00e9t\u00e9 surpris de voir \u00e0 quel point j&rsquo;aimais la fonction d&rsquo;inclinaison. Procure une excellente lumi\u00e8re, surtout dans les environnements sombres .\u00a0\u00bb<\/h5>\n<p style=\"text-align: center;\">Andrew B.<\/p>\n<p>[\/vc_column_text][\/vc_column_inner][vc_column_inner width=\u00a0\u00bb1\/4&Prime;][vc_single_image image=\u00a0\u00bb11467&Prime; img_size=\u00a0\u00bbfull\u00a0\u00bb alignment=\u00a0\u00bbcenter\u00a0\u00bb][vc_column_text]<\/p>\n<h5 style=\"text-align: center;\">\u00ab\u00a0C&rsquo;est un bandeau tr\u00e8s efficace, une bonne sangle, un excellent \u00e9clairage, tout simplement fiable et confortable sur la t\u00eate . Je lui donne deux pouces lev\u00e9s \u00ab\u00a0<\/h5>\n<p style=\"text-align: center;\">Dennis P.<\/p>\n<p>[\/vc_column_text][\/vc_column_inner][vc_column_inner width=\u00a0\u00bb1\/4&Prime;][vc_single_image image=\u00a0\u00bb11467&Prime; img_size=\u00a0\u00bbfull\u00a0\u00bb alignment=\u00a0\u00bbcenter\u00a0\u00bb][vc_column_text]<\/p>\n<h5 style=\"text-align: center;\">\u00ab\u00a0En un mot, Wow ! C&rsquo;est la meilleure lampe de poche que j&rsquo;ai jamais eue. J&rsquo;ai une lampe mag \u00e0 3 piles et la Duracell la surpasse. Solidement construite, comme je m&rsquo;y attendais . Je vais en acheter une autre\u00a0\u00bb.<\/h5>\n<p style=\"text-align: center;\">Troy F.<\/p>\n<p>[\/vc_column_text][\/vc_column_inner][\/vc_row_inner][\/vc_column][\/vc_row][vc_row][vc_column][vc_row_inner css=\u00a0\u00bb.vc_custom_1601407869486{background-image: url(https:\/\/duracelllights.com\/wp-content\/uploads\/2020\/08\/Find-Your-Path.jpg?id=3781) !important;background-position: center !important;background-repeat: no-repeat !important;background-size: cover !important;}\u00a0\u00bb][vc_column_inner css=\u00a0\u00bb.vc_custom_1628792481299{margin-bottom: 10% !important;}\u00a0\u00bb][vc_column_text css=\u00a0\u00bb.vc_custom_1601485148180{padding-top: 15% !important;padding-right: 15% !important;padding-bottom: 5% !important;padding-left: 15% !important;}\u00a0\u00bb el_class=\u00a0\u00bblight-text\u00a0\u00bb]<\/p>\n<h2 style=\"text-align: center;\"><span style=\"font-size: calc(2.25rem + ((1vw - 3.75px) * 4.1315)); line-height: 120%; text-transform: uppercase;\">Quelle sera votre prochaine exploration ?<\/span><\/h2>\n<p>[\/vc_column_text][vc_btn title=\u00a0\u00bbVENDRE\u00a0\u00bb style=\u00a0\u00bbcustom\u00a0\u00bb custom_background=\u00a0\u00bb#c08b61&Prime; custom_text=\u00a0\u00bb#ffffff\u00a0\u00bb shape=\u00a0\u00bbsquare\u00a0\u00bb size=\u00a0\u00bblg\u00a0\u00bb align=\u00a0\u00bbcenter\u00a0\u00bb css=\u00a0\u00bb.vc_custom_1628792195299{padding-top: 18px !important;padding-right: 1em !important;padding-bottom: 18px !important;padding-left: 1em !important;}\u00a0\u00bb link=\u00a0\u00bburl:%2Fvendre%2F|title:Acheter%20tous%20les%20produits|\u00a0\u00bb el_class=\u00a0\u00bbduracell-shop-btn\u00a0\u00bb][\/vc_column_inner][\/vc_row_inner][\/vc_column][\/vc_row]<\/p>\n<\/div>","protected":false},"excerpt":{"rendered":"<p>[vc_row full_height=\u00a0\u00bbyes\u00a0\u00bb font_color=\u00a0\u00bb#000000&Prime; css=\u00a0\u00bb.vc_custom_1626804523708{background-color: #232324 !important;background-position: center !important;background-repeat: no-repeat !important;background-size: cover !important;}\u00a0\u00bb][vc_column][\/vc_column][\/vc_row][vc_row css=\u00a0\u00bb.vc_custom_1623191183645{background-image: url(https:\/\/duracelllights.com\/wp-content\/uploads\/2020\/05\/Rectangle-17.png?id=2975) !important;}\u00a0\u00bb][vc_column width=\u00a0\u00bb1\/6&Prime;][\/vc_column][vc_column width=\u00a0\u00bb2\/3&Prime;][vc_column_text el_class=\u00a0\u00bblight-text\u00a0\u00bb] Une collection puissante et fiable La famille de produits d&rsquo;\u00e9clairage Duracell est con\u00e7ue pour la performance, l&rsquo;efficacit\u00e9 et la facilit\u00e9 d&rsquo;utilisation sur tous les chantiers. [\/vc_column_text][\/vc_column][vc_column width=\u00a0\u00bb1\/6&Prime;][\/vc_column][\/vc_row][vc_row css=\u00a0\u00bb.vc_custom_1626804306393{padding-top: 50px !important;padding-bottom: 50px !important;}\u00a0\u00bb][vc_column width=\u00a0\u00bb1\/4&Prime; offset=\u00a0\u00bbvc_hidden-xs\u00a0\u00bb][\/vc_column][vc_column width=\u00a0\u00bb1\/2&Prime;][vc_column_text] L&rsquo;aventure \u00e0 [&hellip;]<\/p>\n","protected":false},"author":4,"featured_media":0,"parent":0,"menu_order":0,"comment_status":"closed","ping_status":"closed","template":"page-full-width.php","meta":{"_acf_changed":false,"footnotes":""},"class_list":["post-11980","page","type-page","status-publish","hentry"],"acf":[],"_links":{"self":[{"href":"https:\/\/duracelllights.com\/fr\/wp-json\/wp\/v2\/pages\/11980","targetHints":{"allow":["GET"]}}],"collection":[{"href":"https:\/\/duracelllights.com\/fr\/wp-json\/wp\/v2\/pages"}],"about":[{"href":"https:\/\/duracelllights.com\/fr\/wp-json\/wp\/v2\/types\/page"}],"author":[{"embeddable":true,"href":"https:\/\/duracelllights.com\/fr\/wp-json\/wp\/v2\/users\/4"}],"replies":[{"embeddable":true,"href":"https:\/\/duracelllights.com\/fr\/wp-json\/wp\/v2\/comments?post=11980"}],"version-history":[{"count":0,"href":"https:\/\/duracelllights.com\/fr\/wp-json\/wp\/v2\/pages\/11980\/revisions"}],"wp:attachment":[{"href":"https:\/\/duracelllights.com\/fr\/wp-json\/wp\/v2\/media?parent=11980"}],"curies":[{"name":"wp","href":"https:\/\/api.w.org\/{rel}","templated":true}]}}