{"id":11984,"date":"2020-05-14T15:03:44","date_gmt":"2020-05-14T15:03:44","guid":{"rendered":"https:\/\/duracelllights.com\/politique-de-confidentialite\/"},"modified":"2022-09-29T18:32:58","modified_gmt":"2022-09-29T18:32:58","slug":"politique-de-confidentialite","status":"publish","type":"page","link":"https:\/\/duracelllights.com\/fr\/politique-de-confidentialite\/","title":{"rendered":"Politique de confidentialit\u00e9"},"content":{"rendered":"<div class=\"wpb-content-wrapper\"><p>[vc_row][vc_column][vc_empty_space height=\u00a0\u00bb100px\u00a0\u00bb][vc_column_text]<\/p>\n<h2>Politique de confidentialit\u00e9 + Conditions d&rsquo;utilisation<\/h2>\n<p>Politique de confidentialit\u00e9 de Duracell Lights<\/p>\n<p>Mise \u00e0 jour : 6-18-2021<\/p>\n<p>La pr\u00e9sente politique de confidentialit\u00e9 (\u00ab\u00a0politique\u00a0\u00bb) vous aidera \u00e0 comprendre comment [[INIFINITY X1 LEGAL ENTITY NAME d\/b\/a DURACELL LIGHTS]INIFINITY X1 NOM DE L&rsquo;ENTIT\u00c9 L\u00c9GALE d\/b\/a DURACELL LIGHTS] (\u00ab\u00a0nous\u00a0\u00bb, \u00ab\u00a0notre\u00a0\u00bb, \u00ab\u00a0nos\u00a0\u00bb) utilise et prot\u00e8ge les donn\u00e9es que vous nous fournissez lorsque vous visitez et utilisez https:\/\/www.duracelllights.com (\u00ab\u00a0site Web\u00a0\u00bb, \u00ab\u00a0service\u00a0\u00bb). Les informations collect\u00e9es par le biais du site Web sont contr\u00f4l\u00e9es par INIFINITY X1 LEGAL ENTITY NAME d\/b\/a DURACELL LIGHTS] (\u00ab\u00a0nous\u00a0\u00bb, \u00ab\u00a0notre\u00a0\u00bb, \u00ab\u00a0nos\u00a0\u00bb), dont le si\u00e8ge social est situ\u00e9 aux \u00c9tats-Unis et dont l&rsquo;adresse postale est [3525 Del Mar Heights Road, Suite 867, San Diego, CA 92130].<\/p>\n<p>Nous nous r\u00e9servons le droit de modifier cette politique \u00e0 tout moment, et nous vous en informerons rapidement. Si vous voulez vous assurer que vous \u00eates au courant des derni\u00e8res modifications, nous vous conseillons de consulter fr\u00e9quemment cette page. Veuillez lire attentivement cette politique. Si vous n&rsquo;\u00eates pas d&rsquo;accord avec cette politique, veuillez ne pas utiliser le site web.<\/p>\n<p><strong>Quelles sont les donn\u00e9es de l&rsquo;utilisateur que nous collectons<\/strong><\/p>\n<p>Lorsque vous visitez le site web, nous pouvons recueillir les donn\u00e9es suivantes :<\/p>\n<ul>\n<li>Votre adresse IP, les caract\u00e9ristiques de votre navigateur, les identifiants de votre appareil, votre syst\u00e8me d&rsquo;exploitation, l&rsquo;\u00c9tat et le pays \u00e0 partir desquels vous avez acc\u00e9d\u00e9 au site web, les pages et URL de r\u00e9f\u00e9rence et de sortie, le type de plate-forme, le nombre de clics, les noms de domaine, les pages de destination, les pages consult\u00e9es, le temps pass\u00e9 sur ces pages, la date et l&rsquo;heure d&rsquo;utilisation du site web, les pr\u00e9f\u00e9rences linguistiques et des informations similaires.<\/li>\n<li>Informations de localisation : lorsque vous utilisez le site Web, nous et nos prestataires de services collectons des informations g\u00e9n\u00e9rales de localisation \u00e0 partir de votre ordinateur ou de votre appareil mobile. Les informations de localisation \u00ab\u00a0g\u00e9n\u00e9rales\u00a0\u00bb sont des informations sur la ville et l&rsquo;\u00c9tat dans lesquels votre appareil est situ\u00e9, sur la base de l&rsquo;adresse IP.<\/li>\n<li>Vos coordonn\u00e9es et votre adresse \u00e9lectronique si vous les avez fournies par le biais d&rsquo;un formulaire de contact sur le site Web, d&rsquo;une loterie ou d&rsquo;un concours. Lorsque vous nous \u00a0\u00bb aimez \u00a0\u00bb ou nous \u00a0\u00bb suivez \u00a0\u00bb sur Facebook, Instagram ou d&rsquo;autres sites de m\u00e9dias sociaux, nous pouvons recueillir certaines informations vous concernant, notamment votre nom, votre adresse \u00e9lectronique et tout commentaire ou contenu que vous publiez et qui nous concerne. Nous recueillons \u00e9galement vos informations si vous vous inscrivez \u00e0 l&rsquo;une de nos promotions ou si vous nous soumettez des informations par le biais des sites de m\u00e9dias sociaux.<\/li>\n<li>D&rsquo;autres informations telles que les int\u00e9r\u00eats et les pr\u00e9f\u00e9rences.<\/li>\n<li>Profil de donn\u00e9es concernant votre comportement en ligne sur notre site web, y compris l&rsquo;historique des transactions.<\/li>\n<\/ul>\n<p><strong>Comment nous utilisons vos donn\u00e9es<\/strong><\/p>\n<p>Nous collectons vos donn\u00e9es pour plusieurs raisons :<\/p>\n<ul>\n<li>Pour mieux comprendre vos besoins.<\/li>\n<li>Am\u00e9liorer nos services et nos produits.<\/li>\n<li>Pour personnaliser notre site web en fonction de votre comportement en ligne et de vos pr\u00e9f\u00e9rences personnelles.<\/li>\n<li>Pour r\u00e9pondre \u00e0 vos demandes d&rsquo;information et vous fournir un service \u00e0 la client\u00e8le plus efficace.<\/li>\n<li>Pour mener des op\u00e9rations commerciales internes \u00e0 l&rsquo;appui de notre site Web, telles que les ventes et le marketing, l&rsquo;analyse et la recherche et le d\u00e9veloppement.<\/li>\n<li>P Personnaliser le contenu, les pr\u00e9f\u00e9rences et la publicit\u00e9 sur le site Web et d&rsquo;autres services<\/li>\n<li>Nous pouvons \u00e9galement regrouper, d\u00e9personnaliser et\/ou rendre anonyme toute information collect\u00e9e par le biais du site Web de telle sorte que nous ne puissions pas raisonnablement relier les informations \u00e0 vous ou \u00e0 votre appareil. Nous pouvons utiliser ces informations agr\u00e9g\u00e9es, d\u00e9personnalis\u00e9es ou anonymes \u00e0 toutes fins, notamment \u00e0 des fins de recherche et de marketing.<\/li>\n<\/ul>\n<p><strong>Sauvegarde et s\u00e9curisation des donn\u00e9es<\/strong><\/p>\n<p>Nous avons fait tout ce qui est en notre pouvoir pour emp\u00eacher le vol, l&rsquo;acc\u00e8s non autoris\u00e9 et la divulgation des donn\u00e9es en mettant en \u0153uvre les technologies et les logiciels les plus r\u00e9cents, qui nous aident \u00e0 prot\u00e9ger toutes les informations que nous recueillons en ligne.<\/p>\n<p><strong>Liens vers d&rsquo;autres sites web<\/strong><\/p>\n<p>Notre site web contient des liens qui m\u00e8nent \u00e0 d&rsquo;autres sites web. Si vous cliquez sur ces liens, Duracell Lights n&rsquo;est pas responsable de la protection de vos donn\u00e9es et de votre vie priv\u00e9e. La visite de ces sites web n&rsquo;est pas r\u00e9gie par la pr\u00e9sente politique de confidentialit\u00e9. Veillez \u00e0 lire la documentation relative \u00e0 la politique de confidentialit\u00e9 du site web vers lequel vous vous dirigez \u00e0 partir de notre site web.<\/p>\n<p><strong>Comment nous partageons et divulguons vos donn\u00e9es personnelles<\/strong><\/p>\n<p>Duracell Lights ne louera ni ne vendra les informations que nous recueillons aupr\u00e8s de vous. Duracell Lights peut partager ces informations avec ses fournisseurs de services aux fins commerciales et op\u00e9rationnelles suivantes :<\/p>\n<ul>\n<li><em>Les prestataires de services :<\/em> Nous donnons acc\u00e8s \u00e0 vos informations ou les partageons avec des tiers s\u00e9lectionn\u00e9s qui fournissent des services en notre nom, tels que les ventes, le marketing, le contenu et les caract\u00e9ristiques des produits, la publicit\u00e9, l&rsquo;analyse, la recherche, le service client\u00e8le et les services juridiques.<\/li>\n<li><em>Fins op\u00e9rationnelles :<\/em>Nous pouvons divulguer les cat\u00e9gories d&rsquo;informations personnelles identifi\u00e9es dans la pr\u00e9sente politique de confidentialit\u00e9 concernant nos consommateurs californiens \u00e0 des fins op\u00e9rationnelles lorsque l&rsquo;utilisation de ces informations personnelles est raisonnablement n\u00e9cessaire et proportionn\u00e9e pour atteindre l&rsquo;objectif op\u00e9rationnel pour lequel les informations personnelles ont \u00e9t\u00e9 collect\u00e9es ou trait\u00e9es ou pour un autre objectif op\u00e9rationnel compatible avec le contexte dans lequel les informations personnelles ont \u00e9t\u00e9 collect\u00e9es.<\/li>\n<\/ul>\n<p><strong>Conservation de vos donn\u00e9es personnelles<\/strong><\/p>\n<p>Nous ne conservons vos informations que pendant la dur\u00e9e n\u00e9cessaire aux fins pour lesquelles elles sont trait\u00e9es. La dur\u00e9e de conservation des informations d\u00e9pend des objectifs pour lesquels nous les avons collect\u00e9es et utilis\u00e9es et\/ou de ce qui est requis pour se conformer aux lois en vigueur .<\/p>\n<p><strong>Marketing<\/strong><\/p>\n<p>Si nous sommes l\u00e9galement autoris\u00e9s \u00e0 vous envoyer des communications de marketing dans votre juridiction (sur la base de notre relation avec vous, de votre consentement ou de la loi en vigueur ), vous pouvez nous demander de ne pas utiliser vos coordonn\u00e9es pour vous contacter par courrier \u00e9lectronique, courrier postal ou t\u00e9l\u00e9phone au sujet de produits, services, promotions et \u00e9v\u00e9nements sp\u00e9ciaux susceptibles de vous int\u00e9resser en nous contactant aux coordonn\u00e9es fournies ci-dessous. Veuillez noter que, ind\u00e9pendamment de votre demande, nous pouvons toujours utiliser et partager certaines informations comme le permet la pr\u00e9sente politique de confidentialit\u00e9 ou comme l&rsquo;exige la loi en vigueur . Par exemple, vous ne pouvez pas refuser de recevoir certains courriels op\u00e9rationnels, tels que ceux qui refl\u00e8tent notre relation avec vous.<\/p>\n<p><strong>Politique de l&rsquo;enfance<\/strong><\/p>\n<p>Les services sont destin\u00e9s \u00e0 un public g\u00e9n\u00e9ral et non aux enfants. Si nous apprenons que nous avons recueilli des \u00ab\u00a0informations personnelles\u00a0\u00bb (telles que d\u00e9finies par la loi am\u00e9ricaine sur la protection de la vie priv\u00e9e en ligne des enfants) aupr\u00e8s d&rsquo;enfants de moins de 13 ans, ou de moins de 16 ans dans le cas d&rsquo;un r\u00e9sident de l&rsquo;UE, sans le consentement des parents, nous prendrons des mesures raisonnables pour les supprimer d\u00e8s que possible.<\/p>\n<p><strong>Comment nous prot\u00e9geons vos donn\u00e9es personnelles<\/strong><\/p>\n<p>Duracell Lights s&rsquo;engage \u00e0 s\u00e9curiser vos donn\u00e9es et \u00e0 en assurer la confidentialit\u00e9. Nous prenons des mesures pour prot\u00e9ger vos informations contre la destruction accidentelle ou ill\u00e9gale, la perte accidentelle, l&rsquo;alt\u00e9ration, la divulgation ou l&rsquo;acc\u00e8s non autoris\u00e9. Toutefois, aucune m\u00e9thode de transmission sur Internet, ni aucun moyen de stockage \u00e9lectronique ou physique, n&rsquo;est absolument s\u00fbr. En utilisant notre site Web, vous reconnaissez et acceptez que nous ne pouvons pas garantir la s\u00e9curit\u00e9 de vos informations transmises \u00e0, par, ou sur notre site Web et que toute transmission de ce type se fait \u00e0 vos propres risques.<\/p>\n<p>Informations de contact :<br \/>\nNOM DE L&rsquo;ENTIT\u00c9 L\u00c9GALE INIFINITY X1 d\/b\/a DURACELL LIGHTS<br \/>\nATTN : Confidentialit\u00e9<br \/>\n[3525 Del Mar Heights Road, Suite 867, San Diego, CA 92130}<\/p>\n<p>&nbsp;<\/p>\n<p>[\/vc_column_text][\/vc_column][\/vc_row]<\/p>\n<\/div>","protected":false},"excerpt":{"rendered":"<p>[vc_row][vc_column][vc_empty_space height=\u00a0\u00bb100px\u00a0\u00bb][vc_column_text] Politique de confidentialit\u00e9 + Conditions d&rsquo;utilisation Politique de confidentialit\u00e9 de Duracell Lights Mise \u00e0 jour : 6-18-2021 La pr\u00e9sente politique de confidentialit\u00e9 (\u00ab\u00a0politique\u00a0\u00bb) vous aidera \u00e0 comprendre comment [[INIFINITY X1 LEGAL ENTITY NAME d\/b\/a DURACELL LIGHTS]INIFINITY X1 NOM DE L&rsquo;ENTIT\u00c9 L\u00c9GALE d\/b\/a DURACELL LIGHTS] (\u00ab\u00a0nous\u00a0\u00bb, \u00ab\u00a0notre\u00a0\u00bb, \u00ab\u00a0nos\u00a0\u00bb) utilise et prot\u00e8ge les donn\u00e9es que [&hellip;]<\/p>\n","protected":false},"author":39,"featured_media":0,"parent":0,"menu_order":0,"comment_status":"closed","ping_status":"open","template":"","meta":{"_acf_changed":false,"footnotes":""},"class_list":["post-11984","page","type-page","status-publish","hentry"],"acf":[],"_links":{"self":[{"href":"https:\/\/duracelllights.com\/fr\/wp-json\/wp\/v2\/pages\/11984","targetHints":{"allow":["GET"]}}],"collection":[{"href":"https:\/\/duracelllights.com\/fr\/wp-json\/wp\/v2\/pages"}],"about":[{"href":"https:\/\/duracelllights.com\/fr\/wp-json\/wp\/v2\/types\/page"}],"author":[{"embeddable":true,"href":"https:\/\/duracelllights.com\/fr\/wp-json\/wp\/v2\/users\/39"}],"replies":[{"embeddable":true,"href":"https:\/\/duracelllights.com\/fr\/wp-json\/wp\/v2\/comments?post=11984"}],"version-history":[{"count":0,"href":"https:\/\/duracelllights.com\/fr\/wp-json\/wp\/v2\/pages\/11984\/revisions"}],"wp:attachment":[{"href":"https:\/\/duracelllights.com\/fr\/wp-json\/wp\/v2\/media?parent=11984"}],"curies":[{"name":"wp","href":"https:\/\/api.w.org\/{rel}","templated":true}]}}