{"id":12307,"date":"2022-11-07T20:50:38","date_gmt":"2022-11-07T20:50:38","guid":{"rendered":"https:\/\/duracelllights.com\/?post_type=product&#038;p=12307"},"modified":"2025-04-15T18:31:24","modified_gmt":"2025-04-15T18:31:24","slug":"lampe-de-poche-led-duracell-350-lumens-a-focalisation-en-aluminium","status":"publish","type":"product","link":"https:\/\/duracelllights.com\/fr\/produit\/lampe-de-poche-led-duracell-350-lumens-a-focalisation-en-aluminium\/","title":{"rendered":"Lampe de poche..."},"content":{"rendered":"<div class=\"wpb-content-wrapper\"><p>[vc_row full_width=\u00a0\u00bbstretch_row\u00a0\u00bb equal_height=\u00a0\u00bbyes\u00a0\u00bb][vc_column][vc_column_text]<\/p>\n<p style=\"text-align: center;\"><strong>350 Lumens<\/strong><br \/>\n<strong>Aluminium de qualit\u00e9 a\u00e9ronautique<\/strong><br \/>\n<strong>Aliment\u00e9e par 3 piles AAA (incluses).<\/strong><br \/>\n<strong>3 modes d&rsquo;\u00e9clairage<\/strong><br \/>\nHaut<br \/>\nFaible<br \/>\nmode stroboscopique<br \/>\n<strong>Lampe de poche de mise au point<\/strong><br \/>\n<strong>interrupteur \u00e0 capuchon arri\u00e8re<\/strong><\/p>\n<p>[\/vc_column_text][\/vc_column][\/vc_row]<\/p>\n<\/div>","protected":false},"excerpt":{"rendered":"<p><span style=\"font-weight: 400;\">Les activit\u00e9s les plus intenses n\u00e9cessitent des outils fiables. La lampe de poche LED \u00e0 focalisation Duracell est la compagne id\u00e9ale des chasseurs, des p\u00eacheurs et des aventuriers en tout genre. <\/span><\/p>\n","protected":false},"featured_media":10588,"template":"","meta":{"_acf_changed":false},"product_brand":[],"product_cat":[954],"product_tag":[990,958,970,959,957],"class_list":{"0":"post-12307","1":"product","2":"type-product","3":"status-publish","4":"has-post-thumbnail","6":"product_cat-lampes-de-poche","7":"product_tag-camping-fr","8":"product_tag-exterieur","9":"product_tag-maison","10":"product_tag-professionnels-entreprises","11":"product_tag-urgence","12":"pa_common-uses-accueil","13":"pa_common-uses-camping-fr","14":"pa_common-uses-exterieur","15":"pa_common-uses-urgence","17":"first","18":"instock","19":"taxable","20":"shipping-taxable","21":"product-type-external"},"acf":[],"_links":{"self":[{"href":"https:\/\/duracelllights.com\/fr\/wp-json\/wp\/v2\/product\/12307","targetHints":{"allow":["GET"]}}],"collection":[{"href":"https:\/\/duracelllights.com\/fr\/wp-json\/wp\/v2\/product"}],"about":[{"href":"https:\/\/duracelllights.com\/fr\/wp-json\/wp\/v2\/types\/product"}],"wp:featuredmedia":[{"embeddable":true,"href":"https:\/\/duracelllights.com\/fr\/wp-json\/wp\/v2\/media\/10588"}],"wp:attachment":[{"href":"https:\/\/duracelllights.com\/fr\/wp-json\/wp\/v2\/media?parent=12307"}],"wp:term":[{"taxonomy":"product_brand","embeddable":true,"href":"https:\/\/duracelllights.com\/fr\/wp-json\/wp\/v2\/product_brand?post=12307"},{"taxonomy":"product_cat","embeddable":true,"href":"https:\/\/duracelllights.com\/fr\/wp-json\/wp\/v2\/product_cat?post=12307"},{"taxonomy":"product_tag","embeddable":true,"href":"https:\/\/duracelllights.com\/fr\/wp-json\/wp\/v2\/product_tag?post=12307"}],"curies":[{"name":"wp","href":"https:\/\/api.w.org\/{rel}","templated":true}]}}