{"id":12309,"date":"2022-11-07T21:28:07","date_gmt":"2022-11-07T21:28:07","guid":{"rendered":"https:\/\/duracelllights.com\/?post_type=product&#038;p=12309"},"modified":"2025-04-15T18:31:28","modified_gmt":"2025-04-15T18:31:28","slug":"lampe-de-poche-a-led-duracell-550-lumen-en-aluminium-avec-mise-au-point-automatique","status":"publish","type":"product","link":"https:\/\/duracelllights.com\/fr\/produit\/lampe-de-poche-a-led-duracell-550-lumen-en-aluminium-avec-mise-au-point-automatique\/","title":{"rendered":"Lampe de poche..."},"content":{"rendered":"<div class=\"wpb-content-wrapper\"><p>[vc_row full_width=\u00a0\u00bbstretch_row\u00a0\u00bb equal_height=\u00a0\u00bbyes\u00a0\u00bb][vc_column][vc_column_text]<\/p>\n<p style=\"text-align: center;\"><strong>550 Lumen<\/strong><br \/>\n<strong>Aluminium de qualit\u00e9 a\u00e9ronautique<\/strong><br \/>\n<strong>Aliment\u00e9e par 3 piles AAA (incluses).<\/strong><br \/>\n<strong>3 modes d&rsquo;\u00e9clairage<\/strong><br \/>\nHaut<br \/>\nFaible<br \/>\nmode stroboscopique<br \/>\n<strong>Lampe de poche de mise au point<\/strong><br \/>\n<strong>interrupteur \u00e0 capuchon arri\u00e8re<\/strong><\/p>\n<p>[\/vc_column_text][\/vc_column][\/vc_row]<\/p>\n<\/div>","protected":false},"excerpt":{"rendered":"<p><span style=\"font-weight: 400;\">Les activit\u00e9s les plus intenses n\u00e9cessitent des outils fiables. La lampe de poche LED \u00e0 focalisation Duracell est le compagnon id\u00e9al des chasseurs, des p\u00eacheurs et des aventuriers en tout genre.<\/span><\/p>\n","protected":false},"featured_media":10602,"template":"","meta":{"_acf_changed":false},"product_brand":[],"product_cat":[954],"product_tag":[958,959,957],"class_list":{"0":"post-12309","1":"product","2":"type-product","3":"status-publish","4":"has-post-thumbnail","6":"product_cat-lampes-de-poche","7":"product_tag-exterieur","8":"product_tag-professionnels-entreprises","9":"product_tag-urgence","10":"pa_common-uses-accueil","11":"pa_common-uses-camping-fr","12":"pa_common-uses-exterieur","13":"pa_common-uses-professionnels-entreprises","14":"pa_common-uses-urgence","16":"first","17":"instock","18":"taxable","19":"shipping-taxable","20":"product-type-external"},"acf":[],"_links":{"self":[{"href":"https:\/\/duracelllights.com\/fr\/wp-json\/wp\/v2\/product\/12309","targetHints":{"allow":["GET"]}}],"collection":[{"href":"https:\/\/duracelllights.com\/fr\/wp-json\/wp\/v2\/product"}],"about":[{"href":"https:\/\/duracelllights.com\/fr\/wp-json\/wp\/v2\/types\/product"}],"wp:featuredmedia":[{"embeddable":true,"href":"https:\/\/duracelllights.com\/fr\/wp-json\/wp\/v2\/media\/10602"}],"wp:attachment":[{"href":"https:\/\/duracelllights.com\/fr\/wp-json\/wp\/v2\/media?parent=12309"}],"wp:term":[{"taxonomy":"product_brand","embeddable":true,"href":"https:\/\/duracelllights.com\/fr\/wp-json\/wp\/v2\/product_brand?post=12309"},{"taxonomy":"product_cat","embeddable":true,"href":"https:\/\/duracelllights.com\/fr\/wp-json\/wp\/v2\/product_cat?post=12309"},{"taxonomy":"product_tag","embeddable":true,"href":"https:\/\/duracelllights.com\/fr\/wp-json\/wp\/v2\/product_tag?post=12309"}],"curies":[{"name":"wp","href":"https:\/\/api.w.org\/{rel}","templated":true}]}}