{"id":12312,"date":"2022-11-08T15:42:05","date_gmt":"2022-11-08T15:42:05","guid":{"rendered":"https:\/\/duracelllights.com\/?post_type=product&#038;p=12312"},"modified":"2025-04-15T18:31:32","modified_gmt":"2025-04-15T18:31:32","slug":"lampe-de-poche-led-a-focalisation-en-aluminium-duracell-700","status":"publish","type":"product","link":"https:\/\/duracelllights.com\/fr\/produit\/lampe-de-poche-led-a-focalisation-en-aluminium-duracell-700\/","title":{"rendered":"Lampe de poche..."},"content":{"rendered":"<div class=\"wpb-content-wrapper\"><p>[vc_row full_width=\u00a0\u00bbstretch_row\u00a0\u00bb equal_height=\u00a0\u00bbyes\u00a0\u00bb][vc_column][vc_column_text]<\/p>\n<p style=\"text-align: center;\"><strong>700 Lumens<\/strong><br \/>\n<strong>Aluminium de qualit\u00e9 a\u00e9ronautique<\/strong><br \/>\n<strong>Aliment\u00e9e par 4 piles AAA (incluses).<\/strong><br \/>\n<strong>3 modes d&rsquo;\u00e9clairage<\/strong><br \/>\nHaut<br \/>\nFaible<br \/>\nmode stroboscopique<br \/>\n<strong>Lampe de poche de mise au point<\/strong><br \/>\n<strong>interrupteur \u00e0 capuchon arri\u00e8re<\/strong><\/p>\n<p>[\/vc_column_text][\/vc_column][\/vc_row]<\/p>\n<\/div>","protected":false},"excerpt":{"rendered":"<p><span style=\"font-weight: 400;\">Les 700 lumens de la puissante<\/span> lampe de poche focalis\u00e9e fournissent une lumi\u00e8re blanche brillante pour tous usages. Con\u00e7ue pour le camping, le plein air et les urgences. Faites confiance \u00e0 Duracell pour une alimentation et une lumi\u00e8re fiables dans toutes les situations.<\/p>\n","protected":false},"featured_media":10612,"template":"","meta":{"_acf_changed":false},"product_brand":[],"product_cat":[954],"product_tag":[958,959,957],"class_list":{"0":"post-12312","1":"product","2":"type-product","3":"status-publish","4":"has-post-thumbnail","6":"product_cat-lampes-de-poche","7":"product_tag-exterieur","8":"product_tag-professionnels-entreprises","9":"product_tag-urgence","10":"pa_common-uses-accueil","11":"pa_common-uses-camping-fr","12":"pa_common-uses-exterieur","13":"pa_common-uses-professionnels-entreprises","14":"pa_common-uses-urgence","16":"first","17":"instock","18":"taxable","19":"shipping-taxable","20":"product-type-external"},"acf":[],"_links":{"self":[{"href":"https:\/\/duracelllights.com\/fr\/wp-json\/wp\/v2\/product\/12312","targetHints":{"allow":["GET"]}}],"collection":[{"href":"https:\/\/duracelllights.com\/fr\/wp-json\/wp\/v2\/product"}],"about":[{"href":"https:\/\/duracelllights.com\/fr\/wp-json\/wp\/v2\/types\/product"}],"wp:featuredmedia":[{"embeddable":true,"href":"https:\/\/duracelllights.com\/fr\/wp-json\/wp\/v2\/media\/10612"}],"wp:attachment":[{"href":"https:\/\/duracelllights.com\/fr\/wp-json\/wp\/v2\/media?parent=12312"}],"wp:term":[{"taxonomy":"product_brand","embeddable":true,"href":"https:\/\/duracelllights.com\/fr\/wp-json\/wp\/v2\/product_brand?post=12312"},{"taxonomy":"product_cat","embeddable":true,"href":"https:\/\/duracelllights.com\/fr\/wp-json\/wp\/v2\/product_cat?post=12312"},{"taxonomy":"product_tag","embeddable":true,"href":"https:\/\/duracelllights.com\/fr\/wp-json\/wp\/v2\/product_tag?post=12312"}],"curies":[{"name":"wp","href":"https:\/\/api.w.org\/{rel}","templated":true}]}}