{"id":12317,"date":"2022-11-08T18:23:38","date_gmt":"2022-11-08T18:23:38","guid":{"rendered":"https:\/\/duracelllights.com\/?post_type=product&#038;p=12317"},"modified":"2025-04-15T18:29:57","modified_gmt":"2025-04-15T18:29:57","slug":"lampe-de-poche-led-a-focalisation-en-aluminium-duracell-2500","status":"publish","type":"product","link":"https:\/\/duracelllights.com\/fr\/produit\/lampe-de-poche-led-a-focalisation-en-aluminium-duracell-2500\/","title":{"rendered":"Lampe de poche..."},"content":{"rendered":"<div class=\"wpb-content-wrapper\"><p>[vc_row full_width=\u00a0\u00bbstretch_row\u00a0\u00bb equal_height=\u00a0\u00bbyes\u00a0\u00bb][vc_column][vc_column_text]<\/p>\n<p style=\"text-align: center;\"><strong>2500 Lumens<\/strong><br \/>\n<strong>Aluminium de qualit\u00e9 a\u00e9ronautique<\/strong><br \/>\n<strong>Aliment\u00e9e par 9 piles AA (incluses).<\/strong><br \/>\n<strong>3 modes d&rsquo;\u00e9clairage<\/strong><br \/>\nHaut<br \/>\nFaible<br \/>\nmode stroboscopique<br \/>\n<strong>Lampe de poche de mise au point<\/strong><br \/>\n<strong>interrupteur \u00e0 capuchon arri\u00e8re<\/strong><\/p>\n<p>[\/vc_column_text][\/vc_column][\/vc_row]<\/p>\n<\/div>","protected":false},"excerpt":{"rendered":"<p><span style=\"font-weight: 400;\">Voici la lampe la plus puissante de Duracell. Avec ses 2 500 lumens de lumi\u00e8re blanche brillante, la lampe de poche \u00e0 LED Focusing est id\u00e9ale pour les activit\u00e9s de plein air extr\u00eames, comme la recherche et le sauvetage et la chasse. Elle est \u00e9galement id\u00e9ale pour les activit\u00e9s de loisirs sur de grandes propri\u00e9t\u00e9s.<\/span><\/p>\n","protected":false},"featured_media":10670,"template":"","meta":{"_acf_changed":false},"product_brand":[],"product_cat":[954],"product_tag":[958,959,957],"class_list":{"0":"post-12317","1":"product","2":"type-product","3":"status-publish","4":"has-post-thumbnail","6":"product_cat-lampes-de-poche","7":"product_tag-exterieur","8":"product_tag-professionnels-entreprises","9":"product_tag-urgence","10":"pa_common-uses-exterieur","11":"pa_common-uses-professionnels-entreprises","12":"pa_common-uses-urgence","14":"first","15":"instock","16":"taxable","17":"shipping-taxable","18":"product-type-external"},"acf":[],"_links":{"self":[{"href":"https:\/\/duracelllights.com\/fr\/wp-json\/wp\/v2\/product\/12317","targetHints":{"allow":["GET"]}}],"collection":[{"href":"https:\/\/duracelllights.com\/fr\/wp-json\/wp\/v2\/product"}],"about":[{"href":"https:\/\/duracelllights.com\/fr\/wp-json\/wp\/v2\/types\/product"}],"wp:featuredmedia":[{"embeddable":true,"href":"https:\/\/duracelllights.com\/fr\/wp-json\/wp\/v2\/media\/10670"}],"wp:attachment":[{"href":"https:\/\/duracelllights.com\/fr\/wp-json\/wp\/v2\/media?parent=12317"}],"wp:term":[{"taxonomy":"product_brand","embeddable":true,"href":"https:\/\/duracelllights.com\/fr\/wp-json\/wp\/v2\/product_brand?post=12317"},{"taxonomy":"product_cat","embeddable":true,"href":"https:\/\/duracelllights.com\/fr\/wp-json\/wp\/v2\/product_cat?post=12317"},{"taxonomy":"product_tag","embeddable":true,"href":"https:\/\/duracelllights.com\/fr\/wp-json\/wp\/v2\/product_tag?post=12317"}],"curies":[{"name":"wp","href":"https:\/\/api.w.org\/{rel}","templated":true}]}}