{"id":12320,"date":"2022-11-08T19:02:16","date_gmt":"2022-11-08T19:02:16","guid":{"rendered":"https:\/\/duracelllights.com\/?post_type=product&#038;p=12320"},"modified":"2025-04-15T18:29:47","modified_gmt":"2025-04-15T18:29:47","slug":"lampe-de-poche-led-duracell-80-lumen-a-usage-intensif-en-caoutchouc","status":"publish","type":"product","link":"https:\/\/duracelllights.com\/fr\/produit\/lampe-de-poche-led-duracell-80-lumen-a-usage-intensif-en-caoutchouc\/","title":{"rendered":"Lampe de poche..."},"content":{"rendered":"<div class=\"wpb-content-wrapper\"><p>[vc_row full_width=\u00a0\u00bbstretch_row\u00a0\u00bb equal_height=\u00a0\u00bbyes\u00a0\u00bb][vc_column][vc_column_text]<\/p>\n<p style=\"text-align: center;\"><strong>80 Lumens<\/strong><br \/>\n<strong>Caoutchout\u00e9e et Durable<\/strong><br \/>\n<strong>Aliment\u00e9e par 2 piles AAA (incluses).<\/strong><br \/>\n<strong>Construction Robuste<\/strong><br \/>\n<strong>Prise en main confortable<\/strong><\/p>\n<p>[\/vc_column_text][\/vc_column][\/vc_row]<\/p>\n<\/div>","protected":false},"excerpt":{"rendered":"<p>Cette lampe de poche LED 80 lumens en caoutchouc \u00e0 usage intensif offre la durabilit\u00e9 et la qualit\u00e9 dont vous avez besoin dans un produit d&rsquo;\u00e9clairage. Le corps en caoutchouc est con\u00e7u pour une durabilit\u00e9 \u00e0 long terme avec une grande r\u00e9sistance aux chocs. Disponible \u00e9galement en version 100 lumens, ou achetez-les ensemble !<\/p>\n","protected":false},"featured_media":10875,"template":"","meta":{"_acf_changed":false},"product_brand":[],"product_cat":[954],"product_tag":[970,957],"class_list":{"0":"post-12320","1":"product","2":"type-product","3":"status-publish","4":"has-post-thumbnail","6":"product_cat-lampes-de-poche","7":"product_tag-maison","8":"product_tag-urgence","9":"pa_common-uses-accueil","10":"pa_common-uses-professionnels-entreprises","11":"pa_common-uses-urgence","13":"first","14":"instock","15":"taxable","16":"shipping-taxable","17":"product-type-external"},"acf":[],"_links":{"self":[{"href":"https:\/\/duracelllights.com\/fr\/wp-json\/wp\/v2\/product\/12320","targetHints":{"allow":["GET"]}}],"collection":[{"href":"https:\/\/duracelllights.com\/fr\/wp-json\/wp\/v2\/product"}],"about":[{"href":"https:\/\/duracelllights.com\/fr\/wp-json\/wp\/v2\/types\/product"}],"wp:featuredmedia":[{"embeddable":true,"href":"https:\/\/duracelllights.com\/fr\/wp-json\/wp\/v2\/media\/10875"}],"wp:attachment":[{"href":"https:\/\/duracelllights.com\/fr\/wp-json\/wp\/v2\/media?parent=12320"}],"wp:term":[{"taxonomy":"product_brand","embeddable":true,"href":"https:\/\/duracelllights.com\/fr\/wp-json\/wp\/v2\/product_brand?post=12320"},{"taxonomy":"product_cat","embeddable":true,"href":"https:\/\/duracelllights.com\/fr\/wp-json\/wp\/v2\/product_cat?post=12320"},{"taxonomy":"product_tag","embeddable":true,"href":"https:\/\/duracelllights.com\/fr\/wp-json\/wp\/v2\/product_tag?post=12320"}],"curies":[{"name":"wp","href":"https:\/\/api.w.org\/{rel}","templated":true}]}}