{"id":12321,"date":"2022-11-09T21:11:40","date_gmt":"2022-11-09T21:11:40","guid":{"rendered":"https:\/\/duracelllights.com\/?post_type=product&#038;p=12321"},"modified":"2025-04-15T18:29:41","modified_gmt":"2025-04-15T18:29:41","slug":"lampe-de-poche-led-duracell-100-lumen-a-usage-intensif-en-caoutchouc","status":"publish","type":"product","link":"https:\/\/duracelllights.com\/fr\/produit\/lampe-de-poche-led-duracell-100-lumen-a-usage-intensif-en-caoutchouc\/","title":{"rendered":"Lampe de poche..."},"content":{"rendered":"<div class=\"wpb-content-wrapper\"><p>[vc_row full_width=\u00a0\u00bbstretch_row\u00a0\u00bb equal_height=\u00a0\u00bbyes\u00a0\u00bb][vc_column][vc_column_text]<\/p>\n<p style=\"text-align: center;\"><strong>100 Lumens<\/strong><br \/>\n<strong>Caoutchout\u00e9e et Durable<\/strong><br \/>\n<strong>Aliment\u00e9e par 2 piles AA (incluses)<\/strong><br \/>\n<strong>Construction Robuste<\/strong><br \/>\n<strong>Prise en main confortable<\/strong><\/p>\n<p>[\/vc_column_text][\/vc_column][\/vc_row]<\/p>\n<\/div>","protected":false},"excerpt":{"rendered":"<p><span style=\"font-weight: 400;\">Cette lampe de poche LED 100 Lumen \u00e0 usage intensif est fabriqu\u00e9e en caoutchouc durable de haute qualit\u00e9 pour une r\u00e9sistance \u00e9lev\u00e9e aux chocs. La puissance de 100 lumens est parfaite pour une utilisation quotidienne. \u00c9galement disponible en 80 lumens, ou, achetez-les ensemble !<\/span><\/p>\n","protected":false},"featured_media":10893,"template":"","meta":{"_acf_changed":false},"product_brand":[],"product_cat":[954],"product_tag":[970,957],"class_list":{"0":"post-12321","1":"product","2":"type-product","3":"status-publish","4":"has-post-thumbnail","6":"product_cat-lampes-de-poche","7":"product_tag-maison","8":"product_tag-urgence","9":"pa_common-uses-accueil","10":"pa_common-uses-urgence","12":"first","13":"instock","14":"taxable","15":"shipping-taxable","16":"product-type-external"},"acf":[],"_links":{"self":[{"href":"https:\/\/duracelllights.com\/fr\/wp-json\/wp\/v2\/product\/12321","targetHints":{"allow":["GET"]}}],"collection":[{"href":"https:\/\/duracelllights.com\/fr\/wp-json\/wp\/v2\/product"}],"about":[{"href":"https:\/\/duracelllights.com\/fr\/wp-json\/wp\/v2\/types\/product"}],"wp:featuredmedia":[{"embeddable":true,"href":"https:\/\/duracelllights.com\/fr\/wp-json\/wp\/v2\/media\/10893"}],"wp:attachment":[{"href":"https:\/\/duracelllights.com\/fr\/wp-json\/wp\/v2\/media?parent=12321"}],"wp:term":[{"taxonomy":"product_brand","embeddable":true,"href":"https:\/\/duracelllights.com\/fr\/wp-json\/wp\/v2\/product_brand?post=12321"},{"taxonomy":"product_cat","embeddable":true,"href":"https:\/\/duracelllights.com\/fr\/wp-json\/wp\/v2\/product_cat?post=12321"},{"taxonomy":"product_tag","embeddable":true,"href":"https:\/\/duracelllights.com\/fr\/wp-json\/wp\/v2\/product_tag?post=12321"}],"curies":[{"name":"wp","href":"https:\/\/api.w.org\/{rel}","templated":true}]}}