{"id":12324,"date":"2022-11-09T21:50:56","date_gmt":"2022-11-09T21:50:56","guid":{"rendered":"https:\/\/duracelllights.com\/?post_type=product&#038;p=12324"},"modified":"2025-04-15T18:29:31","modified_gmt":"2025-04-15T18:29:31","slug":"lampe-de-poche-led-duracell-250-en-aluminium","status":"publish","type":"product","link":"https:\/\/duracelllights.com\/fr\/produit\/lampe-de-poche-led-duracell-250-en-aluminium\/","title":{"rendered":"Lampe de poche..."},"content":{"rendered":"<div class=\"wpb-content-wrapper\"><p>[vc_row full_width=\u00a0\u00bbstretch_row\u00a0\u00bb equal_height=\u00a0\u00bbyes\u00a0\u00bb][vc_column][vc_column_text]<\/p>\n<p style=\"text-align: center;\"><strong>250 Lumens<\/strong><br \/>\n<strong>Aluminium de qualit\u00e9 a\u00e9ronautique<\/strong><br \/>\n<strong>Aliment\u00e9e par 3 piles AAA (incluses).<\/strong><br \/>\n<strong>interrupteur \u00e0 capuchon arri\u00e8re<\/strong><\/p>\n<p>[\/vc_column_text][\/vc_column][\/vc_row]<\/p>\n<\/div>","protected":false},"excerpt":{"rendered":"<p class=\"p1\"><span class=\"s1\">Cette lampe de poche en aluminium \u00e0 LED de 250 lumens est durable, compacte et l\u00e9g\u00e8re. Avec une puissance de 250 lumens, elle fournit la lumi\u00e8re n\u00e9cessaire pour une utilisation quotidienne \u00e0 la maison ou pour des activit\u00e9s de plein air.<\/span><\/p>\n","protected":false},"featured_media":10853,"template":"","meta":{"_acf_changed":false},"product_brand":[],"product_cat":[954],"product_tag":[990,970,957],"class_list":{"0":"post-12324","1":"product","2":"type-product","3":"status-publish","4":"has-post-thumbnail","6":"product_cat-lampes-de-poche","7":"product_tag-camping-fr","8":"product_tag-maison","9":"product_tag-urgence","10":"pa_common-uses-accueil","11":"pa_common-uses-camping-fr","12":"pa_common-uses-urgence","14":"first","15":"instock","16":"taxable","17":"shipping-taxable","18":"product-type-external"},"acf":[],"_links":{"self":[{"href":"https:\/\/duracelllights.com\/fr\/wp-json\/wp\/v2\/product\/12324","targetHints":{"allow":["GET"]}}],"collection":[{"href":"https:\/\/duracelllights.com\/fr\/wp-json\/wp\/v2\/product"}],"about":[{"href":"https:\/\/duracelllights.com\/fr\/wp-json\/wp\/v2\/types\/product"}],"wp:featuredmedia":[{"embeddable":true,"href":"https:\/\/duracelllights.com\/fr\/wp-json\/wp\/v2\/media\/10853"}],"wp:attachment":[{"href":"https:\/\/duracelllights.com\/fr\/wp-json\/wp\/v2\/media?parent=12324"}],"wp:term":[{"taxonomy":"product_brand","embeddable":true,"href":"https:\/\/duracelllights.com\/fr\/wp-json\/wp\/v2\/product_brand?post=12324"},{"taxonomy":"product_cat","embeddable":true,"href":"https:\/\/duracelllights.com\/fr\/wp-json\/wp\/v2\/product_cat?post=12324"},{"taxonomy":"product_tag","embeddable":true,"href":"https:\/\/duracelllights.com\/fr\/wp-json\/wp\/v2\/product_tag?post=12324"}],"curies":[{"name":"wp","href":"https:\/\/api.w.org\/{rel}","templated":true}]}}