{"id":12325,"date":"2022-11-16T21:34:22","date_gmt":"2022-11-16T21:34:22","guid":{"rendered":"https:\/\/duracelllights.com\/?post_type=product&#038;p=12325"},"modified":"2025-04-15T18:27:23","modified_gmt":"2025-04-15T18:27:23","slug":"lanterne-led-flottante-duracell-500-lumen","status":"publish","type":"product","link":"https:\/\/duracelllights.com\/fr\/produit\/lanterne-led-flottante-duracell-500-lumen\/","title":{"rendered":"Lanterne LED flottante..."},"content":{"rendered":"<div class=\"wpb-content-wrapper\"><p>[vc_row full_width=\u00a0\u00bbstretch_row\u00a0\u00bb equal_height=\u00a0\u00bbyes\u00a0\u00bb][vc_column][vc_column_text]<\/p>\n<p style=\"text-align: center;\"><strong>500 Lumens<\/strong><br \/>\n<strong>Imperm\u00e9able \u00e0 l&rsquo;eau<\/strong><br \/>\n<strong>Flotte dans l&rsquo;eau<\/strong><br \/>\n<strong>Auto On dans l&rsquo;eau<\/strong><br \/>\n3 modes d&rsquo;\u00e9clairage<br \/>\nHaut<br \/>\nFaible<br \/>\nmode stroboscopique<br \/>\n<strong>Auto On dans l&rsquo;eau<\/strong><\/p>\n<p>[\/vc_column_text][\/vc_column][\/vc_row]<\/p>\n<\/div>","protected":false},"excerpt":{"rendered":"<p>La lanterne LED flottante Duracell 500 lumens peut tout faire ! <span style=\"font-weight: 400;\">De la flottaison dans l&rsquo;eau \u00e0 la capacit\u00e9 de voir \u00e0 360\u00b0. Parfaite pour les activit\u00e9s telles que le camping et la p\u00eache, ou pour les urgences, notamment les temp\u00eates.<\/span><\/p>\n","protected":false},"featured_media":10955,"template":"","meta":{"_acf_changed":false},"product_brand":[],"product_cat":[1000,1001],"product_tag":[990,958,970,957],"class_list":{"0":"post-12325","1":"product","2":"type-product","3":"status-publish","4":"has-post-thumbnail","6":"product_cat-h2o-eclairage","7":"product_cat-lanternes","8":"product_tag-camping-fr","9":"product_tag-exterieur","10":"product_tag-maison","11":"product_tag-urgence","12":"pa_common-uses-accueil","13":"pa_common-uses-camping-fr","14":"pa_common-uses-exterieur","15":"pa_common-uses-urgence","17":"first","18":"instock","19":"taxable","20":"shipping-taxable","21":"product-type-external"},"acf":[],"_links":{"self":[{"href":"https:\/\/duracelllights.com\/fr\/wp-json\/wp\/v2\/product\/12325","targetHints":{"allow":["GET"]}}],"collection":[{"href":"https:\/\/duracelllights.com\/fr\/wp-json\/wp\/v2\/product"}],"about":[{"href":"https:\/\/duracelllights.com\/fr\/wp-json\/wp\/v2\/types\/product"}],"wp:featuredmedia":[{"embeddable":true,"href":"https:\/\/duracelllights.com\/fr\/wp-json\/wp\/v2\/media\/10955"}],"wp:attachment":[{"href":"https:\/\/duracelllights.com\/fr\/wp-json\/wp\/v2\/media?parent=12325"}],"wp:term":[{"taxonomy":"product_brand","embeddable":true,"href":"https:\/\/duracelllights.com\/fr\/wp-json\/wp\/v2\/product_brand?post=12325"},{"taxonomy":"product_cat","embeddable":true,"href":"https:\/\/duracelllights.com\/fr\/wp-json\/wp\/v2\/product_cat?post=12325"},{"taxonomy":"product_tag","embeddable":true,"href":"https:\/\/duracelllights.com\/fr\/wp-json\/wp\/v2\/product_tag?post=12325"}],"curies":[{"name":"wp","href":"https:\/\/api.w.org\/{rel}","templated":true}]}}