{"id":12326,"date":"2022-11-10T18:38:41","date_gmt":"2022-11-10T18:38:41","guid":{"rendered":"https:\/\/duracelllights.com\/?post_type=product&#038;p=12326"},"modified":"2025-04-15T18:29:28","modified_gmt":"2025-04-15T18:29:28","slug":"lampe-de-poche-led-flottante-duracell-200-lumen","status":"publish","type":"product","link":"https:\/\/duracelllights.com\/fr\/produit\/lampe-de-poche-led-flottante-duracell-200-lumen\/","title":{"rendered":"Lampe de poche..."},"content":{"rendered":"<div class=\"wpb-content-wrapper\"><p>[vc_row full_width=\u00a0\u00bbstretch_row\u00a0\u00bb equal_height=\u00a0\u00bbyes\u00a0\u00bb][vc_column][vc_column_text]<\/p>\n<p style=\"text-align: center;\"><strong>200 Lumens<\/strong><br \/>\n<strong>Imperm\u00e9able \u00e0 l&rsquo;eau<\/strong><br \/>\n<strong>Flotte dans l&rsquo;eau<\/strong><br \/>\n<strong>Auto On dans l&rsquo;eau<\/strong><br \/>\n<strong>3 modes d&rsquo;\u00e9clairage<\/strong><br \/>\nHaut<br \/>\nFaible<br \/>\nmode stroboscopique<br \/>\n<strong>Auto On dans l&rsquo;eau<\/strong><\/p>\n<p>[\/vc_column_text][\/vc_column][\/vc_row]<\/p>\n<\/div>","protected":false},"excerpt":{"rendered":"<p><span style=\"font-weight: 400;\">La lampe de poche LED flottante de Duracell est con\u00e7ue pour r\u00e9sister aux \u00e9l\u00e9ments. Sa fonction d&rsquo;allumage automatique dans l&rsquo;eau signifie que, quelle que soit l&rsquo;activit\u00e9, la lampe de poche LED flottante vous rendra service.<\/span><\/p>\n","protected":false},"featured_media":10915,"template":"","meta":{"_acf_changed":false},"product_brand":[],"product_cat":[1000,954],"product_tag":[],"class_list":{"0":"post-12326","1":"product","2":"type-product","3":"status-publish","4":"has-post-thumbnail","6":"product_cat-h2o-eclairage","7":"product_cat-lampes-de-poche","8":"pa_common-uses-accueil","9":"pa_common-uses-camping-fr","10":"pa_common-uses-exterieur","11":"pa_common-uses-urgence","13":"first","14":"instock","15":"taxable","16":"shipping-taxable","17":"product-type-external"},"acf":[],"_links":{"self":[{"href":"https:\/\/duracelllights.com\/fr\/wp-json\/wp\/v2\/product\/12326","targetHints":{"allow":["GET"]}}],"collection":[{"href":"https:\/\/duracelllights.com\/fr\/wp-json\/wp\/v2\/product"}],"about":[{"href":"https:\/\/duracelllights.com\/fr\/wp-json\/wp\/v2\/types\/product"}],"wp:featuredmedia":[{"embeddable":true,"href":"https:\/\/duracelllights.com\/fr\/wp-json\/wp\/v2\/media\/10915"}],"wp:attachment":[{"href":"https:\/\/duracelllights.com\/fr\/wp-json\/wp\/v2\/media?parent=12326"}],"wp:term":[{"taxonomy":"product_brand","embeddable":true,"href":"https:\/\/duracelllights.com\/fr\/wp-json\/wp\/v2\/product_brand?post=12326"},{"taxonomy":"product_cat","embeddable":true,"href":"https:\/\/duracelllights.com\/fr\/wp-json\/wp\/v2\/product_cat?post=12326"},{"taxonomy":"product_tag","embeddable":true,"href":"https:\/\/duracelllights.com\/fr\/wp-json\/wp\/v2\/product_tag?post=12326"}],"curies":[{"name":"wp","href":"https:\/\/api.w.org\/{rel}","templated":true}]}}