{"id":12327,"date":"2022-11-10T19:45:32","date_gmt":"2022-11-10T19:45:32","guid":{"rendered":"https:\/\/duracelllights.com\/?post_type=product&#038;p=12327"},"modified":"2025-04-15T18:27:49","modified_gmt":"2025-04-15T18:27:49","slug":"lanterne-duracell-600-lumen-avec-eclairage-de-zone-a-180-360-degres","status":"publish","type":"product","link":"https:\/\/duracelllights.com\/fr\/produit\/lanterne-duracell-600-lumen-avec-eclairage-de-zone-a-180-360-degres\/","title":{"rendered":"Lanterne Duracell 600..."},"content":{"rendered":"<div class=\"wpb-content-wrapper\"><p>[vc_row full_width=\u00a0\u00bbstretch_row\u00a0\u00bb equal_height=\u00a0\u00bbyes\u00a0\u00bb][vc_column][vc_column_text]<\/p>\n<p style=\"text-align: center;\"><strong>600 Lumens<\/strong><br \/>\n<strong>4 modes d&rsquo;\u00e9clairage<\/strong><br \/>\nFaisceau \u00e9lev\u00e9 360 degr\u00e9s 600 lumens<br \/>\nMoyen 180 degr\u00e9s 300 lumens<br \/>\nFaisceau de croisement 360 degr\u00e9s 80 lumens<br \/>\nLumi\u00e8re Stroboscopique Rouge<br \/>\n<strong>Aliment\u00e9e par 3 piles AA (incluses).<\/strong><br \/>\n<strong>Accrochage par Mousqueton<\/strong><\/p>\n<p>[\/vc_column_text][\/vc_column][\/vc_row]<\/p>\n<\/div>","protected":false},"excerpt":{"rendered":"<p>La lanterne LED Duracell 600 Lumen apporte de la luminosit\u00e9 pour tous vos besoins d&rsquo;\u00e9clairage. Du camping aux urgences. Cette lanterne 600 Lumen offre des caract\u00e9ristiques avec plusieurs niveaux de lumi\u00e8re pour tous usages.<\/p>\n","protected":false},"featured_media":10977,"template":"","meta":{"_acf_changed":false},"product_brand":[],"product_cat":[1001],"product_tag":[990,958,970,957],"class_list":{"0":"post-12327","1":"product","2":"type-product","3":"status-publish","4":"has-post-thumbnail","6":"product_cat-lanternes","7":"product_tag-camping-fr","8":"product_tag-exterieur","9":"product_tag-maison","10":"product_tag-urgence","11":"pa_common-uses-accueil","12":"pa_common-uses-camping-fr","13":"pa_common-uses-exterieur","14":"pa_common-uses-urgence","16":"first","17":"instock","18":"taxable","19":"shipping-taxable","20":"product-type-external"},"acf":[],"_links":{"self":[{"href":"https:\/\/duracelllights.com\/fr\/wp-json\/wp\/v2\/product\/12327","targetHints":{"allow":["GET"]}}],"collection":[{"href":"https:\/\/duracelllights.com\/fr\/wp-json\/wp\/v2\/product"}],"about":[{"href":"https:\/\/duracelllights.com\/fr\/wp-json\/wp\/v2\/types\/product"}],"wp:featuredmedia":[{"embeddable":true,"href":"https:\/\/duracelllights.com\/fr\/wp-json\/wp\/v2\/media\/10977"}],"wp:attachment":[{"href":"https:\/\/duracelllights.com\/fr\/wp-json\/wp\/v2\/media?parent=12327"}],"wp:term":[{"taxonomy":"product_brand","embeddable":true,"href":"https:\/\/duracelllights.com\/fr\/wp-json\/wp\/v2\/product_brand?post=12327"},{"taxonomy":"product_cat","embeddable":true,"href":"https:\/\/duracelllights.com\/fr\/wp-json\/wp\/v2\/product_cat?post=12327"},{"taxonomy":"product_tag","embeddable":true,"href":"https:\/\/duracelllights.com\/fr\/wp-json\/wp\/v2\/product_tag?post=12327"}],"curies":[{"name":"wp","href":"https:\/\/api.w.org\/{rel}","templated":true}]}}