{"id":12328,"date":"2022-11-10T19:52:46","date_gmt":"2022-11-10T19:52:46","guid":{"rendered":"https:\/\/duracelllights.com\/?post_type=product&#038;p=12328"},"modified":"2025-04-15T18:27:47","modified_gmt":"2025-04-15T18:27:47","slug":"lampe-frontale-led-duracell-200-lumen","status":"publish","type":"product","link":"https:\/\/duracelllights.com\/fr\/produit\/lampe-frontale-led-duracell-200-lumen\/","title":{"rendered":"Lampe frontale LED..."},"content":{"rendered":"<div class=\"wpb-content-wrapper\"><p>[vc_row full_width=\u00a0\u00bbstretch_row\u00a0\u00bb equal_height=\u00a0\u00bbyes\u00a0\u00bb][vc_column][vc_column_text]<\/p>\n<p style=\"text-align: center;\"><strong>200 Lumens<\/strong><br \/>\n<strong>3 modes d&rsquo;\u00e9clairage<\/strong><br \/>\nMode \u00e9lev\u00e9<br \/>\nMode bas<br \/>\nMode Stroboscopique<br \/>\n<strong>Aliment\u00e9e par 3 piles AAA (incluses).<\/strong><br \/>\n<strong>Courroie confortable<\/strong><\/p>\n<p>[\/vc_column_text][\/vc_column][\/vc_row]<\/p>\n<\/div>","protected":false},"excerpt":{"rendered":"<p><span style=\"font-weight: 400;\">Travailler les mains libres n&rsquo;a jamais \u00e9t\u00e9 aussi facile, gr\u00e2ce \u00e0 la lampe frontale LED Duracell. Elle est \u00e9quip\u00e9e d&rsquo;un bandeau qui vous apporte un confort in\u00e9gal\u00e9, ce qui signifie que vos mains sont libres de faire, eh bien, ce qu&rsquo;elles veulent.<\/span><\/p>\n","protected":false},"featured_media":11072,"template":"","meta":{"_acf_changed":false},"product_brand":[],"product_cat":[942],"product_tag":[990,958,970,957],"class_list":{"0":"post-12328","1":"product","2":"type-product","3":"status-publish","4":"has-post-thumbnail","6":"product_cat-lampes-frontales","7":"product_tag-camping-fr","8":"product_tag-exterieur","9":"product_tag-maison","10":"product_tag-urgence","11":"pa_common-uses-accueil","12":"pa_common-uses-camping-fr","13":"pa_common-uses-exterieur","14":"pa_common-uses-urgence","16":"first","17":"instock","18":"taxable","19":"shipping-taxable","20":"product-type-external"},"acf":[],"_links":{"self":[{"href":"https:\/\/duracelllights.com\/fr\/wp-json\/wp\/v2\/product\/12328","targetHints":{"allow":["GET"]}}],"collection":[{"href":"https:\/\/duracelllights.com\/fr\/wp-json\/wp\/v2\/product"}],"about":[{"href":"https:\/\/duracelllights.com\/fr\/wp-json\/wp\/v2\/types\/product"}],"wp:featuredmedia":[{"embeddable":true,"href":"https:\/\/duracelllights.com\/fr\/wp-json\/wp\/v2\/media\/11072"}],"wp:attachment":[{"href":"https:\/\/duracelllights.com\/fr\/wp-json\/wp\/v2\/media?parent=12328"}],"wp:term":[{"taxonomy":"product_brand","embeddable":true,"href":"https:\/\/duracelllights.com\/fr\/wp-json\/wp\/v2\/product_brand?post=12328"},{"taxonomy":"product_cat","embeddable":true,"href":"https:\/\/duracelllights.com\/fr\/wp-json\/wp\/v2\/product_cat?post=12328"},{"taxonomy":"product_tag","embeddable":true,"href":"https:\/\/duracelllights.com\/fr\/wp-json\/wp\/v2\/product_tag?post=12328"}],"curies":[{"name":"wp","href":"https:\/\/api.w.org\/{rel}","templated":true}]}}