{"id":12332,"date":"2022-11-10T20:29:59","date_gmt":"2022-11-10T20:29:59","guid":{"rendered":"https:\/\/duracelllights.com\/?post_type=product&#038;p=12332"},"modified":"2025-04-15T18:27:36","modified_gmt":"2025-04-15T18:27:36","slug":"lampe-frontale-led-multifonctionnelle-duracell-450-lumen","status":"publish","type":"product","link":"https:\/\/duracelllights.com\/fr\/produit\/lampe-frontale-led-multifonctionnelle-duracell-450-lumen\/","title":{"rendered":"Lampe frontale LED..."},"content":{"rendered":"<div class=\"wpb-content-wrapper\"><p>[vc_row full_width=\u00a0\u00bbstretch_row\u00a0\u00bb equal_height=\u00a0\u00bbyes\u00a0\u00bb][vc_column][vc_column_text]<\/p>\n<p style=\"text-align: center;\"><strong>450 Lumens<\/strong><br \/>\n<strong>5 modes d&rsquo;\u00e9clairage<\/strong><br \/>\nMode High Spot + Inondation<br \/>\nMode inondation<br \/>\nVision Nocturne Rouge<br \/>\nVision Nocturne Verte<br \/>\nMode Stroboscopique Rouge<br \/>\n<strong>Courroie confortable<\/strong><\/p>\n<p>[\/vc_column_text][\/vc_column][\/vc_row]<\/p>\n<\/div>","protected":false},"excerpt":{"rendered":"<p>Cette lampe frontale Duracell 450 Lumen LED apporte un \u00e9clairage de haute intensit\u00e9 pour r\u00e9pondre \u00e0 tous vos besoins. Gr\u00e2ce \u00e0 ses modes polyvalents, vous disposerez d&rsquo;un \u00e9clairage optimal dans presque toutes les situations.<\/p>\n","protected":false},"featured_media":11158,"template":"","meta":{"_acf_changed":false},"product_brand":[],"product_cat":[942],"product_tag":[990,958,970,959],"class_list":{"0":"post-12332","1":"product","2":"type-product","3":"status-publish","4":"has-post-thumbnail","6":"product_cat-lampes-frontales","7":"product_tag-camping-fr","8":"product_tag-exterieur","9":"product_tag-maison","10":"product_tag-professionnels-entreprises","11":"pa_common-uses-accueil","12":"pa_common-uses-camping-fr","13":"pa_common-uses-exterieur","14":"pa_common-uses-professionnels-entreprises","15":"pa_common-uses-urgence","17":"first","18":"instock","19":"taxable","20":"shipping-taxable","21":"product-type-external"},"acf":[],"_links":{"self":[{"href":"https:\/\/duracelllights.com\/fr\/wp-json\/wp\/v2\/product\/12332","targetHints":{"allow":["GET"]}}],"collection":[{"href":"https:\/\/duracelllights.com\/fr\/wp-json\/wp\/v2\/product"}],"about":[{"href":"https:\/\/duracelllights.com\/fr\/wp-json\/wp\/v2\/types\/product"}],"wp:featuredmedia":[{"embeddable":true,"href":"https:\/\/duracelllights.com\/fr\/wp-json\/wp\/v2\/media\/11158"}],"wp:attachment":[{"href":"https:\/\/duracelllights.com\/fr\/wp-json\/wp\/v2\/media?parent=12332"}],"wp:term":[{"taxonomy":"product_brand","embeddable":true,"href":"https:\/\/duracelllights.com\/fr\/wp-json\/wp\/v2\/product_brand?post=12332"},{"taxonomy":"product_cat","embeddable":true,"href":"https:\/\/duracelllights.com\/fr\/wp-json\/wp\/v2\/product_cat?post=12332"},{"taxonomy":"product_tag","embeddable":true,"href":"https:\/\/duracelllights.com\/fr\/wp-json\/wp\/v2\/product_tag?post=12332"}],"curies":[{"name":"wp","href":"https:\/\/api.w.org\/{rel}","templated":true}]}}