{"id":12334,"date":"2022-11-10T20:54:33","date_gmt":"2022-11-10T20:54:33","guid":{"rendered":"https:\/\/duracelllights.com\/?post_type=product&#038;p=12334"},"modified":"2025-04-15T18:27:27","modified_gmt":"2025-04-15T18:27:27","slug":"lampe-stylo-duracell-100-lumen-avec-lumiere-laterale","status":"publish","type":"product","link":"https:\/\/duracelllights.com\/fr\/produit\/lampe-stylo-duracell-100-lumen-avec-lumiere-laterale\/","title":{"rendered":"Lampe stylo Duracell..."},"content":{"rendered":"<div class=\"wpb-content-wrapper\"><p>[vc_row full_width=\u00a0\u00bbstretch_row\u00a0\u00bb equal_height=\u00a0\u00bbyes\u00a0\u00bb][vc_column][vc_column_text]<\/p>\n<p style=\"text-align: center;\"><strong>100 Lumens<\/strong><br \/>\n<strong>4 modes d&rsquo;\u00e9clairage<\/strong><br \/>\nLumi\u00e8re parfaite 80 CRI<br \/>\nFaisceau lumineux lat\u00e9ral<br \/>\nFeux de route<br \/>\nFeux de croisement<br \/>\nmode stroboscopique<br \/>\n<strong>Clip de Poche<\/strong><\/p>\n<p>[\/vc_column_text][\/vc_column][\/vc_row]<\/p>\n<\/div>","protected":false},"excerpt":{"rendered":"<p class=\"p1\"><span class=\"s1\">La lampe-stylo \u00e0 LED Duracell 100 Lumen offre une visibilit\u00e9 claire pour toutes les applications. Cette lampe-stylo est <\/span><span class=\"s1\">compl\u00e9t\u00e9e par une lampe de zone lat\u00e9rale. Parfaite pour les inspections, les projets \u00e9lectriques ou l&rsquo;utilisation quotidienne.<\/span><\/p>\n","protected":false},"featured_media":11220,"template":"","meta":{"_acf_changed":false},"product_brand":[],"product_cat":[1046],"product_tag":[],"class_list":{"0":"post-12334","1":"product","2":"type-product","3":"status-publish","4":"has-post-thumbnail","6":"product_cat-lumieres-utilitaires","7":"pa_common-uses-accueil","8":"pa_common-uses-professionnels-entreprises","10":"first","11":"instock","12":"taxable","13":"shipping-taxable","14":"product-type-external"},"acf":[],"_links":{"self":[{"href":"https:\/\/duracelllights.com\/fr\/wp-json\/wp\/v2\/product\/12334","targetHints":{"allow":["GET"]}}],"collection":[{"href":"https:\/\/duracelllights.com\/fr\/wp-json\/wp\/v2\/product"}],"about":[{"href":"https:\/\/duracelllights.com\/fr\/wp-json\/wp\/v2\/types\/product"}],"wp:featuredmedia":[{"embeddable":true,"href":"https:\/\/duracelllights.com\/fr\/wp-json\/wp\/v2\/media\/11220"}],"wp:attachment":[{"href":"https:\/\/duracelllights.com\/fr\/wp-json\/wp\/v2\/media?parent=12334"}],"wp:term":[{"taxonomy":"product_brand","embeddable":true,"href":"https:\/\/duracelllights.com\/fr\/wp-json\/wp\/v2\/product_brand?post=12334"},{"taxonomy":"product_cat","embeddable":true,"href":"https:\/\/duracelllights.com\/fr\/wp-json\/wp\/v2\/product_cat?post=12334"},{"taxonomy":"product_tag","embeddable":true,"href":"https:\/\/duracelllights.com\/fr\/wp-json\/wp\/v2\/product_tag?post=12334"}],"curies":[{"name":"wp","href":"https:\/\/api.w.org\/{rel}","templated":true}]}}